{"id":4463,"date":"2021-10-19T16:51:00","date_gmt":"2021-10-19T13:51:00","guid":{"rendered":"https:\/\/www.finnvacum.fi\/?page_id=4463"},"modified":"2022-06-02T15:24:10","modified_gmt":"2022-06-02T12:24:10","slug":"rontgenutrustning","status":"publish","type":"page","link":"https:\/\/www.finnvacum.fi\/sv\/rontgenutrustning\/","title":{"rendered":"R\u00f6ntgenutrustning"},"content":{"rendered":"<section class=\"wp-block-uagb-columns uagb-columns__wrap uagb-columns__background-undefined uagb-columns__stack-mobile uagb-columns__valign-undefined uagb-columns__gap-10 alignundefined uagb-block-8bf808e7\"><div class=\"uagb-columns__overlay\"><\/div><div class=\"uagb-columns__inner-wrap uagb-columns__columns-2\">\n<div class=\"wp-block-uagb-column uagb-column__wrap uagb-column__background-undefined uagb-block-7cb415f6\"><div class=\"uagb-column__overlay\"><\/div><div class=\"uagb-column__inner-wrap\">\n<figure class=\"wp-block-image size-large\"><img loading=\"lazy\" decoding=\"async\" width=\"1024\" height=\"569\" src=\"https:\/\/www.finnvacum.fi\/wp-content\/uploads\/2021\/09\/Mettler-x3310-1024x569.jpg\" alt=\"\" class=\"wp-image-2882\" srcset=\"https:\/\/www.finnvacum.fi\/wp-content\/uploads\/2021\/09\/Mettler-x3310-1024x569.jpg 1024w, https:\/\/www.finnvacum.fi\/wp-content\/uploads\/2021\/09\/Mettler-x3310-300x167.jpg 300w, https:\/\/www.finnvacum.fi\/wp-content\/uploads\/2021\/09\/Mettler-x3310-768x427.jpg 768w, https:\/\/www.finnvacum.fi\/wp-content\/uploads\/2021\/09\/Mettler-x3310-600x334.jpg 600w, https:\/\/www.finnvacum.fi\/wp-content\/uploads\/2021\/09\/Mettler-x3310.jpg 1200w\" sizes=\"auto, (max-width: 1024px) 100vw, 1024px\" \/><\/figure>\n<\/div><\/div>\n\n\n\n<div class=\"wp-block-uagb-column uagb-column__wrap uagb-column__background-undefined uagb-block-443b1653\"><div class=\"uagb-column__overlay\"><\/div><div class=\"uagb-column__inner-wrap\">\n<p>Produkts\u00e4kerhetens betydelse v\u00e4xer st\u00e4ndigt inom livsmedelsbranschen. Till Finnvacums utbud h\u00f6r \u00e4ven tillf\u00f6rlitliga inspektionsapparater som fungerar med r\u00f6ntgenstr\u00e5lning. R\u00f6ntgenmaskinerna eller metalldetektorerna uppt\u00e4cker eventuella o\u00f6nskade ingredienser i produkterna och tar bort s\u00e5dana f\u00f6rpackningar fr\u00e5n linjen. <\/p>\n\n\n\n<p>Med inspektionsapparaterna s\u00e4kerst\u00e4ller man att produkten \u00e4r av h\u00f6gsta kvalitet och uppr\u00e4tth\u00e5ller varum\u00e4rkes oklanderliga rykte.<\/p>\n\n\n<div class=\"wp-block-image\">\n<figure class=\"alignleft size-full is-resized\"><a href=\"https:\/\/www.mt.com\/int\/en\/home.html\" target=\"_blank\" rel=\"noopener\"><img loading=\"lazy\" decoding=\"async\" src=\"https:\/\/www.finnvacum.fi\/wp-content\/uploads\/2021\/06\/mettler-toledo-logo.jpg\" alt=\"Mettler Toledo l\u00e4pivalaisulaitteet\" class=\"wp-image-415\" width=\"97\" height=\"56\" srcset=\"https:\/\/www.finnvacum.fi\/wp-content\/uploads\/2021\/06\/mettler-toledo-logo.jpg 350w, https:\/\/www.finnvacum.fi\/wp-content\/uploads\/2021\/06\/mettler-toledo-logo-300x174.jpg 300w\" sizes=\"auto, (max-width: 97px) 100vw, 97px\" \/><\/a><\/figure>\n<\/div>\n\n\n<p><\/p>\n<\/div><\/div>\n<\/div><\/section>\n\n\n\n<hr class=\"wp-block-separator has-css-opacity is-style-wide\"\/>\n\n\n\n<section class=\"wp-block-uagb-columns uagb-columns__wrap uagb-columns__background-undefined uagb-columns__stack-mobile uagb-columns__valign-undefined uagb-columns__gap-10 alignundefined uagb-block-32949e2a\"><div class=\"uagb-columns__overlay\"><\/div><div class=\"uagb-columns__inner-wrap uagb-columns__columns-2\">\n<div class=\"wp-block-uagb-column uagb-column__wrap uagb-column__background-undefined uagb-block-c7bd2595\"><div class=\"uagb-column__overlay\"><\/div><div class=\"uagb-column__inner-wrap\">\n<h2 class=\"wp-block-heading\">Produkts\u00e4kerhet och kvalitetskontroll<\/h2>\n\n\n\n<p>R\u00f6ntgen- och metalldetektorapparaterna \u00e4r s\u00e4rskilt utformade f\u00f6r att uppt\u00e4cka o\u00f6nskade fysiska f\u00f6roreningar i livsmedel, oavsett form och l\u00e4ge. R\u00f6ntgenskannrar som placeras i b\u00f6rjan av produktionslinjen avl\u00e4gsnar f\u00f6roreningar fr\u00e5n k\u00e4llan, vilket minskar p\u00e5 matsvinnet och ger kostnadsbesparingar. R\u00f6ntgenapparater kan anv\u00e4ndas i vilket skede som helst av tillverkningsprocessen eller i slutet av produktionslinjen.<\/p>\n\n\n\n<h3 class=\"wp-block-heading\">Vad kan r\u00f6ntgenapparaterna uppt\u00e4cka?<\/h3>\n\n\n\n<p>R\u00f6ntgenapparaterna \u00e4r mycket effektiva p\u00e5 att uppt\u00e4cka olika sorters fysiska orenheter, s\u00e5som alla metaller, glas, mineralsten, f\u00f6rkalkade ben, t\u00e4t plast och gummi. R\u00f6ntgensystemen kan \u00e4ven utf\u00f6ra ett brett urval av in-line kvalitetskontroller, f\u00f6r att f\u00f6rs\u00e4kra sig om produktens integritet. \u00c5tg\u00e4rderna omfattar exempelvis att m\u00e4ta massan, uppt\u00e4cka saknade eller trasiga delar, \u00f6vervaka fyllnadsniv\u00e5er, uppt\u00e4cka produkter som fastnat mellan f\u00f6rslutningsomr\u00e5det samt leta efter skadade produkter och f\u00f6rpackningar.<\/p>\n<\/div><\/div>\n\n\n\n<div class=\"wp-block-uagb-column uagb-column__wrap uagb-column__background-undefined uagb-block-fec35354\"><div class=\"uagb-column__overlay\"><\/div><div class=\"uagb-column__inner-wrap\">\n<div style=\"height:115px\" aria-hidden=\"true\" class=\"wp-block-spacer remove-spacing-mobile\"><\/div>\n\n\n\n<div class=\"su-youtube su-u-responsive-media-yes\"><iframe loading=\"lazy\" width=\"600\" height=\"400\" src=\"https:\/\/www.youtube.com\/embed\/nyMg7CK5eXQ?autohide=1&amp;autoplay=0&amp;mute=0&amp;controls=1&amp;fs=1&amp;loop=0&amp;modestbranding=1&amp;rel=0&amp;showinfo=1&amp;theme=dark&amp;wmode=&amp;playsinline=0\" frameborder=\"0\" allowfullscreen allow=\"autoplay; encrypted-media; picture-in-picture\" title=\"\"><\/iframe><\/div>\n\n\n\n<div style=\"height:15px\" aria-hidden=\"true\" class=\"wp-block-spacer\"><\/div>\n\n\n\n<p><strong>F\u00f6r mer information om r\u00f6ntgenapparater, bes\u00f6k v\u00e5r huvudmans webbplats eller <a href=\"https:\/\/www.finnvacum.fi\/sv\/kontakt\/\">kontakta oss \u203a<\/a>. Vi ber\u00e4ttar g\u00e4rna mer!<\/strong><\/p>\n\n\n\n<div class=\"wp-block-buttons buttons-vertical-align-middle is-horizontal is-content-justification-left is-layout-flex wp-container-core-buttons-is-layout-7e5fce0a wp-block-buttons-is-layout-flex\">\n<div class=\"wp-block-button is-style-primary smaller-blue-button\"><a class=\"wp-block-button__link\" href=\"https:\/\/www.mt.com\/int\/en\/home\/products\/Product-Inspection_1\/safeline-x-ray-inspection.html\" target=\"_blank\" rel=\"noreferrer noopener\"> R\u00f6ntgenapparater \u276f<\/a><\/div>\n\n\n\n<div class=\"wp-block-button is-style-primary smaller-blue-button\"><a class=\"wp-block-button__link\" href=\"https:\/\/www.mt.com\/int\/en\/home\/products\/Product-Inspection_1\/safeline-metal-detection.html\" target=\"_blank\" rel=\"noreferrer noopener\">Metalldetektorer \u276f<\/a><\/div>\n<\/div>\n\n\n\n<p><\/p>\n<\/div><\/div>\n<\/div><\/section>","protected":false},"excerpt":{"rendered":"","protected":false},"author":1,"featured_media":0,"parent":0,"menu_order":0,"comment_status":"closed","ping_status":"closed","template":"","meta":{"inline_featured_image":false,"neve_meta_sidebar":"full-width","neve_meta_container":"","neve_meta_enable_content_width":"on","neve_meta_content_width":100,"neve_meta_title_alignment":"","neve_meta_author_avatar":"","neve_post_elements_order":"","neve_meta_disable_header":"","neve_meta_disable_footer":"","neve_meta_disable_title":"","footnotes":""},"class_list":["post-4463","page","type-page","status-publish","hentry"],"yoast_head":"<!-- This site is optimized with the Yoast SEO plugin v25.1 - https:\/\/yoast.com\/wordpress\/plugins\/seo\/ -->\n<title>L\u00e4pivalaisulaitteet - Finnvacum<\/title>\n<meta name=\"robots\" content=\"index, follow, max-snippet:-1, max-image-preview:large, max-video-preview:-1\" \/>\n<link rel=\"canonical\" href=\"https:\/\/www.finnvacum.fi\/sv\/rontgenutrustning\/\" \/>\n<meta property=\"og:locale\" content=\"sv_SE\" \/>\n<meta property=\"og:type\" content=\"article\" \/>\n<meta property=\"og:title\" content=\"L\u00e4pivalaisulaitteet - Finnvacum\" \/>\n<meta property=\"og:url\" content=\"https:\/\/www.finnvacum.fi\/sv\/rontgenutrustning\/\" \/>\n<meta property=\"og:site_name\" content=\"Finnvacum\" \/>\n<meta property=\"article:publisher\" content=\"https:\/\/www.facebook.com\/finnvacum\/\" \/>\n<meta property=\"article:modified_time\" content=\"2022-06-02T12:24:10+00:00\" \/>\n<meta property=\"og:image\" content=\"https:\/\/www.finnvacum.fi\/wp-content\/uploads\/2021\/09\/Mettler-x3310-1024x569.jpg\" \/>\n<meta name=\"twitter:card\" content=\"summary_large_image\" \/>\n<meta name=\"twitter:label1\" content=\"Ber\u00e4knad l\u00e4stid\" \/>\n\t<meta name=\"twitter:data1\" content=\"1 minut\" \/>\n<script type=\"application\/ld+json\" class=\"yoast-schema-graph\">{\"@context\":\"https:\/\/schema.org\",\"@graph\":[{\"@type\":\"WebPage\",\"@id\":\"https:\/\/www.finnvacum.fi\/lapivalaisulaitteet\/\",\"url\":\"https:\/\/www.finnvacum.fi\/lapivalaisulaitteet\/\",\"name\":\"L\u00e4pivalaisulaitteet - Finnvacum\",\"isPartOf\":{\"@id\":\"https:\/\/www.finnvacum.fi\/#website\"},\"primaryImageOfPage\":{\"@id\":\"https:\/\/www.finnvacum.fi\/lapivalaisulaitteet\/#primaryimage\"},\"image\":{\"@id\":\"https:\/\/www.finnvacum.fi\/lapivalaisulaitteet\/#primaryimage\"},\"thumbnailUrl\":\"https:\/\/www.finnvacum.fi\/wp-content\/uploads\/2021\/09\/Mettler-x3310-1024x569.jpg\",\"datePublished\":\"2021-10-19T13:51:00+00:00\",\"dateModified\":\"2022-06-02T12:24:10+00:00\",\"breadcrumb\":{\"@id\":\"https:\/\/www.finnvacum.fi\/lapivalaisulaitteet\/#breadcrumb\"},\"inLanguage\":\"sv-SE\",\"potentialAction\":[{\"@type\":\"ReadAction\",\"target\":[\"https:\/\/www.finnvacum.fi\/lapivalaisulaitteet\/\"]}]},{\"@type\":\"ImageObject\",\"inLanguage\":\"sv-SE\",\"@id\":\"https:\/\/www.finnvacum.fi\/lapivalaisulaitteet\/#primaryimage\",\"url\":\"https:\/\/www.finnvacum.fi\/wp-content\/uploads\/2021\/09\/Mettler-x3310-1024x569.jpg\",\"contentUrl\":\"https:\/\/www.finnvacum.fi\/wp-content\/uploads\/2021\/09\/Mettler-x3310-1024x569.jpg\"},{\"@type\":\"BreadcrumbList\",\"@id\":\"https:\/\/www.finnvacum.fi\/lapivalaisulaitteet\/#breadcrumb\",\"itemListElement\":[{\"@type\":\"ListItem\",\"position\":1,\"name\":\"Etusivu\",\"item\":\"https:\/\/www.finnvacum.fi\/\"},{\"@type\":\"ListItem\",\"position\":2,\"name\":\"L\u00e4pivalaisulaitteet\"}]},{\"@type\":\"WebSite\",\"@id\":\"https:\/\/www.finnvacum.fi\/#website\",\"url\":\"https:\/\/www.finnvacum.fi\/\",\"name\":\"Finnvacum\",\"description\":\"Elintarviketeollisuuden koneet ja materiaalit\",\"publisher\":{\"@id\":\"https:\/\/www.finnvacum.fi\/#organization\"},\"potentialAction\":[{\"@type\":\"SearchAction\",\"target\":{\"@type\":\"EntryPoint\",\"urlTemplate\":\"https:\/\/www.finnvacum.fi\/?s={search_term_string}\"},\"query-input\":{\"@type\":\"PropertyValueSpecification\",\"valueRequired\":true,\"valueName\":\"search_term_string\"}}],\"inLanguage\":\"sv-SE\"},{\"@type\":\"Organization\",\"@id\":\"https:\/\/www.finnvacum.fi\/#organization\",\"name\":\"Finnvacum Oy Ab\",\"url\":\"https:\/\/www.finnvacum.fi\/\",\"logo\":{\"@type\":\"ImageObject\",\"inLanguage\":\"sv-SE\",\"@id\":\"https:\/\/www.finnvacum.fi\/#\/schema\/logo\/image\/\",\"url\":\"https:\/\/www.finnvacum.fi\/wp-content\/uploads\/2021\/05\/cropped-fv3to1.png\",\"contentUrl\":\"https:\/\/www.finnvacum.fi\/wp-content\/uploads\/2021\/05\/cropped-fv3to1.png\",\"width\":600,\"height\":150,\"caption\":\"Finnvacum Oy Ab\"},\"image\":{\"@id\":\"https:\/\/www.finnvacum.fi\/#\/schema\/logo\/image\/\"},\"sameAs\":[\"https:\/\/www.facebook.com\/finnvacum\/\",\"https:\/\/www.instagram.com\/finnvacum\/\",\"https:\/\/fi.linkedin.com\/company\/finnvacum-oy-ab\"]}]}<\/script>\n<!-- \/ Yoast SEO plugin. -->","yoast_head_json":{"title":"L\u00e4pivalaisulaitteet - Finnvacum","robots":{"index":"index","follow":"follow","max-snippet":"max-snippet:-1","max-image-preview":"max-image-preview:large","max-video-preview":"max-video-preview:-1"},"canonical":"https:\/\/www.finnvacum.fi\/sv\/rontgenutrustning\/","og_locale":"sv_SE","og_type":"article","og_title":"L\u00e4pivalaisulaitteet - Finnvacum","og_url":"https:\/\/www.finnvacum.fi\/sv\/rontgenutrustning\/","og_site_name":"Finnvacum","article_publisher":"https:\/\/www.facebook.com\/finnvacum\/","article_modified_time":"2022-06-02T12:24:10+00:00","og_image":[{"url":"https:\/\/www.finnvacum.fi\/wp-content\/uploads\/2021\/09\/Mettler-x3310-1024x569.jpg","type":"","width":"","height":""}],"twitter_card":"summary_large_image","twitter_misc":{"Ber\u00e4knad l\u00e4stid":"1 minut"},"schema":{"@context":"https:\/\/schema.org","@graph":[{"@type":"WebPage","@id":"https:\/\/www.finnvacum.fi\/lapivalaisulaitteet\/","url":"https:\/\/www.finnvacum.fi\/lapivalaisulaitteet\/","name":"L\u00e4pivalaisulaitteet - Finnvacum","isPartOf":{"@id":"https:\/\/www.finnvacum.fi\/#website"},"primaryImageOfPage":{"@id":"https:\/\/www.finnvacum.fi\/lapivalaisulaitteet\/#primaryimage"},"image":{"@id":"https:\/\/www.finnvacum.fi\/lapivalaisulaitteet\/#primaryimage"},"thumbnailUrl":"https:\/\/www.finnvacum.fi\/wp-content\/uploads\/2021\/09\/Mettler-x3310-1024x569.jpg","datePublished":"2021-10-19T13:51:00+00:00","dateModified":"2022-06-02T12:24:10+00:00","breadcrumb":{"@id":"https:\/\/www.finnvacum.fi\/lapivalaisulaitteet\/#breadcrumb"},"inLanguage":"sv-SE","potentialAction":[{"@type":"ReadAction","target":["https:\/\/www.finnvacum.fi\/lapivalaisulaitteet\/"]}]},{"@type":"ImageObject","inLanguage":"sv-SE","@id":"https:\/\/www.finnvacum.fi\/lapivalaisulaitteet\/#primaryimage","url":"https:\/\/www.finnvacum.fi\/wp-content\/uploads\/2021\/09\/Mettler-x3310-1024x569.jpg","contentUrl":"https:\/\/www.finnvacum.fi\/wp-content\/uploads\/2021\/09\/Mettler-x3310-1024x569.jpg"},{"@type":"BreadcrumbList","@id":"https:\/\/www.finnvacum.fi\/lapivalaisulaitteet\/#breadcrumb","itemListElement":[{"@type":"ListItem","position":1,"name":"Etusivu","item":"https:\/\/www.finnvacum.fi\/"},{"@type":"ListItem","position":2,"name":"L\u00e4pivalaisulaitteet"}]},{"@type":"WebSite","@id":"https:\/\/www.finnvacum.fi\/#website","url":"https:\/\/www.finnvacum.fi\/","name":"Finnvacum","description":"Elintarviketeollisuuden koneet ja materiaalit","publisher":{"@id":"https:\/\/www.finnvacum.fi\/#organization"},"potentialAction":[{"@type":"SearchAction","target":{"@type":"EntryPoint","urlTemplate":"https:\/\/www.finnvacum.fi\/?s={search_term_string}"},"query-input":{"@type":"PropertyValueSpecification","valueRequired":true,"valueName":"search_term_string"}}],"inLanguage":"sv-SE"},{"@type":"Organization","@id":"https:\/\/www.finnvacum.fi\/#organization","name":"Finnvacum Oy Ab","url":"https:\/\/www.finnvacum.fi\/","logo":{"@type":"ImageObject","inLanguage":"sv-SE","@id":"https:\/\/www.finnvacum.fi\/#\/schema\/logo\/image\/","url":"https:\/\/www.finnvacum.fi\/wp-content\/uploads\/2021\/05\/cropped-fv3to1.png","contentUrl":"https:\/\/www.finnvacum.fi\/wp-content\/uploads\/2021\/05\/cropped-fv3to1.png","width":600,"height":150,"caption":"Finnvacum Oy Ab"},"image":{"@id":"https:\/\/www.finnvacum.fi\/#\/schema\/logo\/image\/"},"sameAs":["https:\/\/www.facebook.com\/finnvacum\/","https:\/\/www.instagram.com\/finnvacum\/","https:\/\/fi.linkedin.com\/company\/finnvacum-oy-ab"]}]}},"uagb_featured_image_src":{"full":false,"thumbnail":false,"medium":false,"medium_large":false,"large":false,"1536x1536":false,"2048x2048":false,"trp-custom-language-flag":false,"neve-blog":false},"uagb_author_info":{"display_name":"Finnvacum","author_link":"https:\/\/www.finnvacum.fi\/sv\/author\/finnvacum\/"},"uagb_comment_info":0,"uagb_excerpt":null,"_links":{"self":[{"href":"https:\/\/www.finnvacum.fi\/sv\/wp-json\/wp\/v2\/pages\/4463","targetHints":{"allow":["GET"]}}],"collection":[{"href":"https:\/\/www.finnvacum.fi\/sv\/wp-json\/wp\/v2\/pages"}],"about":[{"href":"https:\/\/www.finnvacum.fi\/sv\/wp-json\/wp\/v2\/types\/page"}],"author":[{"embeddable":true,"href":"https:\/\/www.finnvacum.fi\/sv\/wp-json\/wp\/v2\/users\/1"}],"replies":[{"embeddable":true,"href":"https:\/\/www.finnvacum.fi\/sv\/wp-json\/wp\/v2\/comments?post=4463"}],"version-history":[{"count":3,"href":"https:\/\/www.finnvacum.fi\/sv\/wp-json\/wp\/v2\/pages\/4463\/revisions"}],"predecessor-version":[{"id":6969,"href":"https:\/\/www.finnvacum.fi\/sv\/wp-json\/wp\/v2\/pages\/4463\/revisions\/6969"}],"wp:attachment":[{"href":"https:\/\/www.finnvacum.fi\/sv\/wp-json\/wp\/v2\/media?parent=4463"}],"curies":[{"name":"wp","href":"https:\/\/api.w.org\/{rel}","templated":true}]}}