{"id":4285,"date":"2021-10-18T13:05:13","date_gmt":"2021-10-18T10:05:13","guid":{"rendered":"https:\/\/www.finnvacum.fi\/?page_id=4285"},"modified":"2023-02-16T17:32:02","modified_gmt":"2023-02-16T15:32:02","slug":"skyddsgasanordningar","status":"publish","type":"page","link":"https:\/\/www.finnvacum.fi\/sv\/skyddsgasanordningar\/","title":{"rendered":"Skyddsgasanordningar"},"content":{"rendered":"<section class=\"wp-block-uagb-columns uagb-columns__wrap uagb-columns__background-undefined uagb-columns__stack-mobile uagb-columns__valign-undefined uagb-columns__gap-10 alignundefined uagb-block-e616e2dc\"><div class=\"uagb-columns__overlay\"><\/div><div class=\"uagb-columns__inner-wrap uagb-columns__columns-2\">\n<div class=\"wp-block-uagb-column uagb-column__wrap uagb-column__background-undefined uagb-block-fcdc7391\"><div class=\"uagb-column__overlay\"><\/div><div class=\"uagb-column__inner-wrap\">\n<figure class=\"wp-block-image size-large\"><img loading=\"lazy\" decoding=\"async\" width=\"1024\" height=\"569\" src=\"https:\/\/www.finnvacum.fi\/wp-content\/uploads\/2021\/12\/MapMax-1024x569.jpg\" alt=\"\" class=\"wp-image-5369\" srcset=\"https:\/\/www.finnvacum.fi\/wp-content\/uploads\/2021\/12\/MapMax-1024x569.jpg 1024w, https:\/\/www.finnvacum.fi\/wp-content\/uploads\/2021\/12\/MapMax-300x167.jpg 300w, https:\/\/www.finnvacum.fi\/wp-content\/uploads\/2021\/12\/MapMax-768x427.jpg 768w, https:\/\/www.finnvacum.fi\/wp-content\/uploads\/2021\/12\/MapMax-600x334.jpg 600w, https:\/\/www.finnvacum.fi\/wp-content\/uploads\/2021\/12\/MapMax.jpg 1200w\" sizes=\"auto, (max-width: 1024px) 100vw, 1024px\" \/><\/figure>\n<\/div><\/div>\n\n\n\n<div class=\"wp-block-uagb-column uagb-column__wrap uagb-column__background-undefined uagb-block-db01dd94\"><div class=\"uagb-column__overlay\"><\/div><div class=\"uagb-column__inner-wrap\">\n<p>Alla v\u00e5ra maskiner kan levereras med praktiska tillbeh\u00f6r. F\u00f6r skyddsgasf\u00f6rpackningar finns det bl.a. l\u00e4ttanv\u00e4nda skyddsgasblandare och -analysatorer.<\/p>\n\n\n\n<p>Med skyddsgasf\u00f6rpackningar kan livsmedlet skyddas mot syrets negativa effekter med hj\u00e4lp av en modifierad atmosf\u00e4r (MAP). I f\u00f6rpackningar med modifierad atmosf\u00e4r ers\u00e4tts den syreinneh\u00e5llande luften med andra gaser, vanligtvis med blandningar av kv\u00e4ve och koldioxid.<\/p>\n\n\n\n<p>MAP, Modified Atmosphere Packaging  (f\u00f6rpackning i modifierad atmosf\u00e4r).<\/p>\n\n\n<div class=\"wp-block-image\">\n<figure class=\"alignleft size-full is-resized\"><a href=\"https:\/\/www.wittgas.com\/\" target=\"_blank\" rel=\"noopener\"><img loading=\"lazy\" decoding=\"async\" src=\"https:\/\/www.finnvacum.fi\/wp-content\/uploads\/2021\/06\/witt-logo.jpg\" alt=\"Witt suojakaasulaitteet\" class=\"wp-image-426\" width=\"175\" height=\"67\" srcset=\"https:\/\/www.finnvacum.fi\/wp-content\/uploads\/2021\/06\/witt-logo.jpg 350w, https:\/\/www.finnvacum.fi\/wp-content\/uploads\/2021\/06\/witt-logo-300x114.jpg 300w\" sizes=\"auto, (max-width: 175px) 100vw, 175px\" \/><\/a><\/figure>\n<\/div><\/div><\/div>\n<\/div><\/section>\n\n\n\n<hr class=\"wp-block-separator has-css-opacity is-style-wide\"\/>\n\n\n\n<section class=\"wp-block-uagb-columns uagb-columns__wrap uagb-columns__background-undefined uagb-columns__stack-mobile uagb-columns__valign-undefined uagb-columns__gap-10 alignundefined uagb-block-7a54b9cf\"><div class=\"uagb-columns__overlay\"><\/div><div class=\"uagb-columns__inner-wrap uagb-columns__columns-2\">\n<div class=\"wp-block-uagb-column uagb-column__wrap uagb-column__background-undefined uagb-block-3ed3608d\"><div class=\"uagb-column__overlay\"><\/div><div class=\"uagb-column__inner-wrap\">\n<h2 class=\"wp-block-heading\">L\u00e4ngre h\u00e5llbarhetstid f\u00f6r livsmedelsprodukter<\/h2>\n\n\n\n<p>Att bevara f\u00e4rskheten hos produkter som far illa, \u00e4r ett mycket viktigt steg i f\u00f6rpackningsprocessen inom livsmedelsindustrin. En modifierad atmosf\u00e4r ger livsmedlen l\u00e4ngre h\u00e5llbarhet, samt b\u00e4ttre och fr\u00e4schare smak, f\u00e4rg och form. Den modifierade atmosf\u00e4ren i en livsmedelsf\u00f6rpackning f\u00f6rhindrar tillv\u00e4xten av mikrobiologiska organismer och biokemiska reaktioner, vilket annars \u00e4r orsaker till att produkter far illa. Anv\u00e4ndning av skyddsgas \u00e4r en viktig del av noggrann kvalitetss\u00e4kring och \u00e4ven ett tillf\u00f6rlitligt samt kostnadseffektivt alternativ till frysning och konserveringsmedel.<\/p>\n\n\n\n<p>Apparater och system f\u00f6r t.ex. blandning, m\u00e4tning och analys av gaser finns tillg\u00e4ngliga f\u00f6r alla typer av f\u00f6rpackningsmaskiner som anv\u00e4nds inom livsmedelsindustrin. L\u00e4ckagedetektorer, med vilka man s\u00e4kerst\u00e4ller att f\u00f6rpackningarna \u00e4r t\u00e4ta, finns att f\u00e5 som manuella eller helautomatiska l\u00f6sningar. \u00c4ven vakuumf\u00f6rpackningar eller produkter utan koldioxid kan testas f\u00f6r att uppt\u00e4cka l\u00e4ckor.<\/p>\n\n\n\n<figure class=\"wp-block-image size-full\"><img loading=\"lazy\" decoding=\"async\" width=\"700\" height=\"468\" src=\"https:\/\/www.finnvacum.fi\/wp-content\/uploads\/2021\/12\/elintarvikepakkauksia.jpg\" alt=\"\" class=\"wp-image-5403\" srcset=\"https:\/\/www.finnvacum.fi\/wp-content\/uploads\/2021\/12\/elintarvikepakkauksia.jpg 700w, https:\/\/www.finnvacum.fi\/wp-content\/uploads\/2021\/12\/elintarvikepakkauksia-300x201.jpg 300w, https:\/\/www.finnvacum.fi\/wp-content\/uploads\/2021\/12\/elintarvikepakkauksia-600x401.jpg 600w\" sizes=\"auto, (max-width: 700px) 100vw, 700px\" \/><\/figure>\n\n\n\n<div style=\"height:15px\" aria-hidden=\"true\" class=\"wp-block-spacer\"><\/div>\n\n\n\n<p style=\"display: inline-block; color: #002496; margin-right: 10px; margin-bottom:0px; vertical-align: middle; font-weight: bold;\">Fr\u00e5gor om skyddsgasapparater?<\/p><div style=\"display: inline-block;\" class=\"wp-block-button is-style-secondary smaller-secondary-button\"><a href=\"https:\/\/www.finnvacum.fi\/sv\/kontakt\/\" class=\"wp-block-button__link\">Kontakta oss \u276f<\/a><\/div>\n<\/div><\/div>\n\n\n\n<div class=\"wp-block-uagb-column uagb-column__wrap uagb-column__background-undefined uagb-block-591bd4f1\"><div class=\"uagb-column__overlay\"><\/div><div class=\"uagb-column__inner-wrap\">\n<div style=\"height:110px\" aria-hidden=\"true\" class=\"wp-block-spacer small-spacing-mobile\"><\/div>\n\n\n<div class=\"su-tabs su-tabs-style-default su-tabs-mobile-stack su-tabs-vertical\" data-active=\"1\" data-scroll-offset=\"0\" data-anchor-in-url=\"no\"><div class=\"su-tabs-nav\"><span class=\"\" data-url=\"\" data-target=\"blank\" tabindex=\"0\" role=\"button\">Gasanalysatorer<\/span><span class=\"\" data-url=\"\" data-target=\"blank\" tabindex=\"0\" role=\"button\">Gasblandare<\/span><span class=\"\" data-anchor=\"vuototesterit\" data-url=\"\" data-target=\"blank\" tabindex=\"0\" role=\"button\">L\u00e4ckagedetektorer<\/span><\/div><div class=\"su-tabs-panes\"><div class=\"su-tabs-pane su-u-clearfix su-u-trim\" data-title=\"Kaasuanalysaattorit\">\n\n\n\n<div style=\"height:5px\" aria-hidden=\"true\" class=\"wp-block-spacer\"><\/div>\n\n\n\n<figure class=\"wp-block-image size-full is-resized\"><img loading=\"lazy\" decoding=\"async\" src=\"https:\/\/www.finnvacum.fi\/wp-content\/uploads\/2021\/10\/witt_kaasuanalysaattori_oxybaby.jpg\" alt=\"\" class=\"wp-image-4419\" width=\"201\" height=\"236\" srcset=\"https:\/\/www.finnvacum.fi\/wp-content\/uploads\/2021\/10\/witt_kaasuanalysaattori_oxybaby.jpg 427w, https:\/\/www.finnvacum.fi\/wp-content\/uploads\/2021\/10\/witt_kaasuanalysaattori_oxybaby-256x300.jpg 256w\" sizes=\"auto, (max-width: 201px) 100vw, 201px\" \/><\/figure>\n\n\n\n<h4 class=\"wp-block-heading\">En gasanalysator \u00f6vervakar gasblandningens korrekta sammans\u00e4ttning <\/h4>\n\n\n\n<p>En skyddsgasanalysator \u00e4r en v\u00e4sentlig del av kvalitetskontrollen i MAP-processen. Med den analyserar man v\u00e4rdena av kvarvarande syre, koldioxid och kv\u00e4ve i gasblandningen. Gasanalysatorerna \u00e4r v\u00e4ldigt noggranna, snabba och kr\u00e4ver endast en mycket liten m\u00e4ngd gas. All data loggas och kan arkiveras f\u00f6r dokumentation av kvalitetss\u00e4kringen.<\/p>\n\n\n\n<p>Gasanalysen kan utf\u00f6ras som en kontinuerlig analys under f\u00f6rpackningsprocessen eller separat efter f\u00f6rpackningsprocessen genom att ta ett prov. Vid kontinuerlig \u00f6vervakning integreras en fast analysatormodul i gasblandningssystemet, som kontinuerligt \u00f6vervakar gasblandningens sammans\u00e4ttning. Vid prov-alternativet anv\u00e4nder man en b\u00e4rbar gasanalysator som \u00e4r utrustad med en n\u00e5l, med vilken man tar ett gasprov fr\u00e5n f\u00f6rpackningen. <\/p>\n\n\n\n<div class=\"wp-block-buttons is-layout-flex wp-block-buttons-is-layout-flex\">\n<div class=\"wp-block-button is-style-primary smaller-blue-button\"><a class=\"wp-block-button__link wp-element-button\" href=\"https:\/\/www.wittgas.com\/us\/products\/gas-analyzers\/\" target=\"_blank\" rel=\"noreferrer noopener\">Gasanalysatorer \u276f\u276f<\/a><\/div>\n<\/div>\n\n\n\n<div style=\"height:13px\" aria-hidden=\"true\" class=\"wp-block-spacer\"><\/div>\n\n\n<\/div>\n<div class=\"su-tabs-pane su-u-clearfix su-u-trim\" data-title=\"Kaasusekoittajat\">\n\n\n\n<div style=\"height:5px\" aria-hidden=\"true\" class=\"wp-block-spacer\"><\/div>\n\n\n\n<figure class=\"wp-block-image size-full is-resized\"><img loading=\"lazy\" decoding=\"async\" src=\"https:\/\/www.finnvacum.fi\/wp-content\/uploads\/2021\/12\/witt_kaasusekoittaja_km100_3mem.jpg\" alt=\"\" class=\"wp-image-5357\" width=\"316\" height=\"207\" srcset=\"https:\/\/www.finnvacum.fi\/wp-content\/uploads\/2021\/12\/witt_kaasusekoittaja_km100_3mem.jpg 637w, https:\/\/www.finnvacum.fi\/wp-content\/uploads\/2021\/12\/witt_kaasusekoittaja_km100_3mem-300x196.jpg 300w, https:\/\/www.finnvacum.fi\/wp-content\/uploads\/2021\/12\/witt_kaasusekoittaja_km100_3mem-600x392.jpg 600w\" sizes=\"auto, (max-width: 316px) 100vw, 316px\" \/><\/figure>\n\n\n\n<div style=\"height:29px\" aria-hidden=\"true\" class=\"wp-block-spacer\"><\/div>\n\n\n\n<h4 class=\"wp-block-heading\">Med en gasblandare tillverkar man en valfri gasblandning<\/h4>\n\n\n\n<p>Vid framst\u00e4llningen av MAP-gasblandningar anv\u00e4nder man i de flesta fall gasblandare. Med dem kontrollerar man gasens kvalitet, f\u00f6r att kunna producera bakteriefria livsmedel med en l\u00e4ngre h\u00e5llbarhet. Med ett enda knapptryck kan man p\u00e5 f\u00f6rpackningslinjen snabbt tillverka en m\u00e4ngd olika blandningar enligt de krav som produkten som ska f\u00f6rpackas st\u00e4ller. <\/p>\n\n\n\n<p>Gasblandnings- och m\u00e4tningssystem finns f\u00f6r alla f\u00f6rpackningsmaskiner som anv\u00e4nds inom livsmedelsindustrin, oavsett om det r\u00f6r sig om vakuumf\u00f6rpacknings-, djupdragnings-, flowpack- eller kammarmaskiner.<\/p>\n\n\n\n<div class=\"wp-block-buttons is-layout-flex wp-block-buttons-is-layout-flex\">\n<div class=\"wp-block-button is-style-primary smaller-blue-button\"><a class=\"wp-block-button__link wp-element-button\" href=\"https:\/\/www.wittgas.com\/us\/products\/gas-mixers-gas-blenders\/\" target=\"_blank\" rel=\"noreferrer noopener\">Gasblandare \u276f\u276f<\/a><\/div>\n<\/div>\n\n\n\n<div style=\"height:13px\" aria-hidden=\"true\" class=\"wp-block-spacer\"><\/div>\n\n\n<\/div>\n<div class=\"su-tabs-pane su-u-clearfix su-u-trim\" data-title=\"Vuototesterit\">\n\n\n\n<div style=\"height:5px\" aria-hidden=\"true\" class=\"wp-block-spacer\"><\/div>\n\n\n\n<figure class=\"wp-block-image size-full is-resized\"><img loading=\"lazy\" decoding=\"async\" src=\"https:\/\/www.finnvacum.fi\/wp-content\/uploads\/2021\/10\/witt-vuototesteri.jpg\" alt=\"\" class=\"wp-image-4417\" width=\"270\" height=\"234\"\/><\/figure>\n\n\n\n<h4 class=\"wp-block-heading\">Med en l\u00e4ckagedetektor kontrollerar man att fogarna h\u00e5ller t\u00e4tt<\/h4>\n\n\n\n<p>Skyddsgaserna \u00e4r nyttiga endast om de h\u00e5lls kvar i f\u00f6rpackningen, s\u00e5 f\u00f6rpackningen m\u00e5ste d\u00e4rf\u00f6r vara helt t\u00e4t. Fel under fogningsprocessen eller i materialet kan l\u00e4tt leda till l\u00e4ckor, som kan vara mikroskopiskt sm\u00e5. Det \u00e4r allts\u00e5 en v\u00e4sentlig del av kvalitetskontrollen att uppt\u00e4cka l\u00e4ckage i f\u00f6rpackningar och att testa h\u00e5llbarheten hos f\u00f6rpackningens fogar. <\/p>\n\n\n\n<p>L\u00e4ckagedetektorer anv\u00e4nds f\u00f6r att uppt\u00e4cka l\u00e4ckor i alla typer av livsmedelsf\u00f6rpackningar, oavsett om det r\u00f6r sig om skyddsgas- eller vakuumf\u00f6rpackningar. Det finns olika anordningar f\u00f6r att uppt\u00e4cka l\u00e4ckage i f\u00f6rpackningar, f\u00f6r slumpm\u00e4ssiga tester eller in-line-tester - antingen baserat p\u00e5 CO<sub>2<\/sub>-detektering eller bubbelprov i ett vattenbad. L\u00e4ckagedetektorer uppt\u00e4cker \u00e4ven de allra minsta l\u00e4ckorna p\u00e5 ett tillf\u00f6rlitligt s\u00e4tt. Testerna kan registreras digitalt och dokumenteras som bevis p\u00e5 produkts\u00e4kerheten.<\/p>\n\n\n\n<div class=\"wp-block-buttons is-layout-flex wp-block-buttons-is-layout-flex\">\n<div class=\"wp-block-button is-style-primary smaller-blue-button\"><a class=\"wp-block-button__link wp-element-button\" href=\"https:\/\/www.wittgas.com\/us\/products\/package-leak-detectors\/\" target=\"_blank\" rel=\"noreferrer noopener\">L\u00e4ckagedetektorer \u276f\u276f<\/a><\/div>\n\n\n\n<div class=\"wp-block-button is-style-primary smaller-blue-button\"><a class=\"wp-block-button__link wp-element-button\" href=\"https:\/\/www.wittgas.com\/us\/products\/package-leak-detectors\/inline-mapmax\/\" target=\"_blank\" rel=\"noreferrer noopener\">MAPMAX-linjemaskiner  \u276f\u276f<\/a><\/div>\n<\/div>\n\n\n\n<div style=\"height:13px\" aria-hidden=\"true\" class=\"wp-block-spacer\"><\/div>\n\n\n<\/div><\/div><\/div>\n<\/div><\/div>\n<\/div><\/section>","protected":false},"excerpt":{"rendered":"","protected":false},"author":1,"featured_media":0,"parent":0,"menu_order":0,"comment_status":"closed","ping_status":"closed","template":"","meta":{"inline_featured_image":false,"neve_meta_sidebar":"full-width","neve_meta_container":"","neve_meta_enable_content_width":"on","neve_meta_content_width":100,"neve_meta_title_alignment":"","neve_meta_author_avatar":"","neve_post_elements_order":"","neve_meta_disable_header":"","neve_meta_disable_footer":"","neve_meta_disable_title":"","footnotes":""},"class_list":["post-4285","page","type-page","status-publish","hentry"],"yoast_head":"<!-- This site is optimized with the Yoast SEO plugin v25.1 - https:\/\/yoast.com\/wordpress\/plugins\/seo\/ -->\n<title>Suojakaasulaitteet - Finnvacum<\/title>\n<meta name=\"robots\" content=\"index, follow, max-snippet:-1, max-image-preview:large, max-video-preview:-1\" \/>\n<link rel=\"canonical\" href=\"https:\/\/www.finnvacum.fi\/sv\/skyddsgasanordningar\/\" \/>\n<meta property=\"og:locale\" content=\"sv_SE\" \/>\n<meta property=\"og:type\" content=\"article\" \/>\n<meta property=\"og:title\" content=\"Suojakaasulaitteet - Finnvacum\" \/>\n<meta property=\"og:url\" content=\"https:\/\/www.finnvacum.fi\/sv\/skyddsgasanordningar\/\" \/>\n<meta property=\"og:site_name\" content=\"Finnvacum\" \/>\n<meta property=\"article:publisher\" content=\"https:\/\/www.facebook.com\/finnvacum\/\" \/>\n<meta property=\"article:modified_time\" content=\"2023-02-16T15:32:02+00:00\" \/>\n<meta property=\"og:image\" content=\"https:\/\/www.finnvacum.fi\/wp-content\/uploads\/2021\/12\/MapMax-1024x569.jpg\" \/>\n<meta name=\"twitter:card\" content=\"summary_large_image\" \/>\n<meta name=\"twitter:label1\" content=\"Ber\u00e4knad l\u00e4stid\" \/>\n\t<meta name=\"twitter:data1\" content=\"2 minuter\" \/>\n<script type=\"application\/ld+json\" class=\"yoast-schema-graph\">{\"@context\":\"https:\/\/schema.org\",\"@graph\":[{\"@type\":\"WebPage\",\"@id\":\"https:\/\/www.finnvacum.fi\/suojakaasulaitteet\/\",\"url\":\"https:\/\/www.finnvacum.fi\/suojakaasulaitteet\/\",\"name\":\"Suojakaasulaitteet - Finnvacum\",\"isPartOf\":{\"@id\":\"https:\/\/www.finnvacum.fi\/#website\"},\"primaryImageOfPage\":{\"@id\":\"https:\/\/www.finnvacum.fi\/suojakaasulaitteet\/#primaryimage\"},\"image\":{\"@id\":\"https:\/\/www.finnvacum.fi\/suojakaasulaitteet\/#primaryimage\"},\"thumbnailUrl\":\"https:\/\/www.finnvacum.fi\/wp-content\/uploads\/2021\/12\/MapMax-1024x569.jpg\",\"datePublished\":\"2021-10-18T10:05:13+00:00\",\"dateModified\":\"2023-02-16T15:32:02+00:00\",\"breadcrumb\":{\"@id\":\"https:\/\/www.finnvacum.fi\/suojakaasulaitteet\/#breadcrumb\"},\"inLanguage\":\"sv-SE\",\"potentialAction\":[{\"@type\":\"ReadAction\",\"target\":[\"https:\/\/www.finnvacum.fi\/suojakaasulaitteet\/\"]}]},{\"@type\":\"ImageObject\",\"inLanguage\":\"sv-SE\",\"@id\":\"https:\/\/www.finnvacum.fi\/suojakaasulaitteet\/#primaryimage\",\"url\":\"https:\/\/www.finnvacum.fi\/wp-content\/uploads\/2021\/12\/MapMax-1024x569.jpg\",\"contentUrl\":\"https:\/\/www.finnvacum.fi\/wp-content\/uploads\/2021\/12\/MapMax-1024x569.jpg\"},{\"@type\":\"BreadcrumbList\",\"@id\":\"https:\/\/www.finnvacum.fi\/suojakaasulaitteet\/#breadcrumb\",\"itemListElement\":[{\"@type\":\"ListItem\",\"position\":1,\"name\":\"Etusivu\",\"item\":\"https:\/\/www.finnvacum.fi\/\"},{\"@type\":\"ListItem\",\"position\":2,\"name\":\"Suojakaasulaitteet\"}]},{\"@type\":\"WebSite\",\"@id\":\"https:\/\/www.finnvacum.fi\/#website\",\"url\":\"https:\/\/www.finnvacum.fi\/\",\"name\":\"Finnvacum\",\"description\":\"Elintarviketeollisuuden koneet ja materiaalit\",\"publisher\":{\"@id\":\"https:\/\/www.finnvacum.fi\/#organization\"},\"potentialAction\":[{\"@type\":\"SearchAction\",\"target\":{\"@type\":\"EntryPoint\",\"urlTemplate\":\"https:\/\/www.finnvacum.fi\/?s={search_term_string}\"},\"query-input\":{\"@type\":\"PropertyValueSpecification\",\"valueRequired\":true,\"valueName\":\"search_term_string\"}}],\"inLanguage\":\"sv-SE\"},{\"@type\":\"Organization\",\"@id\":\"https:\/\/www.finnvacum.fi\/#organization\",\"name\":\"Finnvacum Oy Ab\",\"url\":\"https:\/\/www.finnvacum.fi\/\",\"logo\":{\"@type\":\"ImageObject\",\"inLanguage\":\"sv-SE\",\"@id\":\"https:\/\/www.finnvacum.fi\/#\/schema\/logo\/image\/\",\"url\":\"https:\/\/www.finnvacum.fi\/wp-content\/uploads\/2021\/05\/cropped-fv3to1.png\",\"contentUrl\":\"https:\/\/www.finnvacum.fi\/wp-content\/uploads\/2021\/05\/cropped-fv3to1.png\",\"width\":600,\"height\":150,\"caption\":\"Finnvacum Oy Ab\"},\"image\":{\"@id\":\"https:\/\/www.finnvacum.fi\/#\/schema\/logo\/image\/\"},\"sameAs\":[\"https:\/\/www.facebook.com\/finnvacum\/\",\"https:\/\/www.instagram.com\/finnvacum\/\",\"https:\/\/fi.linkedin.com\/company\/finnvacum-oy-ab\"]}]}<\/script>\n<!-- \/ Yoast SEO plugin. -->","yoast_head_json":{"title":"Suojakaasulaitteet - Finnvacum","robots":{"index":"index","follow":"follow","max-snippet":"max-snippet:-1","max-image-preview":"max-image-preview:large","max-video-preview":"max-video-preview:-1"},"canonical":"https:\/\/www.finnvacum.fi\/sv\/skyddsgasanordningar\/","og_locale":"sv_SE","og_type":"article","og_title":"Suojakaasulaitteet - Finnvacum","og_url":"https:\/\/www.finnvacum.fi\/sv\/skyddsgasanordningar\/","og_site_name":"Finnvacum","article_publisher":"https:\/\/www.facebook.com\/finnvacum\/","article_modified_time":"2023-02-16T15:32:02+00:00","og_image":[{"url":"https:\/\/www.finnvacum.fi\/wp-content\/uploads\/2021\/12\/MapMax-1024x569.jpg","type":"","width":"","height":""}],"twitter_card":"summary_large_image","twitter_misc":{"Ber\u00e4knad l\u00e4stid":"2 minuter"},"schema":{"@context":"https:\/\/schema.org","@graph":[{"@type":"WebPage","@id":"https:\/\/www.finnvacum.fi\/suojakaasulaitteet\/","url":"https:\/\/www.finnvacum.fi\/suojakaasulaitteet\/","name":"Suojakaasulaitteet - Finnvacum","isPartOf":{"@id":"https:\/\/www.finnvacum.fi\/#website"},"primaryImageOfPage":{"@id":"https:\/\/www.finnvacum.fi\/suojakaasulaitteet\/#primaryimage"},"image":{"@id":"https:\/\/www.finnvacum.fi\/suojakaasulaitteet\/#primaryimage"},"thumbnailUrl":"https:\/\/www.finnvacum.fi\/wp-content\/uploads\/2021\/12\/MapMax-1024x569.jpg","datePublished":"2021-10-18T10:05:13+00:00","dateModified":"2023-02-16T15:32:02+00:00","breadcrumb":{"@id":"https:\/\/www.finnvacum.fi\/suojakaasulaitteet\/#breadcrumb"},"inLanguage":"sv-SE","potentialAction":[{"@type":"ReadAction","target":["https:\/\/www.finnvacum.fi\/suojakaasulaitteet\/"]}]},{"@type":"ImageObject","inLanguage":"sv-SE","@id":"https:\/\/www.finnvacum.fi\/suojakaasulaitteet\/#primaryimage","url":"https:\/\/www.finnvacum.fi\/wp-content\/uploads\/2021\/12\/MapMax-1024x569.jpg","contentUrl":"https:\/\/www.finnvacum.fi\/wp-content\/uploads\/2021\/12\/MapMax-1024x569.jpg"},{"@type":"BreadcrumbList","@id":"https:\/\/www.finnvacum.fi\/suojakaasulaitteet\/#breadcrumb","itemListElement":[{"@type":"ListItem","position":1,"name":"Etusivu","item":"https:\/\/www.finnvacum.fi\/"},{"@type":"ListItem","position":2,"name":"Suojakaasulaitteet"}]},{"@type":"WebSite","@id":"https:\/\/www.finnvacum.fi\/#website","url":"https:\/\/www.finnvacum.fi\/","name":"Finnvacum","description":"Elintarviketeollisuuden koneet ja materiaalit","publisher":{"@id":"https:\/\/www.finnvacum.fi\/#organization"},"potentialAction":[{"@type":"SearchAction","target":{"@type":"EntryPoint","urlTemplate":"https:\/\/www.finnvacum.fi\/?s={search_term_string}"},"query-input":{"@type":"PropertyValueSpecification","valueRequired":true,"valueName":"search_term_string"}}],"inLanguage":"sv-SE"},{"@type":"Organization","@id":"https:\/\/www.finnvacum.fi\/#organization","name":"Finnvacum Oy Ab","url":"https:\/\/www.finnvacum.fi\/","logo":{"@type":"ImageObject","inLanguage":"sv-SE","@id":"https:\/\/www.finnvacum.fi\/#\/schema\/logo\/image\/","url":"https:\/\/www.finnvacum.fi\/wp-content\/uploads\/2021\/05\/cropped-fv3to1.png","contentUrl":"https:\/\/www.finnvacum.fi\/wp-content\/uploads\/2021\/05\/cropped-fv3to1.png","width":600,"height":150,"caption":"Finnvacum Oy Ab"},"image":{"@id":"https:\/\/www.finnvacum.fi\/#\/schema\/logo\/image\/"},"sameAs":["https:\/\/www.facebook.com\/finnvacum\/","https:\/\/www.instagram.com\/finnvacum\/","https:\/\/fi.linkedin.com\/company\/finnvacum-oy-ab"]}]}},"uagb_featured_image_src":{"full":false,"thumbnail":false,"medium":false,"medium_large":false,"large":false,"1536x1536":false,"2048x2048":false,"trp-custom-language-flag":false,"neve-blog":false},"uagb_author_info":{"display_name":"Finnvacum","author_link":"https:\/\/www.finnvacum.fi\/sv\/author\/finnvacum\/"},"uagb_comment_info":0,"uagb_excerpt":null,"_links":{"self":[{"href":"https:\/\/www.finnvacum.fi\/sv\/wp-json\/wp\/v2\/pages\/4285","targetHints":{"allow":["GET"]}}],"collection":[{"href":"https:\/\/www.finnvacum.fi\/sv\/wp-json\/wp\/v2\/pages"}],"about":[{"href":"https:\/\/www.finnvacum.fi\/sv\/wp-json\/wp\/v2\/types\/page"}],"author":[{"embeddable":true,"href":"https:\/\/www.finnvacum.fi\/sv\/wp-json\/wp\/v2\/users\/1"}],"replies":[{"embeddable":true,"href":"https:\/\/www.finnvacum.fi\/sv\/wp-json\/wp\/v2\/comments?post=4285"}],"version-history":[{"count":7,"href":"https:\/\/www.finnvacum.fi\/sv\/wp-json\/wp\/v2\/pages\/4285\/revisions"}],"predecessor-version":[{"id":7275,"href":"https:\/\/www.finnvacum.fi\/sv\/wp-json\/wp\/v2\/pages\/4285\/revisions\/7275"}],"wp:attachment":[{"href":"https:\/\/www.finnvacum.fi\/sv\/wp-json\/wp\/v2\/media?parent=4285"}],"curies":[{"name":"wp","href":"https:\/\/api.w.org\/{rel}","templated":true}]}}