{"id":3320,"date":"2021-09-23T13:11:28","date_gmt":"2021-09-23T10:11:28","guid":{"rendered":"https:\/\/www.finnvacum.fi\/?page_id=3320"},"modified":"2022-11-09T13:53:41","modified_gmt":"2022-11-09T11:53:41","slug":"band-vakuumkammarmaskiner","status":"publish","type":"page","link":"https:\/\/www.finnvacum.fi\/sv\/band-vakuumkammarmaskiner\/","title":{"rendered":"Band-kammarmaskiner"},"content":{"rendered":"<section class=\"wp-block-uagb-columns uagb-columns__wrap uagb-columns__background-undefined uagb-columns__stack-mobile uagb-columns__valign-undefined uagb-columns__gap-10 alignundefined uagb-block-4f9b9574\"><div class=\"uagb-columns__overlay\"><\/div><div class=\"uagb-columns__inner-wrap uagb-columns__columns-2\">\n<div class=\"wp-block-uagb-column uagb-column__wrap uagb-column__background-undefined uagb-block-ae2bfa5c\"><div class=\"uagb-column__overlay\"><\/div><div class=\"uagb-column__inner-wrap\">\n<figure class=\"wp-block-image size-large\"><img loading=\"lazy\" decoding=\"async\" width=\"1024\" height=\"569\" src=\"https:\/\/www.finnvacum.fi\/wp-content\/uploads\/2022\/11\/supervac-kone-1024x569.jpg\" alt=\"\" class=\"wp-image-7251\" srcset=\"https:\/\/www.finnvacum.fi\/wp-content\/uploads\/2022\/11\/supervac-kone-1024x569.jpg 1024w, https:\/\/www.finnvacum.fi\/wp-content\/uploads\/2022\/11\/supervac-kone-300x167.jpg 300w, https:\/\/www.finnvacum.fi\/wp-content\/uploads\/2022\/11\/supervac-kone-768x427.jpg 768w, https:\/\/www.finnvacum.fi\/wp-content\/uploads\/2022\/11\/supervac-kone-18x10.jpg 18w, https:\/\/www.finnvacum.fi\/wp-content\/uploads\/2022\/11\/supervac-kone.jpg 1200w\" sizes=\"auto, (max-width: 1024px) 100vw, 1024px\" \/><\/figure>\n<\/div><\/div>\n\n\n\n<div class=\"wp-block-uagb-column uagb-column__wrap uagb-column__background-undefined uagb-block-7bbe1a69\"><div class=\"uagb-column__overlay\"><\/div><div class=\"uagb-column__inner-wrap\">\n<p>Den mest traditionella vakuumf\u00f6rpackningsmetoden som en halvautomatisk linjel\u00f6sning. Produkten som ska f\u00f6rpackas placeras antingen i en laminat- eller krympp\u00e5se. Produktp\u00e5sarna placeras p\u00e5 ett band, som f\u00f6r dem in i vakuumkammaren, som d\u00e4refter skapar ett vakuum inuti f\u00f6rpackningarna och f\u00f6rseglar dem. D\u00e4refter f\u00f6rs p\u00e5sarna automatiskt ut ur kammaren. Vid anv\u00e4ndning av krympp\u00e5sar flyttas p\u00e5sarna automatiskt till en krymptank och d\u00e4rifr\u00e5n vidare.<\/p>\n\n\n\n<p>En vakuumf\u00f6rpackning inneh\u00e5ller ingen luft alls och f\u00f6rhindrar tillv\u00e4xten av mikrober som \u00e4r beroende av syre. Det finns inget tomt utrymme i vakuumf\u00f6rpackningar, s\u00e5 f\u00f6rpackningsfilmen f\u00f6ljer noggrant den f\u00f6rpackade produktens form.<\/p>\n\n\n<div class=\"wp-block-image\">\n<figure class=\"alignleft size-full is-resized\"><a href=\"https:\/\/www.supervac.at\/products\/?lang=en\" target=\"_blank\" rel=\"noopener\"><img loading=\"lazy\" decoding=\"async\" src=\"https:\/\/www.finnvacum.fi\/wp-content\/uploads\/2021\/06\/supervac-nauhakammiokoneet-logo.jpg\" alt=\"Supervac nauhakammiokoneet\" class=\"wp-image-418\" width=\"221\" height=\"62\" srcset=\"https:\/\/www.finnvacum.fi\/wp-content\/uploads\/2021\/06\/supervac-nauhakammiokoneet-logo.jpg 350w, https:\/\/www.finnvacum.fi\/wp-content\/uploads\/2021\/06\/supervac-nauhakammiokoneet-logo-300x85.jpg 300w\" sizes=\"auto, (max-width: 221px) 100vw, 221px\" \/><\/a><\/figure>\n<\/div>\n\n\n<p><\/p>\n<\/div><\/div>\n<\/div><\/section>\n\n\n\n<hr class=\"wp-block-separator has-css-opacity is-style-wide\"\/>\n\n\n\n<section class=\"wp-block-uagb-columns uagb-columns__wrap uagb-columns__background-undefined uagb-columns__stack-mobile uagb-columns__valign-undefined uagb-columns__gap-10 alignundefined uagb-block-62edc3b3\"><div class=\"uagb-columns__overlay\"><\/div><div class=\"uagb-columns__inner-wrap uagb-columns__columns-2\">\n<div class=\"wp-block-uagb-column uagb-column__wrap uagb-column__background-undefined uagb-block-5bb1643e\"><div class=\"uagb-column__overlay\"><\/div><div class=\"uagb-column__inner-wrap\">\n<h2 class=\"wp-block-heading\">F\u00f6r livsmedelsindustrins stora produkter<\/h2>\n\n\n\n<p>Band-kammarmaskinerna g\u00f6r vakuumf\u00f6rpackningen effektivare. Maskinerna \u00e4r avsedda f\u00f6r livsmedelsindustrins, exempelvis k\u00f6tt-, korv- fisk- och ostindustrins, stora produkter. Med dem kan man \u00e4ven f\u00f6rpacka non-food-produkter. Med maskinerna f\u00e5r man h\u00e5llbara och tillf\u00f6rlitliga f\u00f6rseglingar \u00e4ven d\u00e5 f\u00f6rseglingsomr\u00e5det \u00e4r skrynkligt, fuktigt eller fett. Banden startar och stannar lugnt och f\u00f6rsiktigt. Denna kontrollerade acceleration och inbromsning f\u00f6rhindrar att produkterna flyttas fr\u00e5n sina platser d\u00e5 de \u00e5ker in i vakuumkammaren.<\/p>\n\n\n<div class=\"wp-block-image\">\n<figure class=\"alignleft size-full is-resized\"><img loading=\"lazy\" decoding=\"async\" src=\"https:\/\/www.finnvacum.fi\/wp-content\/uploads\/2021\/10\/ilmataytetty-tyyny-vakuumikammiossa.jpg\" alt=\"\" class=\"wp-image-3496\" width=\"273\" height=\"190\" srcset=\"https:\/\/www.finnvacum.fi\/wp-content\/uploads\/2021\/10\/ilmataytetty-tyyny-vakuumikammiossa.jpg 500w, https:\/\/www.finnvacum.fi\/wp-content\/uploads\/2021\/10\/ilmataytetty-tyyny-vakuumikammiossa-300x209.jpg 300w\" sizes=\"auto, (max-width: 273px) 100vw, 273px\" \/><\/figure>\n<\/div>\n\n\n<p>Vakuumkamrarna \u00e4r utrustade med kuddar som fylls med luft. De minskar p\u00e5 tiden som kr\u00e4vs f\u00f6r att skapa ett vakuum med upp till 30 % och f\u00f6rhindrar \u00e4ven att rynkor bildas p\u00e5 f\u00f6rpackningens ovansida.<\/p>\n\n\n\n<p>Band-kammarmaskinerna har en anv\u00e4ndarv\u00e4nlig styrenhet med peksk\u00e4rm f\u00f6r programmering av maskinens funktioner och \u00f6vervakning av arbetsfl\u00f6det. Maskinerna \u00e4r tillverkade av rostfritt st\u00e5l och tack vare deras hygieniska utformning \u00e4r de l\u00e4tta att reng\u00f6ra (man kan t.ex. snabbt och l\u00e4tt l\u00f6sa p\u00e5 bandet).<\/p>\n\n\n\n<p><strong>Mer information om band-kammarmaskinerna f\u00e5s fr\u00e5n v\u00e5r huvudmans webbplats eller genom att kontakta oss. Vi ber\u00e4ttar g\u00e4rna mer!<\/strong><\/p>\n\n\n\n<div class=\"wp-block-buttons buttons-vertical-align-middle is-layout-flex wp-block-buttons-is-layout-flex\">\n<div class=\"wp-block-button is-style-primary\"><a class=\"wp-block-button__link wp-element-button\" href=\"https:\/\/www.supervac.at\/products\/?lang=en\" target=\"_blank\" rel=\"noreferrer noopener\">Band-kammarmaskiner \u276f\u276f<\/a><\/div>\n\n\n\n<div class=\"wp-block-button is-style-secondary\"><a class=\"wp-block-button__link wp-element-button\" href=\"https:\/\/www.finnvacum.fi\/sv\/kontakt\/\"> Kontakta oss \u276f<\/a><\/div>\n<\/div>\n<\/div><\/div>\n\n\n\n<div class=\"wp-block-uagb-column uagb-column__wrap uagb-column__background-undefined uagb-block-2f6caf2d\"><div class=\"uagb-column__overlay\"><\/div><div class=\"uagb-column__inner-wrap\">\n<div style=\"height:105px\" aria-hidden=\"true\" class=\"wp-block-spacer small-spacing-mobile\"><\/div>\n\n\n\n<h3 class=\"wp-block-heading\">Supervacs urval inkluderar \u00e4ven:<\/h3>\n\n\n<div class=\"su-tabs su-tabs-style-default su-tabs-mobile-stack su-tabs-vertical\" data-active=\"1\" data-scroll-offset=\"0\" data-anchor-in-url=\"no\"><div class=\"su-tabs-nav\"><span class=\"\" data-url=\"\" data-target=\"blank\" tabindex=\"0\" role=\"button\">Krymptankar<\/span><span class=\"\" data-url=\"\" data-target=\"blank\" tabindex=\"0\" role=\"button\">Kyltankar<\/span><span class=\"\" data-url=\"\" data-target=\"blank\" tabindex=\"0\" role=\"button\">Torkningstunnlar<\/span><span class=\"\" data-url=\"\" data-target=\"blank\" tabindex=\"0\" role=\"button\">P\u00e5s\u00f6ppnare<\/span><\/div><div class=\"su-tabs-panes\"><div class=\"su-tabs-pane su-u-clearfix su-u-trim\" data-title=\"Kutistetankit\">\n\n\n\n<figure class=\"wp-block-image size-large is-resized\"><img decoding=\"async\" src=\"https:\/\/www.finnvacum.fi\/wp-content\/uploads\/2021\/10\/supervac-at8-15-kone-1024x683.jpg\" alt=\"\" class=\"wp-image-3539\" height=\"225\" srcset=\"https:\/\/www.finnvacum.fi\/wp-content\/uploads\/2021\/10\/supervac-at8-15-kone-1024x683.jpg 1024w, https:\/\/www.finnvacum.fi\/wp-content\/uploads\/2021\/10\/supervac-at8-15-kone-300x200.jpg 300w, https:\/\/www.finnvacum.fi\/wp-content\/uploads\/2021\/10\/supervac-at8-15-kone-768x512.jpg 768w, https:\/\/www.finnvacum.fi\/wp-content\/uploads\/2021\/10\/supervac-at8-15-kone-930x620.jpg 930w, https:\/\/www.finnvacum.fi\/wp-content\/uploads\/2021\/10\/supervac-at8-15-kone-600x400.jpg 600w, https:\/\/www.finnvacum.fi\/wp-content\/uploads\/2021\/10\/supervac-at8-15-kone.jpg 1500w\" sizes=\"(max-width: 1024px) 100vw, 1024px\" \/><\/figure>\n\n\n\n<p id=\"block-3635ca5c-195e-4833-a786-82860a711e94\">Krymptankarna v\u00e4rms upp med elektricitet och\/eller \u00e5nga. Tankarna \u00e4r helt isolerade s\u00e5 v\u00e4rmef\u00f6rlusten \u00e4r minimal. Maskinerna \u00e4r utrustade med en automatisk vattentemperaturregulator. En automatisk vattenniv\u00e5regulator h\u00f6r ocks\u00e5 till standardutrustningen hos vissa maskiner (annars finns den att f\u00e5 som till\u00e4gg).<\/p>\n\n\n\n<p id=\"block-3635ca5c-195e-4833-a786-82860a711e94\">Dessa p\u00e5litliga krymptankar \u00e4r tillverkade av rostfritt st\u00e5l och l\u00e4tta att reng\u00f6ra och underh\u00e5lla.<\/p>\n\n\n\n<div class=\"wp-block-buttons is-layout-flex wp-block-buttons-is-layout-flex\">\n<div class=\"wp-block-button smaller-blue-button is-style-primary\"><a class=\"wp-block-button__link wp-element-button\" href=\"https:\/\/www.supervac.at\/products\/?lang=en\" target=\"_blank\" rel=\"noreferrer noopener\">Krymptankar \u276f\u276f<\/a><\/div>\n<\/div>\n\n\n<\/div>\n<div class=\"su-tabs-pane su-u-clearfix su-u-trim\" data-title=\"J\u00e4\u00e4hdytystankit\">\n\n\n\n<figure class=\"wp-block-image size-large is-resized\"><img loading=\"lazy\" decoding=\"async\" src=\"https:\/\/www.finnvacum.fi\/wp-content\/uploads\/2021\/10\/supervac-ac15-1024x683.jpg\" alt=\"\" class=\"wp-image-3532\" width=\"338\" height=\"225\" srcset=\"https:\/\/www.finnvacum.fi\/wp-content\/uploads\/2021\/10\/supervac-ac15-1024x683.jpg 1024w, https:\/\/www.finnvacum.fi\/wp-content\/uploads\/2021\/10\/supervac-ac15-300x200.jpg 300w, https:\/\/www.finnvacum.fi\/wp-content\/uploads\/2021\/10\/supervac-ac15-768x512.jpg 768w, https:\/\/www.finnvacum.fi\/wp-content\/uploads\/2021\/10\/supervac-ac15-930x620.jpg 930w, https:\/\/www.finnvacum.fi\/wp-content\/uploads\/2021\/10\/supervac-ac15-600x400.jpg 600w, https:\/\/www.finnvacum.fi\/wp-content\/uploads\/2021\/10\/supervac-ac15.jpg 1500w\" sizes=\"auto, (max-width: 338px) 100vw, 338px\" \/><\/figure>\n\n\n\n<p>Kyltankar f\u00f6rl\u00e4nger h\u00e5llbarheten hos vakuumf\u00f6rpackade produkter, genom att snabbt s\u00e4nka produkternas yttemperatur efter att de varit i en krymptank eller -tunnel. Produkterna s\u00e4nks helt och h\u00e5llet ned i vatten f\u00f6r att uppn\u00e5 maximala nedkylningsresultat. Andra f\u00f6rdelar med maskinerna \u00e4r t.ex. att f\u00e4rgf\u00f6r\u00e4ndringar efter krympningsprocessen elimineras och att energif\u00f6rbrukningen i kylkedjan minskar.<\/p>\n\n\n\n<p>Maskinerna \u00e4r utrustade med en automatisk vattenniv\u00e5regulator och en automatisk temperaturregulator. Neds\u00e4nkningstiden, neds\u00e4nkningsdjupet och avdroppningstiden \u00e4r justerbara. Dessa p\u00e5litliga maskiner \u00e4r tillverkade av rostfritt st\u00e5l och hygieniskt utformade, s\u00e5 det \u00e4r enkelt att reng\u00f6ra och underh\u00e5lla dem.<\/p>\n\n\n\n<div class=\"wp-block-buttons is-layout-flex wp-block-buttons-is-layout-flex\">\n<div class=\"wp-block-button smaller-blue-button is-style-primary\"><a class=\"wp-block-button__link wp-element-button\" href=\"https:\/\/www.supervac.at\/portfolio-items\/ac-8-15\/?lang=en\" target=\"_blank\" rel=\"noreferrer noopener\">Kyltankar\u276f\u276f<\/a><\/div>\n<\/div>\n\n\n<\/div>\n<div class=\"su-tabs-pane su-u-clearfix su-u-trim\" data-title=\"Kuivaustunnelit\">\n\n\n\n<figure class=\"wp-block-image size-large is-resized\"><img loading=\"lazy\" decoding=\"async\" src=\"https:\/\/www.finnvacum.fi\/wp-content\/uploads\/2021\/10\/supervac-bl15-1024x683.jpg\" alt=\"\" class=\"wp-image-3535\" width=\"339\" height=\"225\" srcset=\"https:\/\/www.finnvacum.fi\/wp-content\/uploads\/2021\/10\/supervac-bl15-1024x683.jpg 1024w, https:\/\/www.finnvacum.fi\/wp-content\/uploads\/2021\/10\/supervac-bl15-300x200.jpg 300w, https:\/\/www.finnvacum.fi\/wp-content\/uploads\/2021\/10\/supervac-bl15-768x512.jpg 768w, https:\/\/www.finnvacum.fi\/wp-content\/uploads\/2021\/10\/supervac-bl15-930x620.jpg 930w, https:\/\/www.finnvacum.fi\/wp-content\/uploads\/2021\/10\/supervac-bl15-600x400.jpg 600w, https:\/\/www.finnvacum.fi\/wp-content\/uploads\/2021\/10\/supervac-bl15.jpg 1500w\" sizes=\"auto, (max-width: 339px) 100vw, 339px\" \/><\/figure>\n\n\n\n<p>Supervacs h\u00f6gklassiga torkningstunnlar av rostfritt st\u00e5l, \u00e4r hygieniska, tystl\u00e5tna och l\u00e4tta att underh\u00e5lla samt reng\u00f6ra. I maskinens \u00f6verdel finns tv\u00e5, med infrar\u00f6da sensorer utrustade luftknivar, som f\u00f6ljer produkternas former, och effektiva luftmunstycken tar till och med bort st\u00e5ende vatten fr\u00e5n sprickor och h\u00e5l p\u00e5 produktens yta. Produkten \u00e4r efter detta klar f\u00f6r etikettering. Maskinerna har \u00e4ven en luftkniv i botten, som torkar produktens bottendel, s\u00e5 produkterna kan sedan f\u00f6rpackas i f\u00f6rm\u00e5nligare, okl\u00e4dda l\u00e5dor.<\/p>\n\n\n\n<p>Torkningstunnlarna styrs l\u00e4tt med hj\u00e4lp av peksk\u00e4rmar.<\/p>\n\n\n\n<div class=\"wp-block-buttons is-layout-flex wp-block-buttons-is-layout-flex\">\n<div class=\"wp-block-button smaller-blue-button is-style-primary\"><a class=\"wp-block-button__link wp-element-button\" href=\"https:\/\/www.supervac.at\/portfolio-items\/bl-15\/?lang=en\" target=\"_blank\" rel=\"noreferrer noopener\">Torkningstunnlar \u276f\u276f<\/a><\/div>\n<\/div>\n\n\n<\/div>\n<div class=\"su-tabs-pane su-u-clearfix su-u-trim\" data-title=\"Pussinavaajat\">\n\n\n\n<figure class=\"wp-block-image size-large is-resized\"><img loading=\"lazy\" decoding=\"async\" src=\"https:\/\/www.finnvacum.fi\/wp-content\/uploads\/2021\/10\/supervac-produkt-easybagger-1024x683.jpg\" alt=\"\" class=\"wp-image-3537\" width=\"398\" height=\"225\"\/><\/figure>\n\n\n\n<p>P\u00e5s\u00f6ppnare anv\u00e4nds f\u00f6r att f\u00f6rb\u00e4ttra produktiviteten, d\u00e5 vakuump\u00e5sar fylls manuellt. Med dessa maskiner beh\u00f6vs mindre hantering under f\u00f6rpackningsprocessen och fyllningen blir enkel.<\/p>\n\n\n\n<div class=\"wp-block-buttons is-layout-flex wp-block-buttons-is-layout-flex\">\n<div class=\"wp-block-button smaller-blue-button is-style-primary\"><a class=\"wp-block-button__link wp-element-button\" href=\"https:\/\/www.supervac.at\/portfolio-items\/easybagger\/?lang=en\" target=\"_blank\" rel=\"noreferrer noopener\">P\u00e5s\u00f6ppnare \u276f\u276f<\/a><\/div>\n<\/div>\n\n\n<\/div><\/div><\/div>\n<\/div><\/div>\n<\/div><\/section>","protected":false},"excerpt":{"rendered":"","protected":false},"author":1,"featured_media":0,"parent":0,"menu_order":0,"comment_status":"closed","ping_status":"closed","template":"","meta":{"inline_featured_image":false,"neve_meta_sidebar":"full-width","neve_meta_container":"","neve_meta_enable_content_width":"on","neve_meta_content_width":100,"neve_meta_title_alignment":"","neve_meta_author_avatar":"","neve_post_elements_order":"","neve_meta_disable_header":"","neve_meta_disable_footer":"","neve_meta_disable_title":"","footnotes":""},"class_list":["post-3320","page","type-page","status-publish","hentry"],"yoast_head":"<!-- This site is optimized with the Yoast SEO plugin v25.1 - https:\/\/yoast.com\/wordpress\/plugins\/seo\/ -->\n<title>Nauhakammiokoneet - Finnvacum<\/title>\n<meta name=\"robots\" content=\"index, follow, max-snippet:-1, max-image-preview:large, max-video-preview:-1\" \/>\n<link rel=\"canonical\" href=\"https:\/\/www.finnvacum.fi\/sv\/band-vakuumkammarmaskiner\/\" \/>\n<meta property=\"og:locale\" content=\"sv_SE\" \/>\n<meta property=\"og:type\" content=\"article\" \/>\n<meta property=\"og:title\" content=\"Nauhakammiokoneet - Finnvacum\" \/>\n<meta property=\"og:url\" content=\"https:\/\/www.finnvacum.fi\/sv\/band-vakuumkammarmaskiner\/\" \/>\n<meta property=\"og:site_name\" content=\"Finnvacum\" \/>\n<meta property=\"article:publisher\" content=\"https:\/\/www.facebook.com\/finnvacum\/\" \/>\n<meta property=\"article:modified_time\" content=\"2022-11-09T11:53:41+00:00\" \/>\n<meta property=\"og:image\" content=\"https:\/\/www.finnvacum.fi\/wp-content\/uploads\/2022\/11\/supervac-kone-1024x569.jpg\" \/>\n<meta name=\"twitter:card\" content=\"summary_large_image\" \/>\n<meta name=\"twitter:label1\" content=\"Ber\u00e4knad l\u00e4stid\" \/>\n\t<meta name=\"twitter:data1\" content=\"3 minuter\" \/>\n<script type=\"application\/ld+json\" class=\"yoast-schema-graph\">{\"@context\":\"https:\/\/schema.org\",\"@graph\":[{\"@type\":\"WebPage\",\"@id\":\"https:\/\/www.finnvacum.fi\/nauhakammiokoneet\/\",\"url\":\"https:\/\/www.finnvacum.fi\/nauhakammiokoneet\/\",\"name\":\"Nauhakammiokoneet - Finnvacum\",\"isPartOf\":{\"@id\":\"https:\/\/www.finnvacum.fi\/#website\"},\"primaryImageOfPage\":{\"@id\":\"https:\/\/www.finnvacum.fi\/nauhakammiokoneet\/#primaryimage\"},\"image\":{\"@id\":\"https:\/\/www.finnvacum.fi\/nauhakammiokoneet\/#primaryimage\"},\"thumbnailUrl\":\"https:\/\/www.finnvacum.fi\/wp-content\/uploads\/2022\/11\/supervac-kone-1024x569.jpg\",\"datePublished\":\"2021-09-23T10:11:28+00:00\",\"dateModified\":\"2022-11-09T11:53:41+00:00\",\"breadcrumb\":{\"@id\":\"https:\/\/www.finnvacum.fi\/nauhakammiokoneet\/#breadcrumb\"},\"inLanguage\":\"sv-SE\",\"potentialAction\":[{\"@type\":\"ReadAction\",\"target\":[\"https:\/\/www.finnvacum.fi\/nauhakammiokoneet\/\"]}]},{\"@type\":\"ImageObject\",\"inLanguage\":\"sv-SE\",\"@id\":\"https:\/\/www.finnvacum.fi\/nauhakammiokoneet\/#primaryimage\",\"url\":\"https:\/\/www.finnvacum.fi\/wp-content\/uploads\/2022\/11\/supervac-kone-1024x569.jpg\",\"contentUrl\":\"https:\/\/www.finnvacum.fi\/wp-content\/uploads\/2022\/11\/supervac-kone-1024x569.jpg\"},{\"@type\":\"BreadcrumbList\",\"@id\":\"https:\/\/www.finnvacum.fi\/nauhakammiokoneet\/#breadcrumb\",\"itemListElement\":[{\"@type\":\"ListItem\",\"position\":1,\"name\":\"Etusivu\",\"item\":\"https:\/\/www.finnvacum.fi\/\"},{\"@type\":\"ListItem\",\"position\":2,\"name\":\"Nauhakammiokoneet\"}]},{\"@type\":\"WebSite\",\"@id\":\"https:\/\/www.finnvacum.fi\/#website\",\"url\":\"https:\/\/www.finnvacum.fi\/\",\"name\":\"Finnvacum\",\"description\":\"Elintarviketeollisuuden koneet ja materiaalit\",\"publisher\":{\"@id\":\"https:\/\/www.finnvacum.fi\/#organization\"},\"potentialAction\":[{\"@type\":\"SearchAction\",\"target\":{\"@type\":\"EntryPoint\",\"urlTemplate\":\"https:\/\/www.finnvacum.fi\/?s={search_term_string}\"},\"query-input\":{\"@type\":\"PropertyValueSpecification\",\"valueRequired\":true,\"valueName\":\"search_term_string\"}}],\"inLanguage\":\"sv-SE\"},{\"@type\":\"Organization\",\"@id\":\"https:\/\/www.finnvacum.fi\/#organization\",\"name\":\"Finnvacum Oy Ab\",\"url\":\"https:\/\/www.finnvacum.fi\/\",\"logo\":{\"@type\":\"ImageObject\",\"inLanguage\":\"sv-SE\",\"@id\":\"https:\/\/www.finnvacum.fi\/#\/schema\/logo\/image\/\",\"url\":\"https:\/\/www.finnvacum.fi\/wp-content\/uploads\/2021\/05\/cropped-fv3to1.png\",\"contentUrl\":\"https:\/\/www.finnvacum.fi\/wp-content\/uploads\/2021\/05\/cropped-fv3to1.png\",\"width\":600,\"height\":150,\"caption\":\"Finnvacum Oy Ab\"},\"image\":{\"@id\":\"https:\/\/www.finnvacum.fi\/#\/schema\/logo\/image\/\"},\"sameAs\":[\"https:\/\/www.facebook.com\/finnvacum\/\",\"https:\/\/www.instagram.com\/finnvacum\/\",\"https:\/\/fi.linkedin.com\/company\/finnvacum-oy-ab\"]}]}<\/script>\n<!-- \/ Yoast SEO plugin. -->","yoast_head_json":{"title":"Nauhakammiokoneet - Finnvacum","robots":{"index":"index","follow":"follow","max-snippet":"max-snippet:-1","max-image-preview":"max-image-preview:large","max-video-preview":"max-video-preview:-1"},"canonical":"https:\/\/www.finnvacum.fi\/sv\/band-vakuumkammarmaskiner\/","og_locale":"sv_SE","og_type":"article","og_title":"Nauhakammiokoneet - Finnvacum","og_url":"https:\/\/www.finnvacum.fi\/sv\/band-vakuumkammarmaskiner\/","og_site_name":"Finnvacum","article_publisher":"https:\/\/www.facebook.com\/finnvacum\/","article_modified_time":"2022-11-09T11:53:41+00:00","og_image":[{"url":"https:\/\/www.finnvacum.fi\/wp-content\/uploads\/2022\/11\/supervac-kone-1024x569.jpg","type":"","width":"","height":""}],"twitter_card":"summary_large_image","twitter_misc":{"Ber\u00e4knad l\u00e4stid":"3 minuter"},"schema":{"@context":"https:\/\/schema.org","@graph":[{"@type":"WebPage","@id":"https:\/\/www.finnvacum.fi\/nauhakammiokoneet\/","url":"https:\/\/www.finnvacum.fi\/nauhakammiokoneet\/","name":"Nauhakammiokoneet - Finnvacum","isPartOf":{"@id":"https:\/\/www.finnvacum.fi\/#website"},"primaryImageOfPage":{"@id":"https:\/\/www.finnvacum.fi\/nauhakammiokoneet\/#primaryimage"},"image":{"@id":"https:\/\/www.finnvacum.fi\/nauhakammiokoneet\/#primaryimage"},"thumbnailUrl":"https:\/\/www.finnvacum.fi\/wp-content\/uploads\/2022\/11\/supervac-kone-1024x569.jpg","datePublished":"2021-09-23T10:11:28+00:00","dateModified":"2022-11-09T11:53:41+00:00","breadcrumb":{"@id":"https:\/\/www.finnvacum.fi\/nauhakammiokoneet\/#breadcrumb"},"inLanguage":"sv-SE","potentialAction":[{"@type":"ReadAction","target":["https:\/\/www.finnvacum.fi\/nauhakammiokoneet\/"]}]},{"@type":"ImageObject","inLanguage":"sv-SE","@id":"https:\/\/www.finnvacum.fi\/nauhakammiokoneet\/#primaryimage","url":"https:\/\/www.finnvacum.fi\/wp-content\/uploads\/2022\/11\/supervac-kone-1024x569.jpg","contentUrl":"https:\/\/www.finnvacum.fi\/wp-content\/uploads\/2022\/11\/supervac-kone-1024x569.jpg"},{"@type":"BreadcrumbList","@id":"https:\/\/www.finnvacum.fi\/nauhakammiokoneet\/#breadcrumb","itemListElement":[{"@type":"ListItem","position":1,"name":"Etusivu","item":"https:\/\/www.finnvacum.fi\/"},{"@type":"ListItem","position":2,"name":"Nauhakammiokoneet"}]},{"@type":"WebSite","@id":"https:\/\/www.finnvacum.fi\/#website","url":"https:\/\/www.finnvacum.fi\/","name":"Finnvacum","description":"Elintarviketeollisuuden koneet ja materiaalit","publisher":{"@id":"https:\/\/www.finnvacum.fi\/#organization"},"potentialAction":[{"@type":"SearchAction","target":{"@type":"EntryPoint","urlTemplate":"https:\/\/www.finnvacum.fi\/?s={search_term_string}"},"query-input":{"@type":"PropertyValueSpecification","valueRequired":true,"valueName":"search_term_string"}}],"inLanguage":"sv-SE"},{"@type":"Organization","@id":"https:\/\/www.finnvacum.fi\/#organization","name":"Finnvacum Oy Ab","url":"https:\/\/www.finnvacum.fi\/","logo":{"@type":"ImageObject","inLanguage":"sv-SE","@id":"https:\/\/www.finnvacum.fi\/#\/schema\/logo\/image\/","url":"https:\/\/www.finnvacum.fi\/wp-content\/uploads\/2021\/05\/cropped-fv3to1.png","contentUrl":"https:\/\/www.finnvacum.fi\/wp-content\/uploads\/2021\/05\/cropped-fv3to1.png","width":600,"height":150,"caption":"Finnvacum Oy Ab"},"image":{"@id":"https:\/\/www.finnvacum.fi\/#\/schema\/logo\/image\/"},"sameAs":["https:\/\/www.facebook.com\/finnvacum\/","https:\/\/www.instagram.com\/finnvacum\/","https:\/\/fi.linkedin.com\/company\/finnvacum-oy-ab"]}]}},"uagb_featured_image_src":{"full":false,"thumbnail":false,"medium":false,"medium_large":false,"large":false,"1536x1536":false,"2048x2048":false,"trp-custom-language-flag":false,"neve-blog":false},"uagb_author_info":{"display_name":"Finnvacum","author_link":"https:\/\/www.finnvacum.fi\/sv\/author\/finnvacum\/"},"uagb_comment_info":0,"uagb_excerpt":null,"_links":{"self":[{"href":"https:\/\/www.finnvacum.fi\/sv\/wp-json\/wp\/v2\/pages\/3320","targetHints":{"allow":["GET"]}}],"collection":[{"href":"https:\/\/www.finnvacum.fi\/sv\/wp-json\/wp\/v2\/pages"}],"about":[{"href":"https:\/\/www.finnvacum.fi\/sv\/wp-json\/wp\/v2\/types\/page"}],"author":[{"embeddable":true,"href":"https:\/\/www.finnvacum.fi\/sv\/wp-json\/wp\/v2\/users\/1"}],"replies":[{"embeddable":true,"href":"https:\/\/www.finnvacum.fi\/sv\/wp-json\/wp\/v2\/comments?post=3320"}],"version-history":[{"count":9,"href":"https:\/\/www.finnvacum.fi\/sv\/wp-json\/wp\/v2\/pages\/3320\/revisions"}],"predecessor-version":[{"id":7253,"href":"https:\/\/www.finnvacum.fi\/sv\/wp-json\/wp\/v2\/pages\/3320\/revisions\/7253"}],"wp:attachment":[{"href":"https:\/\/www.finnvacum.fi\/sv\/wp-json\/wp\/v2\/media?parent=3320"}],"curies":[{"name":"wp","href":"https:\/\/api.w.org\/{rel}","templated":true}]}}