{"id":3307,"date":"2021-09-22T17:36:47","date_gmt":"2021-09-22T14:36:47","guid":{"rendered":"https:\/\/www.finnvacum.fi\/?page_id=3307"},"modified":"2023-02-10T14:27:30","modified_gmt":"2023-02-10T12:27:30","slug":"tragforpackare","status":"publish","type":"page","link":"https:\/\/www.finnvacum.fi\/sv\/tragforpackare\/","title":{"rendered":"Tr\u00e5gf\u00f6rpackare"},"content":{"rendered":"<section class=\"wp-block-uagb-columns uagb-columns__wrap uagb-columns__background-undefined uagb-columns__stack-mobile uagb-columns__valign-undefined uagb-columns__gap-10 alignundefined uagb-block-b3269c30\"><div class=\"uagb-columns__overlay\"><\/div><div class=\"uagb-columns__inner-wrap uagb-columns__columns-2\">\n<div class=\"wp-block-uagb-column uagb-column__wrap uagb-column__background-undefined uagb-block-17f2d1ba\"><div class=\"uagb-column__overlay\"><\/div><div class=\"uagb-column__inner-wrap\">\n<figure class=\"wp-block-image size-large\"><img loading=\"lazy\" decoding=\"async\" width=\"1024\" height=\"569\" src=\"https:\/\/www.finnvacum.fi\/wp-content\/uploads\/2021\/09\/kulhopakkauskoneet-1024x569.jpg\" alt=\"\" class=\"wp-image-2872\" srcset=\"https:\/\/www.finnvacum.fi\/wp-content\/uploads\/2021\/09\/kulhopakkauskoneet-1024x569.jpg 1024w, https:\/\/www.finnvacum.fi\/wp-content\/uploads\/2021\/09\/kulhopakkauskoneet-300x167.jpg 300w, https:\/\/www.finnvacum.fi\/wp-content\/uploads\/2021\/09\/kulhopakkauskoneet-768x427.jpg 768w, https:\/\/www.finnvacum.fi\/wp-content\/uploads\/2021\/09\/kulhopakkauskoneet-600x334.jpg 600w, https:\/\/www.finnvacum.fi\/wp-content\/uploads\/2021\/09\/kulhopakkauskoneet.jpg 1200w\" sizes=\"auto, (max-width: 1024px) 100vw, 1024px\" \/><\/figure>\n<\/div><\/div>\n\n\n\n<div class=\"wp-block-uagb-column uagb-column__wrap uagb-column__background-undefined uagb-block-10cda17d\"><div class=\"uagb-column__overlay\"><\/div><div class=\"uagb-column__inner-wrap\">\n<p><strong>I en tr\u00e5gf\u00f6rpackningsmaskin anv\u00e4nds alltid f\u00e4rdiga tr\u00e5g.<\/strong> Efter att man har fyllt tr\u00e5gen, sugs luften ut i f\u00f6rslutningskammaren och tr\u00e5gen fylls med en modifierad atmosf\u00e4r, varefter lockfilmen svetsas fast i tr\u00e5gen. D\u00e4refter l\u00e4gger man till etiketten och s\u00e5 \u00e4r f\u00f6rpackningen f\u00e4rdig. Olika \u00e5terf\u00f6rslutningsbara lockfilmer \u00e4r ocks\u00e5 m\u00f6jliga, och alternativt kan man anv\u00e4nda separata lock.<\/p>\n\n\n<div class=\"wp-block-image\">\n<figure class=\"alignleft size-full is-resized\"><a href=\"https:\/\/en.ilpra.com\/packaging-machines\/foodpack-traysealers\/\" target=\"_blank\" rel=\"noopener\"><img loading=\"lazy\" decoding=\"async\" src=\"https:\/\/www.finnvacum.fi\/wp-content\/uploads\/2021\/06\/logo-ilpra-kulhopakkauskoneet.jpg\" alt=\"Ilpra kulhopakkauskoneet\" class=\"wp-image-442\" width=\"192\" height=\"53\"\/><\/a><\/figure>\n<\/div><\/div><\/div>\n<\/div><\/section>\n\n\n\n<hr class=\"wp-block-separator has-css-opacity is-style-wide\"\/>\n\n\n\n<section class=\"wp-block-uagb-columns uagb-columns__wrap uagb-columns__background-undefined uagb-columns__stack-mobile uagb-columns__valign-undefined uagb-columns__gap-10 alignundefined uagb-block-934ed570\"><div class=\"uagb-columns__overlay\"><\/div><div class=\"uagb-columns__inner-wrap uagb-columns__columns-2\">\n<div class=\"wp-block-uagb-column uagb-column__wrap uagb-column__background-undefined uagb-block-346376d7\"><div class=\"uagb-column__overlay\"><\/div><div class=\"uagb-column__inner-wrap\">\n<h2 class=\"wp-block-heading\">F\u00f6r ambiti\u00f6sa f\u00f6rpackningskrav<\/h2>\n\n\n\n<p>Ilpras m\u00e5ngsidiga och tillf\u00f6rlitliga tr\u00e5gf\u00f6rpackare, passar till f\u00f6rpackning av m\u00e5nga olika sorters produkter i f\u00e4rdiga tr\u00e5g (s\u00e5som PS, PP, APET, CPET, aluminium och laminerad kartong). Det finns flera olika f\u00f6rpackningsmetoder: MAP (f\u00f6rpackning i modifierad atmosf\u00e4r, allts\u00e5 skyddsgasf\u00f6rpackning), Gas Flush, vakuum och skinf\u00f6rpackning.<\/p>\n\n\n\n<p>Ett brett utbud av alternativa tillbeh\u00f6r och l\u00f6sningar g\u00f6r att maskinerna \u00e4r mycket anpassningsbara och kan uppfylla \u00e4ven de mest ambiti\u00f6sa f\u00f6rpackningskraven.<\/p>\n\n\n<div class=\"wp-block-image\">\n<figure class=\"aligncenter size-full is-resized\"><img loading=\"lazy\" decoding=\"async\" src=\"https:\/\/www.finnvacum.fi\/wp-content\/uploads\/2021\/08\/poytarasia-nobg-edit-edited-1.png\" alt=\"\" class=\"wp-image-1586\" width=\"358\" height=\"358\" srcset=\"https:\/\/www.finnvacum.fi\/wp-content\/uploads\/2021\/08\/poytarasia-nobg-edit-edited-1.png 467w, https:\/\/www.finnvacum.fi\/wp-content\/uploads\/2021\/08\/poytarasia-nobg-edit-edited-1-300x300.png 300w, https:\/\/www.finnvacum.fi\/wp-content\/uploads\/2021\/08\/poytarasia-nobg-edit-edited-1-100x100.png 100w, https:\/\/www.finnvacum.fi\/wp-content\/uploads\/2021\/08\/poytarasia-nobg-edit-edited-1-150x150.png 150w\" sizes=\"auto, (max-width: 358px) 100vw, 358px\" \/><\/figure>\n<\/div><\/div><\/div>\n\n\n\n<div class=\"wp-block-uagb-column uagb-column__wrap uagb-column__background-undefined uagb-block-cdc3eb08\"><div class=\"uagb-column__overlay\"><\/div><div class=\"uagb-column__inner-wrap\"><div class=\"su-tabs su-tabs-style-default su-tabs-mobile-stack su-tabs-vertical\" data-active=\"1\" data-scroll-offset=\"0\" data-anchor-in-url=\"no\"><div class=\"su-tabs-nav\"><span class=\"\" data-url=\"\" data-target=\"blank\" tabindex=\"0\" role=\"button\">Halvautomatiska, (bordsmaskiner)<\/span><span class=\"\" data-url=\"\" data-target=\"blank\" tabindex=\"0\" role=\"button\">Automatiska linjef\u00f6rpackare<\/span><span class=\"\" data-url=\"\" data-target=\"blank\" tabindex=\"0\" role=\"button\">Linjef\u00f6rpackare<\/span><\/div><div class=\"su-tabs-panes\"><div class=\"su-tabs-pane su-u-clearfix su-u-trim\" data-title=\"Puoliautomaattiset, (p\u00f6yt\u00e4koneet)\">\n\n\n\n<figure class=\"wp-block-image size-full is-resized\"><img decoding=\"async\" src=\"https:\/\/www.finnvacum.fi\/wp-content\/uploads\/2021\/10\/kulhopakkaaja-rotobasic.jpg\" alt=\"\" class=\"wp-image-3688\" height=\"225\" srcset=\"https:\/\/www.finnvacum.fi\/wp-content\/uploads\/2021\/10\/kulhopakkaaja-rotobasic.jpg 600w, https:\/\/www.finnvacum.fi\/wp-content\/uploads\/2021\/10\/kulhopakkaaja-rotobasic-300x200.jpg 300w\" sizes=\"(max-width: 600px) 100vw, 600px\" \/><\/figure>\n\n\n\n<p>Ilpras halvautomatiska <strong>tr\u00e5gf\u00f6rpackare av bordsmodell<\/strong> \u00e4r mycket l\u00e4tta att anv\u00e4nda och perfekta f\u00f6r f\u00f6retag som har litet utrymme. <\/p>\n\n\n\n<p>Tr\u00e5gf\u00f6rpackare av bordsmodell finns tillg\u00e4ngliga enligt olika specifikationer; f\u00f6r b\u00e5de sm\u00e5 och stora produktioner. Egenskaperna, som varierar fr\u00e5n modell till modell \u00e4r bl.a. maskinens hastighet, bullerniv\u00e5 och fogytans storlek. Vissa modeller \u00e4r utrustade med ett roterande bord, med tv\u00e5 arbetsstationer, vilket g\u00f6r att man kan l\u00e4gga till\/ta bort tr\u00e5g vid den ena stationen, p\u00e5 samma g\u00e5ng som f\u00f6rseglingen\/sk\u00e4rningen utf\u00f6rs p\u00e5 den andra stationen. P\u00e5 det h\u00e4r s\u00e4ttet minskar den tid som kr\u00e4vs f\u00f6r att slutf\u00f6ra arbetsprocessen avsev\u00e4rt. <\/p>\n\n\n\n<p>Med maskinerna kan man f\u00f6rsegla, vakuumf\u00f6rpacka, f\u00f6rpacka i skyddsgas och skinf\u00f6rpackning.<\/p>\n\n\n\n<div class=\"wp-block-buttons is-layout-flex wp-block-buttons-is-layout-flex\">\n<div class=\"wp-block-button is-style-primary smaller-blue-button\"><a class=\"wp-block-button__link wp-element-button\" href=\"https:\/\/en.ilpra.com\/packaging-machines\/foodpack-traysealers\/\" target=\"_blank\" rel=\"noreferrer noopener\">Maskiner av bordsmodell \u276f\u276f<\/a><\/div>\n<\/div>\n\n\n<\/div>\n<div class=\"su-tabs-pane su-u-clearfix su-u-trim\" data-title=\"Automaattiset linjapakkaajat\">\n\n\n\n<figure class=\"wp-block-image size-full is-resized\"><img decoding=\"async\" src=\"https:\/\/www.finnvacum.fi\/wp-content\/uploads\/2021\/10\/kulhopakkaaja-speedy-duo.jpg\" alt=\"\" class=\"wp-image-3691\" height=\"225\" srcset=\"https:\/\/www.finnvacum.fi\/wp-content\/uploads\/2021\/10\/kulhopakkaaja-speedy-duo.jpg 600w, https:\/\/www.finnvacum.fi\/wp-content\/uploads\/2021\/10\/kulhopakkaaja-speedy-duo-300x200.jpg 300w\" sizes=\"(max-width: 600px) 100vw, 600px\" \/><\/figure>\n\n\n\n<p>Maskinerna i FoodPack Speedy-kollektionen \u00e4r tillf\u00f6rlitliga och <strong>helautomatiska linjetr\u00e5gf\u00f6rpackningsmaskiner<\/strong>, som minimerar driftskostnaderna. Maskinernas h\u00f6ga prestanda uppn\u00e5s med hj\u00e4lp av Ilpra PROGAS-tekniken. Tack vare denna \u00e4r produktionskapaciteten h\u00f6gre (upp till 70 %) och skyddsgasf\u00f6rbrukningen l\u00e4gre (upp till 50 %) j\u00e4mf\u00f6rt med traditionella l\u00f6sningar. <\/p>\n\n\n\n<p>Maskinerna \u00e4r l\u00e4tta att programmera och reng\u00f6rings- samt underh\u00e5llsuppgifterna \u00e4r l\u00e4tta att utf\u00f6ra. Komponenternas olika anpassningsm\u00f6jligheter g\u00f6r det m\u00f6jligt att anv\u00e4nda maskinerna till f\u00f6rpackning av m\u00e5nga olika sorters produkter. Kontrollpanelens peksk\u00e4rm \u00e4r mycket anv\u00e4ndarv\u00e4nlig, \u00e4ven f\u00f6r oerfaren personal.<\/p>\n\n\n\n<p>FP Speedy-maskinmodellerna \u00e4r huvudsakligen tillverkade av rostfritt st\u00e5l och deras skyddsklass \u00e4r IP65.<\/p>\n\n\n\n<div class=\"wp-block-buttons is-layout-flex wp-block-buttons-is-layout-flex\">\n<div class=\"wp-block-button is-style-primary smaller-blue-button\"><a class=\"wp-block-button__link wp-element-button\" href=\"https:\/\/en.ilpra.com\/packaging-machines\/foodpack-traysealers\/\" target=\"_blank\" rel=\"noreferrer noopener\">Automatiska maskiner \u276f\u276f<\/a><\/div>\n<\/div>\n\n\n<\/div>\n<div class=\"su-tabs-pane su-u-clearfix su-u-trim\" data-title=\"Linjapakkaajat\">\n\n\n\n<figure class=\"wp-block-image size-full is-resized\"><img loading=\"lazy\" decoding=\"async\" src=\"https:\/\/www.finnvacum.fi\/wp-content\/uploads\/2021\/10\/kulhopakkaaja-m7.jpg\" alt=\"\" class=\"wp-image-3687\" width=\"356\" height=\"225\"\/><\/figure>\n\n\n\n<p>Linjef\u00f6rpackarna h\u00f6r till <strong>de storskaliga produktionernas maskiner<\/strong> och de \u00e4r extremt m\u00e5ngsidiga och flexibla, eftersom de noggrant kan skr\u00e4ddarsys enligt kundens f\u00f6rpackningsbehov. Allt som h\u00f6r till maskinerna \u00e4r utformat s\u00e5 att det \u00e4r enkelt att integrera maskinen i vilken som helst automatisk produktionslinjehelhet eller process.<\/p>\n\n\n\n<p>Med dessa kraftfulla maskiner \u00f6kar produktionskapaciteten och energif\u00f6rbrukningen minskar. Ilpras CPS-teknik (Constant Placement System) s\u00e4kerst\u00e4ller att inmatningen av tr\u00e5g sker kontinuerligt. Detta g\u00f6r maskinerna betydligt mycket snabbare och f\u00f6rb\u00e4ttrar p\u00e5 s\u00e5 s\u00e4tt produktionskapaciteten, d\u00e5 genomstr\u00f6mningen \u00e4r st\u00f6rre. Kontrollpanelen \u00e4r utrustad med en peksk\u00e4rm som g\u00f6r det enkelt att justera och \u00f6vervaka maskinens parametrar.<\/p>\n\n\n\n<p>Man har full \u00e5tkomst till maskinens alla huvudarbetsomr\u00e5den, s\u00e5 reng\u00f6rings- och underh\u00e5llsarbeten g\u00e5r att utf\u00f6ra enkelt och snabbt. Banden kan l\u00e4tt tas bort och tv\u00e4ttas. \u00c4ven formerna kan bytas enkelt och snabbt.<\/p>\n\n\n\n<div class=\"wp-block-buttons is-layout-flex wp-block-buttons-is-layout-flex\">\n<div class=\"wp-block-button is-style-primary smaller-blue-button\"><a class=\"wp-block-button__link wp-element-button\" href=\"https:\/\/en.ilpra.com\/packaging-machines\/foodpack-traysealers\/\" target=\"_blank\" rel=\"noreferrer noopener\">Linjef\u00f6rpackare \u276f\u276f<\/a><\/div>\n<\/div>\n\n\n<\/div><\/div><\/div>\n<\/div><\/div>\n<\/div><\/section>","protected":false},"excerpt":{"rendered":"","protected":false},"author":1,"featured_media":0,"parent":0,"menu_order":0,"comment_status":"closed","ping_status":"closed","template":"","meta":{"inline_featured_image":false,"neve_meta_sidebar":"full-width","neve_meta_container":"","neve_meta_enable_content_width":"on","neve_meta_content_width":100,"neve_meta_title_alignment":"","neve_meta_author_avatar":"","neve_post_elements_order":"","neve_meta_disable_header":"","neve_meta_disable_footer":"","neve_meta_disable_title":"","footnotes":""},"class_list":["post-3307","page","type-page","status-publish","hentry"],"yoast_head":"<!-- This site is optimized with the Yoast SEO plugin v25.1 - https:\/\/yoast.com\/wordpress\/plugins\/seo\/ -->\n<title>Kulhopakkauskoneet - Finnvacum<\/title>\n<meta name=\"robots\" content=\"index, follow, max-snippet:-1, max-image-preview:large, max-video-preview:-1\" \/>\n<link rel=\"canonical\" href=\"https:\/\/www.finnvacum.fi\/sv\/tragforpackare\/\" \/>\n<meta property=\"og:locale\" content=\"sv_SE\" \/>\n<meta property=\"og:type\" content=\"article\" \/>\n<meta property=\"og:title\" content=\"Kulhopakkauskoneet - Finnvacum\" \/>\n<meta property=\"og:url\" content=\"https:\/\/www.finnvacum.fi\/sv\/tragforpackare\/\" \/>\n<meta property=\"og:site_name\" content=\"Finnvacum\" \/>\n<meta property=\"article:publisher\" content=\"https:\/\/www.facebook.com\/finnvacum\/\" \/>\n<meta property=\"article:modified_time\" content=\"2023-02-10T12:27:30+00:00\" \/>\n<meta property=\"og:image\" content=\"https:\/\/www.finnvacum.fi\/wp-content\/uploads\/2021\/09\/kulhopakkauskoneet-1024x569.jpg\" \/>\n<meta name=\"twitter:card\" content=\"summary_large_image\" \/>\n<meta name=\"twitter:label1\" content=\"Ber\u00e4knad l\u00e4stid\" \/>\n\t<meta name=\"twitter:data1\" content=\"2 minuter\" \/>\n<script type=\"application\/ld+json\" class=\"yoast-schema-graph\">{\"@context\":\"https:\/\/schema.org\",\"@graph\":[{\"@type\":\"WebPage\",\"@id\":\"https:\/\/www.finnvacum.fi\/en\/tray-sealers\/\",\"url\":\"https:\/\/www.finnvacum.fi\/en\/tray-sealers\/\",\"name\":\"Kulhopakkauskoneet - Finnvacum\",\"isPartOf\":{\"@id\":\"https:\/\/www.finnvacum.fi\/#website\"},\"primaryImageOfPage\":{\"@id\":\"https:\/\/www.finnvacum.fi\/en\/tray-sealers\/#primaryimage\"},\"image\":{\"@id\":\"https:\/\/www.finnvacum.fi\/en\/tray-sealers\/#primaryimage\"},\"thumbnailUrl\":\"https:\/\/www.finnvacum.fi\/wp-content\/uploads\/2021\/09\/kulhopakkauskoneet-1024x569.jpg\",\"datePublished\":\"2021-09-22T14:36:47+00:00\",\"dateModified\":\"2023-02-10T12:27:30+00:00\",\"breadcrumb\":{\"@id\":\"https:\/\/www.finnvacum.fi\/en\/tray-sealers\/#breadcrumb\"},\"inLanguage\":\"sv-SE\",\"potentialAction\":[{\"@type\":\"ReadAction\",\"target\":[\"https:\/\/www.finnvacum.fi\/en\/tray-sealers\/\"]}]},{\"@type\":\"ImageObject\",\"inLanguage\":\"sv-SE\",\"@id\":\"https:\/\/www.finnvacum.fi\/en\/tray-sealers\/#primaryimage\",\"url\":\"https:\/\/www.finnvacum.fi\/wp-content\/uploads\/2021\/09\/kulhopakkauskoneet-1024x569.jpg\",\"contentUrl\":\"https:\/\/www.finnvacum.fi\/wp-content\/uploads\/2021\/09\/kulhopakkauskoneet-1024x569.jpg\"},{\"@type\":\"BreadcrumbList\",\"@id\":\"https:\/\/www.finnvacum.fi\/en\/tray-sealers\/#breadcrumb\",\"itemListElement\":[{\"@type\":\"ListItem\",\"position\":1,\"name\":\"Etusivu\",\"item\":\"https:\/\/www.finnvacum.fi\/\"},{\"@type\":\"ListItem\",\"position\":2,\"name\":\"Kulhopakkauskoneet\"}]},{\"@type\":\"WebSite\",\"@id\":\"https:\/\/www.finnvacum.fi\/#website\",\"url\":\"https:\/\/www.finnvacum.fi\/\",\"name\":\"Finnvacum\",\"description\":\"Elintarviketeollisuuden koneet ja materiaalit\",\"publisher\":{\"@id\":\"https:\/\/www.finnvacum.fi\/#organization\"},\"potentialAction\":[{\"@type\":\"SearchAction\",\"target\":{\"@type\":\"EntryPoint\",\"urlTemplate\":\"https:\/\/www.finnvacum.fi\/?s={search_term_string}\"},\"query-input\":{\"@type\":\"PropertyValueSpecification\",\"valueRequired\":true,\"valueName\":\"search_term_string\"}}],\"inLanguage\":\"sv-SE\"},{\"@type\":\"Organization\",\"@id\":\"https:\/\/www.finnvacum.fi\/#organization\",\"name\":\"Finnvacum Oy Ab\",\"url\":\"https:\/\/www.finnvacum.fi\/\",\"logo\":{\"@type\":\"ImageObject\",\"inLanguage\":\"sv-SE\",\"@id\":\"https:\/\/www.finnvacum.fi\/#\/schema\/logo\/image\/\",\"url\":\"https:\/\/www.finnvacum.fi\/wp-content\/uploads\/2021\/05\/cropped-fv3to1.png\",\"contentUrl\":\"https:\/\/www.finnvacum.fi\/wp-content\/uploads\/2021\/05\/cropped-fv3to1.png\",\"width\":600,\"height\":150,\"caption\":\"Finnvacum Oy Ab\"},\"image\":{\"@id\":\"https:\/\/www.finnvacum.fi\/#\/schema\/logo\/image\/\"},\"sameAs\":[\"https:\/\/www.facebook.com\/finnvacum\/\",\"https:\/\/www.instagram.com\/finnvacum\/\",\"https:\/\/fi.linkedin.com\/company\/finnvacum-oy-ab\"]}]}<\/script>\n<!-- \/ Yoast SEO plugin. -->","yoast_head_json":{"title":"Kulhopakkauskoneet - Finnvacum","robots":{"index":"index","follow":"follow","max-snippet":"max-snippet:-1","max-image-preview":"max-image-preview:large","max-video-preview":"max-video-preview:-1"},"canonical":"https:\/\/www.finnvacum.fi\/sv\/tragforpackare\/","og_locale":"sv_SE","og_type":"article","og_title":"Kulhopakkauskoneet - Finnvacum","og_url":"https:\/\/www.finnvacum.fi\/sv\/tragforpackare\/","og_site_name":"Finnvacum","article_publisher":"https:\/\/www.facebook.com\/finnvacum\/","article_modified_time":"2023-02-10T12:27:30+00:00","og_image":[{"url":"https:\/\/www.finnvacum.fi\/wp-content\/uploads\/2021\/09\/kulhopakkauskoneet-1024x569.jpg","type":"","width":"","height":""}],"twitter_card":"summary_large_image","twitter_misc":{"Ber\u00e4knad l\u00e4stid":"2 minuter"},"schema":{"@context":"https:\/\/schema.org","@graph":[{"@type":"WebPage","@id":"https:\/\/www.finnvacum.fi\/en\/tray-sealers\/","url":"https:\/\/www.finnvacum.fi\/en\/tray-sealers\/","name":"Kulhopakkauskoneet - Finnvacum","isPartOf":{"@id":"https:\/\/www.finnvacum.fi\/#website"},"primaryImageOfPage":{"@id":"https:\/\/www.finnvacum.fi\/en\/tray-sealers\/#primaryimage"},"image":{"@id":"https:\/\/www.finnvacum.fi\/en\/tray-sealers\/#primaryimage"},"thumbnailUrl":"https:\/\/www.finnvacum.fi\/wp-content\/uploads\/2021\/09\/kulhopakkauskoneet-1024x569.jpg","datePublished":"2021-09-22T14:36:47+00:00","dateModified":"2023-02-10T12:27:30+00:00","breadcrumb":{"@id":"https:\/\/www.finnvacum.fi\/en\/tray-sealers\/#breadcrumb"},"inLanguage":"sv-SE","potentialAction":[{"@type":"ReadAction","target":["https:\/\/www.finnvacum.fi\/en\/tray-sealers\/"]}]},{"@type":"ImageObject","inLanguage":"sv-SE","@id":"https:\/\/www.finnvacum.fi\/en\/tray-sealers\/#primaryimage","url":"https:\/\/www.finnvacum.fi\/wp-content\/uploads\/2021\/09\/kulhopakkauskoneet-1024x569.jpg","contentUrl":"https:\/\/www.finnvacum.fi\/wp-content\/uploads\/2021\/09\/kulhopakkauskoneet-1024x569.jpg"},{"@type":"BreadcrumbList","@id":"https:\/\/www.finnvacum.fi\/en\/tray-sealers\/#breadcrumb","itemListElement":[{"@type":"ListItem","position":1,"name":"Etusivu","item":"https:\/\/www.finnvacum.fi\/"},{"@type":"ListItem","position":2,"name":"Kulhopakkauskoneet"}]},{"@type":"WebSite","@id":"https:\/\/www.finnvacum.fi\/#website","url":"https:\/\/www.finnvacum.fi\/","name":"Finnvacum","description":"Elintarviketeollisuuden koneet ja materiaalit","publisher":{"@id":"https:\/\/www.finnvacum.fi\/#organization"},"potentialAction":[{"@type":"SearchAction","target":{"@type":"EntryPoint","urlTemplate":"https:\/\/www.finnvacum.fi\/?s={search_term_string}"},"query-input":{"@type":"PropertyValueSpecification","valueRequired":true,"valueName":"search_term_string"}}],"inLanguage":"sv-SE"},{"@type":"Organization","@id":"https:\/\/www.finnvacum.fi\/#organization","name":"Finnvacum Oy Ab","url":"https:\/\/www.finnvacum.fi\/","logo":{"@type":"ImageObject","inLanguage":"sv-SE","@id":"https:\/\/www.finnvacum.fi\/#\/schema\/logo\/image\/","url":"https:\/\/www.finnvacum.fi\/wp-content\/uploads\/2021\/05\/cropped-fv3to1.png","contentUrl":"https:\/\/www.finnvacum.fi\/wp-content\/uploads\/2021\/05\/cropped-fv3to1.png","width":600,"height":150,"caption":"Finnvacum Oy Ab"},"image":{"@id":"https:\/\/www.finnvacum.fi\/#\/schema\/logo\/image\/"},"sameAs":["https:\/\/www.facebook.com\/finnvacum\/","https:\/\/www.instagram.com\/finnvacum\/","https:\/\/fi.linkedin.com\/company\/finnvacum-oy-ab"]}]}},"uagb_featured_image_src":{"full":false,"thumbnail":false,"medium":false,"medium_large":false,"large":false,"1536x1536":false,"2048x2048":false,"trp-custom-language-flag":false,"neve-blog":false},"uagb_author_info":{"display_name":"Finnvacum","author_link":"https:\/\/www.finnvacum.fi\/sv\/author\/finnvacum\/"},"uagb_comment_info":0,"uagb_excerpt":null,"_links":{"self":[{"href":"https:\/\/www.finnvacum.fi\/sv\/wp-json\/wp\/v2\/pages\/3307","targetHints":{"allow":["GET"]}}],"collection":[{"href":"https:\/\/www.finnvacum.fi\/sv\/wp-json\/wp\/v2\/pages"}],"about":[{"href":"https:\/\/www.finnvacum.fi\/sv\/wp-json\/wp\/v2\/types\/page"}],"author":[{"embeddable":true,"href":"https:\/\/www.finnvacum.fi\/sv\/wp-json\/wp\/v2\/users\/1"}],"replies":[{"embeddable":true,"href":"https:\/\/www.finnvacum.fi\/sv\/wp-json\/wp\/v2\/comments?post=3307"}],"version-history":[{"count":12,"href":"https:\/\/www.finnvacum.fi\/sv\/wp-json\/wp\/v2\/pages\/3307\/revisions"}],"predecessor-version":[{"id":7272,"href":"https:\/\/www.finnvacum.fi\/sv\/wp-json\/wp\/v2\/pages\/3307\/revisions\/7272"}],"wp:attachment":[{"href":"https:\/\/www.finnvacum.fi\/sv\/wp-json\/wp\/v2\/media?parent=3307"}],"curies":[{"name":"wp","href":"https:\/\/api.w.org\/{rel}","templated":true}]}}