{"id":3299,"date":"2021-09-22T17:31:52","date_gmt":"2021-09-22T14:31:52","guid":{"rendered":"https:\/\/www.finnvacum.fi\/?page_id=3299"},"modified":"2023-09-13T12:53:40","modified_gmt":"2023-09-13T09:53:40","slug":"flowpack-maskiner","status":"publish","type":"page","link":"https:\/\/www.finnvacum.fi\/sv\/flowpack-maskiner\/","title":{"rendered":"Flowpack-maskiner"},"content":{"rendered":"<section class=\"wp-block-uagb-columns uagb-columns__wrap uagb-columns__background-undefined uagb-columns__stack-mobile uagb-columns__valign-undefined uagb-columns__gap-10 alignundefined uagb-block-25675031\"><div class=\"uagb-columns__overlay\"><\/div><div class=\"uagb-columns__inner-wrap uagb-columns__columns-2\">\n<div class=\"wp-block-uagb-column uagb-column__wrap uagb-column__background-undefined uagb-block-0dcc3e41\"><div class=\"uagb-column__overlay\"><\/div><div class=\"uagb-column__inner-wrap\">\n<figure class=\"wp-block-image size-large\"><img loading=\"lazy\" decoding=\"async\" width=\"1024\" height=\"569\" src=\"https:\/\/www.finnvacum.fi\/wp-content\/uploads\/2021\/09\/flowpack-kone-1024x569.jpg\" alt=\"\" class=\"wp-image-2876\" srcset=\"https:\/\/www.finnvacum.fi\/wp-content\/uploads\/2021\/09\/flowpack-kone-1024x569.jpg 1024w, https:\/\/www.finnvacum.fi\/wp-content\/uploads\/2021\/09\/flowpack-kone-300x167.jpg 300w, https:\/\/www.finnvacum.fi\/wp-content\/uploads\/2021\/09\/flowpack-kone-768x427.jpg 768w, https:\/\/www.finnvacum.fi\/wp-content\/uploads\/2021\/09\/flowpack-kone-600x334.jpg 600w, https:\/\/www.finnvacum.fi\/wp-content\/uploads\/2021\/09\/flowpack-kone.jpg 1200w\" sizes=\"auto, (max-width: 1024px) 100vw, 1024px\" \/><\/figure>\n<\/div><\/div>\n\n\n\n<div class=\"wp-block-uagb-column uagb-column__wrap uagb-column__background-undefined uagb-block-572789de\"><div class=\"uagb-column__overlay\"><\/div><div class=\"uagb-column__inner-wrap\">\n<p>Med Flowpack-f\u00f6rpackningsmetoden f\u00e5r man ett mjukt skyddsgaspaket. <\/p>\n\n\n\n<p>Flowpack-maskinen tillverkar p\u00e5sar av en filmrulle. Under p\u00e5fyllningsfasen sugs luften ur f\u00f6rpackningen med skyddsgas, varefter p\u00e5sen f\u00f6rsluts med tv\u00e5 \u00e4ndf\u00f6rseglingar. <\/p>\n\n\n\n<p>M\u00e4rkning och etikettering g\u00f6rs vanligtvis direkt p\u00e5 filmen innan f\u00f6rpackningen formas. Med till\u00e4ggsapparater kan man \u00e4ven \u00e5stadkomma olika \u00e5terf\u00f6rslutningsbara l\u00f6sningar.<\/p>\n<\/div><\/div>\n<\/div><\/section>\n\n\n\n<hr class=\"wp-block-separator has-css-opacity is-style-wide\"\/>\n\n\n\n<section class=\"wp-block-uagb-columns uagb-columns__wrap uagb-columns__background-undefined uagb-columns__stack-mobile uagb-columns__valign-center uagb-columns__gap-10 alignundefined uagb-block-7e53d27a\"><div class=\"uagb-columns__overlay\"><\/div><div class=\"uagb-columns__inner-wrap uagb-columns__columns-2\">\n<div class=\"wp-block-uagb-column uagb-column__wrap uagb-column__background-undefined uagb-block-d266ba38\"><div class=\"uagb-column__overlay\"><\/div><div class=\"uagb-column__inner-wrap\">\n<h2 class=\"wp-block-heading\" id=\"vaakamallit\">V\u00e5gr\u00e4ta modeller<\/h2>\n\n\n\n<div style=\"height:35px\" aria-hidden=\"true\" class=\"wp-block-spacer\"><\/div>\n\n\n\n<div class=\"wp-block-uagb-icon-list uagb-icon-list__outer-wrap uagb-icon-list__layout-vertical uagb-block-126bcb88\"><div class=\"uagb-icon-list__wrap\">\n<div class=\"wp-block-uagb-icon-list-child uagb-icon-list-repeater uagb-icon-list__wrapper uagb-block-1b377940\"><a target=\"_blank\" aria-label=\"Fuji Machinery\" rel=\"noopener noreferrer\" href=\"https:\/\/www.fuji-machinery.com\/\"><\/a><div class=\"uagb-icon-list__content-wrap\"><span class=\"uagb-icon-list__source-wrap\"><img decoding=\"async\" class=\"uagb-icon-list__source-image\" src=\"https:\/\/www.finnvacum.fi\/wp-content\/uploads\/2021\/06\/fuji-logo.jpg\"\/><\/span><div class=\"uagb-icon-list__label-wrap\"><span class=\"uagb-icon-list__label\">Fuji Machinery<\/span><\/div><\/div><\/div>\n<\/div><\/div>\n\n\n\n<div style=\"height:10px\" aria-hidden=\"true\" class=\"wp-block-spacer\"><\/div>\n\n\n\n<p>Den v\u00e5gr\u00e4ta formnings- och f\u00f6rslutningsmaskinen \u00e4r planerad f\u00f6r att sl\u00e5 in kuddformade produktf\u00f6rpackningar och de vanligaste kommersiella f\u00f6rpackningstyperna. Med en Flowpack-maskin kan man f\u00f6rpacka n\u00e4stan vad som helst: b\u00e5de sm\u00e5 och stora livsmedelsprodukter, medicinska produkter och non-food-produkter. Flowpack-f\u00f6rpackningen m\u00f6jligg\u00f6r ett imponerande \u201dall-round\u201d tryck. <\/p>\n\n\n\n<p>\u00c4ven de mest kr\u00e4vande f\u00f6rpackningsarbeten \u00e4r m\u00f6jliga med Fujis f\u00f6rslutningsteknik, s\u00e5som att g\u00f6ra upph\u00e4ngningsh\u00e5l f\u00f6r tunga produkter eller f\u00f6rpackning med \u00e5tervinningsbart PP-monomaterial, vilket sparar 70 % av f\u00f6rpackningsmaterialet. Produktinmatningsanordningarna skr\u00e4ddarsys enligt dina behov f\u00f6r manuell, halvautomatisk eller helautomatisk inmatning.<\/p>\n<\/div><\/div>\n\n\n\n<div class=\"wp-block-uagb-column uagb-column__wrap uagb-column__background-undefined uagb-block-dfabadf3\"><div class=\"uagb-column__overlay\"><\/div><div class=\"uagb-column__inner-wrap\">\n<div style=\"height:125px\" aria-hidden=\"true\" class=\"wp-block-spacer remove-spacing-mobile\"><\/div>\n\n\n\n<figure class=\"wp-block-image size-full\"><img loading=\"lazy\" decoding=\"async\" width=\"884\" height=\"474\" src=\"https:\/\/www.finnvacum.fi\/wp-content\/uploads\/2022\/01\/fuji-machine.png\" alt=\"\" class=\"wp-image-5490\" srcset=\"https:\/\/www.finnvacum.fi\/wp-content\/uploads\/2022\/01\/fuji-machine.png 884w, https:\/\/www.finnvacum.fi\/wp-content\/uploads\/2022\/01\/fuji-machine-300x161.png 300w, https:\/\/www.finnvacum.fi\/wp-content\/uploads\/2022\/01\/fuji-machine-768x412.png 768w, https:\/\/www.finnvacum.fi\/wp-content\/uploads\/2022\/01\/fuji-machine-600x322.png 600w\" sizes=\"auto, (max-width: 884px) 100vw, 884px\" \/><\/figure>\n\n\n\n<div style=\"height:15px\" aria-hidden=\"true\" class=\"wp-block-spacer\"><\/div>\n\n\n\n<div class=\"wp-block-buttons is-content-justification-center is-layout-flex wp-container-core-buttons-is-layout-16018d1d wp-block-buttons-is-layout-flex\">\n<div class=\"wp-block-button is-style-primary smaller-blue-button\"><a class=\"wp-block-button__link wp-element-button\" href=\"https:\/\/www.fuji-machinery.com\/products\/#tab-03\" target=\"_blank\" rel=\"noreferrer noopener\">Fujis v\u00e5gr\u00e4ta modeller \u276f\u276f<\/a><\/div>\n<\/div>\n<\/div><\/div>\n<\/div><\/section>\n\n\n\n<hr class=\"wp-block-separator has-css-opacity is-style-wide\"\/>\n\n\n\n<section class=\"wp-block-uagb-columns uagb-columns__wrap uagb-columns__background-undefined uagb-columns__stack-mobile uagb-columns__valign-undefined uagb-columns__gap-10 alignundefined uagb-block-7212dbea\"><div class=\"uagb-columns__overlay\"><\/div><div class=\"uagb-columns__inner-wrap uagb-columns__columns-2\">\n<div class=\"wp-block-uagb-column uagb-column__wrap uagb-column__background-undefined uagb-block-6be44665\"><div class=\"uagb-column__overlay\"><\/div><div class=\"uagb-column__inner-wrap\">\n<h2 class=\"wp-block-heading\" id=\"pystymallit\">Lodr\u00e4ta modeller<\/h2>\n\n\n\n<div style=\"height:35px\" aria-hidden=\"true\" class=\"wp-block-spacer\"><\/div>\n\n\n\n<div class=\"wp-block-uagb-icon-list uagb-icon-list__outer-wrap uagb-icon-list__layout-vertical uagb-block-df6498b1\"><div class=\"uagb-icon-list__wrap\">\n<div class=\"wp-block-uagb-icon-list-child uagb-icon-list-repeater uagb-icon-list__wrapper uagb-block-82da777e\"><a target=\"_blank\" aria-label=\"GKS Packaging - LEAF\" rel=\"noopener noreferrer\" href=\"https:\/\/www.gkspackaging.com\/\"><\/a><div class=\"uagb-icon-list__content-wrap\"><span class=\"uagb-icon-list__source-wrap\"><img decoding=\"async\" class=\"uagb-icon-list__source-image\" src=\"https:\/\/www.finnvacum.fi\/wp-content\/uploads\/2022\/01\/gks-packaging.jpg\"\/><\/span><div class=\"uagb-icon-list__label-wrap\"><span class=\"uagb-icon-list__label\">GKS Packaging &#8211; LEAF<\/span><\/div><\/div><\/div>\n<\/div><\/div>\n\n\n\n<div style=\"height:10px\" aria-hidden=\"true\" class=\"wp-block-spacer\"><\/div>\n\n\n\n<p>LEAF \u00e4r en formnings-, fyllnings- och f\u00f6rslutningsmaskin f\u00f6r tillverkning av pappersp\u00e5sar direkt fr\u00e5n en pappersrulle. Med standardkonfigurationen kan man tillverka b\u00e5de kuddp\u00e5sar och st\u00e5ende p\u00e5sar. Maskinen l\u00e4mpar sig f\u00f6r f\u00f6rpackning av m\u00e5nga olika sorters livsmedel och non-food-produkter.<\/p>\n\n\n\n<div style=\"height:15px\" aria-hidden=\"true\" class=\"wp-block-spacer\"><\/div>\n\n\n\n<div class=\"wp-block-uagb-icon-list uagb-icon-list__outer-wrap uagb-icon-list__layout-vertical uagb-block-de4fc80b\"><div class=\"uagb-icon-list__wrap\">\n<div class=\"wp-block-uagb-icon-list-child uagb-icon-list-repeater uagb-icon-list__wrapper uagb-block-55d9ccff\"><a target=\"_blank\" aria-label=\"Velteko\" rel=\"noopener noreferrer\" href=\"https:\/\/www.velteko.com\/\"><\/a><div class=\"uagb-icon-list__content-wrap\"><span class=\"uagb-icon-list__source-wrap\"><img decoding=\"async\" class=\"uagb-icon-list__source-image\" src=\"https:\/\/www.finnvacum.fi\/wp-content\/uploads\/2023\/09\/velteko-logo.png\"\/><\/span><div class=\"uagb-icon-list__label-wrap\"><span class=\"uagb-icon-list__label\">Velteko<\/span><\/div><\/div><\/div>\n<\/div><\/div>\n\n\n\n<div style=\"height:10px\" aria-hidden=\"true\" class=\"wp-block-spacer\"><\/div>\n\n\n\n<p>Velteko levererar ett mycket m\u00e5ngsidigt och t\u00e4ckande program av vertikala Flow-wrap maskiner. Allt fr\u00e5n sm\u00e5 till stor kapacitets maskiner med en kapacitet p\u00e5 upp till 400 paket\/min. De kan erbjuda alla p\u00e5styper fr\u00e5n normala dynp\u00e5sar till olika typer av st\u00e5p\u00e5sar, Doypack och olika \u00e5terf\u00f6rslutningsm\u00f6jligheter.<\/p>\n\n\n\n<figure style=\"margin-top:-15px;\" class=\"wp-block-image size-full\"><img decoding=\"async\" src=\"https:\/\/www.finnvacum.fi\/wp-content\/uploads\/2023\/09\/leaf-and-velteko.jpg\" alt=\"\"><\/figure>\n<\/div><\/div>\n\n\n\n<div class=\"wp-block-uagb-column uagb-column__wrap uagb-column__background-undefined uagb-block-801e8c33\"><div class=\"uagb-column__overlay\"><\/div><div class=\"uagb-column__inner-wrap\">\n<div style=\"height:100px\" aria-hidden=\"true\" class=\"wp-block-spacer remove-spacing-mobile\"><\/div>\n\n\n<div class=\"su-tabs su-tabs-style-default su-tabs-mobile-stack su-tabs-vertical\" data-active=\"1\" data-scroll-offset=\"0\" data-anchor-in-url=\"no\"><div class=\"su-tabs-nav\"><span class=\"\" data-url=\"\" data-target=\"blank\" tabindex=\"0\" role=\"button\">LEAF<\/span><span class=\"\" data-url=\"\" data-target=\"blank\" tabindex=\"0\" role=\"button\">Velteko<\/span><\/div><div class=\"su-tabs-panes\"><div class=\"su-tabs-pane su-u-clearfix su-u-trim\" data-title=\"LEAF\">\n\n\n\n<p>LEAF har specifikt utvecklats f\u00f6r tillverkning av pappersp\u00e5sar av 100 % \u00e5tervinningsbart och komposterbart pappersmonomaterial. Maskinen \u00e4r utrustad med ett s\u00e4rskilt formgivningkit f\u00f6r papper och en in-line n\u00e4tapplikator, som g\u00f6r det m\u00f6jligt att tillverka p\u00e5sar med ett n\u00e4tt\u00e4ckt f\u00f6nster. Det finns m\u00e5nga olika f\u00f6rpackningsstorlekar (p\u00e5sbredd 190\u2013400 mm) och f\u00f6rpackningskapaciteten \u00e4r upp till 35 p\u00e5sar per minut.<\/p>\n\n\n\n<p>Maskinen \u00e4r tillverkad av rostfritt st\u00e5l och andra \u00e5tervinningsbara material s\u00e5som havsplast.<\/p>\n\n\n\n<p>Maskinen best\u00e5r av moduler som kan bytas ut p\u00e5 n\u00e5gra minuter, vilket minskar p\u00e5 stillest\u00e5ndstiden och kostnaderna under underh\u00e5llsarbetet. Till\u00e4ggsutrustning och -komponenter kan installeras enkelt och snabbt i efterhand. Maskinen \u00e4r ocks\u00e5 mycket l\u00e4tt att reng\u00f6ra och serva.<\/p>\n\n\n\n<div class=\"wp-block-buttons is-layout-flex wp-block-buttons-is-layout-flex\">\n<div class=\"wp-block-button is-style-primary smaller-blue-button\"><a class=\"wp-block-button__link wp-element-button\" href=\"https:\/\/www.gkspackaging.com\/our-machines\/packaging-machines\/leaf-series\/\" target=\"_blank\" rel=\"noreferrer noopener\">GKS Packaging, LEAF \u276f\u276f<\/a><\/div>\n<\/div>\n\n\n<\/div>\n<div class=\"su-tabs-pane su-u-clearfix su-u-trim\" data-title=\"Velteko\">\n\n\n\n<p>Hygieniska l\u00f6sningar med upp till IP69K tv\u00e4ttbarhets klass.<\/p>\n\n\n\n<p>Kvalitet och drifts\u00e4kerhet, skr\u00e4ddarsydda och flexibla l\u00f6sningar som garanterar en trygg och l\u00f6nsam maskininvestering nu och i framtiden.<\/p>\n\n\n\n<div class=\"wp-block-buttons is-layout-flex wp-block-buttons-is-layout-flex\">\n<div class=\"wp-block-button is-style-primary smaller-blue-button\"><a class=\"wp-block-button__link wp-element-button\" href=\"https:\/\/www.velteko.com\/\" target=\"_blank\" rel=\"noreferrer noopener\">Velteko \u276f\u276f<\/a><\/div>\n<\/div>\n\n\n<\/div><\/div><\/div>\n<\/div><\/div>\n<\/div><\/section>","protected":false},"excerpt":{"rendered":"","protected":false},"author":1,"featured_media":0,"parent":0,"menu_order":0,"comment_status":"closed","ping_status":"closed","template":"","meta":{"inline_featured_image":false,"neve_meta_sidebar":"full-width","neve_meta_container":"","neve_meta_enable_content_width":"on","neve_meta_content_width":100,"neve_meta_title_alignment":"","neve_meta_author_avatar":"","neve_post_elements_order":"","neve_meta_disable_header":"","neve_meta_disable_footer":"","neve_meta_disable_title":"","footnotes":""},"class_list":["post-3299","page","type-page","status-publish","hentry"],"yoast_head":"<!-- This site is optimized with the Yoast SEO plugin v25.1 - https:\/\/yoast.com\/wordpress\/plugins\/seo\/ -->\n<title>Flowpack-koneet - Finnvacum<\/title>\n<meta name=\"robots\" content=\"index, follow, max-snippet:-1, max-image-preview:large, max-video-preview:-1\" \/>\n<link rel=\"canonical\" href=\"https:\/\/www.finnvacum.fi\/sv\/flowpack-maskiner\/\" \/>\n<meta property=\"og:locale\" content=\"sv_SE\" \/>\n<meta property=\"og:type\" content=\"article\" \/>\n<meta property=\"og:title\" content=\"Flowpack-koneet - Finnvacum\" \/>\n<meta property=\"og:url\" content=\"https:\/\/www.finnvacum.fi\/sv\/flowpack-maskiner\/\" \/>\n<meta property=\"og:site_name\" content=\"Finnvacum\" \/>\n<meta property=\"article:publisher\" content=\"https:\/\/www.facebook.com\/finnvacum\/\" \/>\n<meta property=\"article:modified_time\" content=\"2023-09-13T09:53:40+00:00\" \/>\n<meta property=\"og:image\" content=\"https:\/\/www.finnvacum.fi\/wp-content\/uploads\/2021\/09\/flowpack-kone-1024x569.jpg\" \/>\n<meta name=\"twitter:card\" content=\"summary_large_image\" \/>\n<meta name=\"twitter:label1\" content=\"Ber\u00e4knad l\u00e4stid\" \/>\n\t<meta name=\"twitter:data1\" content=\"2 minuter\" \/>\n<script type=\"application\/ld+json\" class=\"yoast-schema-graph\">{\"@context\":\"https:\/\/schema.org\",\"@graph\":[{\"@type\":\"WebPage\",\"@id\":\"https:\/\/www.finnvacum.fi\/flowpack-koneet\/\",\"url\":\"https:\/\/www.finnvacum.fi\/flowpack-koneet\/\",\"name\":\"Flowpack-koneet - Finnvacum\",\"isPartOf\":{\"@id\":\"https:\/\/www.finnvacum.fi\/#website\"},\"primaryImageOfPage\":{\"@id\":\"https:\/\/www.finnvacum.fi\/flowpack-koneet\/#primaryimage\"},\"image\":{\"@id\":\"https:\/\/www.finnvacum.fi\/flowpack-koneet\/#primaryimage\"},\"thumbnailUrl\":\"https:\/\/www.finnvacum.fi\/wp-content\/uploads\/2021\/09\/flowpack-kone-1024x569.jpg\",\"datePublished\":\"2021-09-22T14:31:52+00:00\",\"dateModified\":\"2023-09-13T09:53:40+00:00\",\"breadcrumb\":{\"@id\":\"https:\/\/www.finnvacum.fi\/flowpack-koneet\/#breadcrumb\"},\"inLanguage\":\"sv-SE\",\"potentialAction\":[{\"@type\":\"ReadAction\",\"target\":[\"https:\/\/www.finnvacum.fi\/flowpack-koneet\/\"]}]},{\"@type\":\"ImageObject\",\"inLanguage\":\"sv-SE\",\"@id\":\"https:\/\/www.finnvacum.fi\/flowpack-koneet\/#primaryimage\",\"url\":\"https:\/\/www.finnvacum.fi\/wp-content\/uploads\/2021\/09\/flowpack-kone-1024x569.jpg\",\"contentUrl\":\"https:\/\/www.finnvacum.fi\/wp-content\/uploads\/2021\/09\/flowpack-kone-1024x569.jpg\"},{\"@type\":\"BreadcrumbList\",\"@id\":\"https:\/\/www.finnvacum.fi\/flowpack-koneet\/#breadcrumb\",\"itemListElement\":[{\"@type\":\"ListItem\",\"position\":1,\"name\":\"Etusivu\",\"item\":\"https:\/\/www.finnvacum.fi\/\"},{\"@type\":\"ListItem\",\"position\":2,\"name\":\"Flowpack-koneet\"}]},{\"@type\":\"WebSite\",\"@id\":\"https:\/\/www.finnvacum.fi\/#website\",\"url\":\"https:\/\/www.finnvacum.fi\/\",\"name\":\"Finnvacum\",\"description\":\"Elintarviketeollisuuden koneet ja materiaalit\",\"publisher\":{\"@id\":\"https:\/\/www.finnvacum.fi\/#organization\"},\"potentialAction\":[{\"@type\":\"SearchAction\",\"target\":{\"@type\":\"EntryPoint\",\"urlTemplate\":\"https:\/\/www.finnvacum.fi\/?s={search_term_string}\"},\"query-input\":{\"@type\":\"PropertyValueSpecification\",\"valueRequired\":true,\"valueName\":\"search_term_string\"}}],\"inLanguage\":\"sv-SE\"},{\"@type\":\"Organization\",\"@id\":\"https:\/\/www.finnvacum.fi\/#organization\",\"name\":\"Finnvacum Oy Ab\",\"url\":\"https:\/\/www.finnvacum.fi\/\",\"logo\":{\"@type\":\"ImageObject\",\"inLanguage\":\"sv-SE\",\"@id\":\"https:\/\/www.finnvacum.fi\/#\/schema\/logo\/image\/\",\"url\":\"https:\/\/www.finnvacum.fi\/wp-content\/uploads\/2021\/05\/cropped-fv3to1.png\",\"contentUrl\":\"https:\/\/www.finnvacum.fi\/wp-content\/uploads\/2021\/05\/cropped-fv3to1.png\",\"width\":600,\"height\":150,\"caption\":\"Finnvacum Oy Ab\"},\"image\":{\"@id\":\"https:\/\/www.finnvacum.fi\/#\/schema\/logo\/image\/\"},\"sameAs\":[\"https:\/\/www.facebook.com\/finnvacum\/\",\"https:\/\/www.instagram.com\/finnvacum\/\",\"https:\/\/fi.linkedin.com\/company\/finnvacum-oy-ab\"]}]}<\/script>\n<!-- \/ Yoast SEO plugin. -->","yoast_head_json":{"title":"Flowpack-koneet - Finnvacum","robots":{"index":"index","follow":"follow","max-snippet":"max-snippet:-1","max-image-preview":"max-image-preview:large","max-video-preview":"max-video-preview:-1"},"canonical":"https:\/\/www.finnvacum.fi\/sv\/flowpack-maskiner\/","og_locale":"sv_SE","og_type":"article","og_title":"Flowpack-koneet - Finnvacum","og_url":"https:\/\/www.finnvacum.fi\/sv\/flowpack-maskiner\/","og_site_name":"Finnvacum","article_publisher":"https:\/\/www.facebook.com\/finnvacum\/","article_modified_time":"2023-09-13T09:53:40+00:00","og_image":[{"url":"https:\/\/www.finnvacum.fi\/wp-content\/uploads\/2021\/09\/flowpack-kone-1024x569.jpg","type":"","width":"","height":""}],"twitter_card":"summary_large_image","twitter_misc":{"Ber\u00e4knad l\u00e4stid":"2 minuter"},"schema":{"@context":"https:\/\/schema.org","@graph":[{"@type":"WebPage","@id":"https:\/\/www.finnvacum.fi\/flowpack-koneet\/","url":"https:\/\/www.finnvacum.fi\/flowpack-koneet\/","name":"Flowpack-koneet - Finnvacum","isPartOf":{"@id":"https:\/\/www.finnvacum.fi\/#website"},"primaryImageOfPage":{"@id":"https:\/\/www.finnvacum.fi\/flowpack-koneet\/#primaryimage"},"image":{"@id":"https:\/\/www.finnvacum.fi\/flowpack-koneet\/#primaryimage"},"thumbnailUrl":"https:\/\/www.finnvacum.fi\/wp-content\/uploads\/2021\/09\/flowpack-kone-1024x569.jpg","datePublished":"2021-09-22T14:31:52+00:00","dateModified":"2023-09-13T09:53:40+00:00","breadcrumb":{"@id":"https:\/\/www.finnvacum.fi\/flowpack-koneet\/#breadcrumb"},"inLanguage":"sv-SE","potentialAction":[{"@type":"ReadAction","target":["https:\/\/www.finnvacum.fi\/flowpack-koneet\/"]}]},{"@type":"ImageObject","inLanguage":"sv-SE","@id":"https:\/\/www.finnvacum.fi\/flowpack-koneet\/#primaryimage","url":"https:\/\/www.finnvacum.fi\/wp-content\/uploads\/2021\/09\/flowpack-kone-1024x569.jpg","contentUrl":"https:\/\/www.finnvacum.fi\/wp-content\/uploads\/2021\/09\/flowpack-kone-1024x569.jpg"},{"@type":"BreadcrumbList","@id":"https:\/\/www.finnvacum.fi\/flowpack-koneet\/#breadcrumb","itemListElement":[{"@type":"ListItem","position":1,"name":"Etusivu","item":"https:\/\/www.finnvacum.fi\/"},{"@type":"ListItem","position":2,"name":"Flowpack-koneet"}]},{"@type":"WebSite","@id":"https:\/\/www.finnvacum.fi\/#website","url":"https:\/\/www.finnvacum.fi\/","name":"Finnvacum","description":"Elintarviketeollisuuden koneet ja materiaalit","publisher":{"@id":"https:\/\/www.finnvacum.fi\/#organization"},"potentialAction":[{"@type":"SearchAction","target":{"@type":"EntryPoint","urlTemplate":"https:\/\/www.finnvacum.fi\/?s={search_term_string}"},"query-input":{"@type":"PropertyValueSpecification","valueRequired":true,"valueName":"search_term_string"}}],"inLanguage":"sv-SE"},{"@type":"Organization","@id":"https:\/\/www.finnvacum.fi\/#organization","name":"Finnvacum Oy Ab","url":"https:\/\/www.finnvacum.fi\/","logo":{"@type":"ImageObject","inLanguage":"sv-SE","@id":"https:\/\/www.finnvacum.fi\/#\/schema\/logo\/image\/","url":"https:\/\/www.finnvacum.fi\/wp-content\/uploads\/2021\/05\/cropped-fv3to1.png","contentUrl":"https:\/\/www.finnvacum.fi\/wp-content\/uploads\/2021\/05\/cropped-fv3to1.png","width":600,"height":150,"caption":"Finnvacum Oy Ab"},"image":{"@id":"https:\/\/www.finnvacum.fi\/#\/schema\/logo\/image\/"},"sameAs":["https:\/\/www.facebook.com\/finnvacum\/","https:\/\/www.instagram.com\/finnvacum\/","https:\/\/fi.linkedin.com\/company\/finnvacum-oy-ab"]}]}},"uagb_featured_image_src":{"full":false,"thumbnail":false,"medium":false,"medium_large":false,"large":false,"1536x1536":false,"2048x2048":false,"trp-custom-language-flag":false,"neve-blog":false},"uagb_author_info":{"display_name":"Finnvacum","author_link":"https:\/\/www.finnvacum.fi\/sv\/author\/finnvacum\/"},"uagb_comment_info":0,"uagb_excerpt":null,"_links":{"self":[{"href":"https:\/\/www.finnvacum.fi\/sv\/wp-json\/wp\/v2\/pages\/3299","targetHints":{"allow":["GET"]}}],"collection":[{"href":"https:\/\/www.finnvacum.fi\/sv\/wp-json\/wp\/v2\/pages"}],"about":[{"href":"https:\/\/www.finnvacum.fi\/sv\/wp-json\/wp\/v2\/types\/page"}],"author":[{"embeddable":true,"href":"https:\/\/www.finnvacum.fi\/sv\/wp-json\/wp\/v2\/users\/1"}],"replies":[{"embeddable":true,"href":"https:\/\/www.finnvacum.fi\/sv\/wp-json\/wp\/v2\/comments?post=3299"}],"version-history":[{"count":10,"href":"https:\/\/www.finnvacum.fi\/sv\/wp-json\/wp\/v2\/pages\/3299\/revisions"}],"predecessor-version":[{"id":7417,"href":"https:\/\/www.finnvacum.fi\/sv\/wp-json\/wp\/v2\/pages\/3299\/revisions\/7417"}],"wp:attachment":[{"href":"https:\/\/www.finnvacum.fi\/sv\/wp-json\/wp\/v2\/media?parent=3299"}],"curies":[{"name":"wp","href":"https:\/\/api.w.org\/{rel}","templated":true}]}}