{"id":3287,"date":"2021-09-22T14:02:38","date_gmt":"2021-09-22T11:02:38","guid":{"rendered":"https:\/\/www.finnvacum.fi\/?page_id=3287"},"modified":"2022-06-02T15:06:51","modified_gmt":"2022-06-02T12:06:51","slug":"djupdragare","status":"publish","type":"page","link":"https:\/\/www.finnvacum.fi\/sv\/djupdragare\/","title":{"rendered":"Djupdragare"},"content":{"rendered":"<section class=\"wp-block-uagb-columns uagb-columns__wrap uagb-columns__background-undefined uagb-columns__stack-mobile uagb-columns__valign-undefined uagb-columns__gap-10 alignundefined uagb-block-e61bd1a2\"><div class=\"uagb-columns__overlay\"><\/div><div class=\"uagb-columns__inner-wrap uagb-columns__columns-2\">\n<div class=\"wp-block-uagb-column uagb-column__wrap uagb-column__background-undefined uagb-block-1f959533\"><div class=\"uagb-column__overlay\"><\/div><div class=\"uagb-column__inner-wrap\">\n<figure class=\"wp-block-image size-large\"><img loading=\"lazy\" decoding=\"async\" width=\"1024\" height=\"569\" src=\"https:\/\/www.finnvacum.fi\/wp-content\/uploads\/2021\/09\/syvavetokoneet-1024x569.jpg\" alt=\"\" class=\"wp-image-2861\" srcset=\"https:\/\/www.finnvacum.fi\/wp-content\/uploads\/2021\/09\/syvavetokoneet-1024x569.jpg 1024w, https:\/\/www.finnvacum.fi\/wp-content\/uploads\/2021\/09\/syvavetokoneet-300x167.jpg 300w, https:\/\/www.finnvacum.fi\/wp-content\/uploads\/2021\/09\/syvavetokoneet-768x427.jpg 768w, https:\/\/www.finnvacum.fi\/wp-content\/uploads\/2021\/09\/syvavetokoneet-600x334.jpg 600w, https:\/\/www.finnvacum.fi\/wp-content\/uploads\/2021\/09\/syvavetokoneet.jpg 1200w\" sizes=\"auto, (max-width: 1024px) 100vw, 1024px\" \/><\/figure>\n<\/div><\/div>\n\n\n\n<div class=\"wp-block-uagb-column uagb-column__wrap uagb-column__background-undefined uagb-block-52a99941\"><div class=\"uagb-column__overlay\"><\/div><div class=\"uagb-column__inner-wrap\">\n<p><strong>En djupdragare \u00e4r l\u00e4mplig f\u00f6r mer storskaliga produktioner.<\/strong> Djupdragaren formar en flexibel bottenfilm, p\u00e5 vilken produkterna placeras antingen manuellt eller automatiskt. F\u00f6rpackningen f\u00f6rflyttas till en vakuumkammare, d\u00e4r den f\u00f6rseglas genom att en \u00f6vre film svetsas fast i f\u00f6rpackningen. Efter att ett vakuum har skapats flyttas banan till en tv\u00e4rsk\u00e4rare, d\u00e4r f\u00f6rpackningarna sk\u00e4rs av fr\u00e5n varandra. Det finns en eller flera banor. Slutligen genomf\u00f6rs etiketteringen och priss\u00e4ttningen p\u00e5 banan med hj\u00e4lp av en automatisk priss\u00e4ttningsv\u00e5g och d\u00e4refter \u00e4r f\u00f6rpackningen klar.<\/p>\n\n\n<div class=\"wp-block-image\">\n<figure class=\"alignleft size-full is-resized\"><a href=\"https:\/\/www.variovac.de\/en\/products\/product-overview\/packaging-machines\" target=\"_blank\" rel=\"noopener\"><img loading=\"lazy\" decoding=\"async\" src=\"https:\/\/www.finnvacum.fi\/wp-content\/uploads\/2021\/06\/variovac-logo.jpg\" alt=\"\" class=\"wp-image-408\" width=\"183\" height=\"36\" srcset=\"https:\/\/www.finnvacum.fi\/wp-content\/uploads\/2021\/06\/variovac-logo.jpg 350w, https:\/\/www.finnvacum.fi\/wp-content\/uploads\/2021\/06\/variovac-logo-300x60.jpg 300w\" sizes=\"auto, (max-width: 183px) 100vw, 183px\" \/><\/a><\/figure>\n<\/div><\/div><\/div>\n<\/div><\/section>\n\n\n\n<hr class=\"wp-block-separator has-css-opacity is-style-wide\"\/>\n\n\n\n<section class=\"wp-block-uagb-columns uagb-columns__wrap uagb-columns__background-undefined uagb-columns__stack-mobile uagb-columns__valign-undefined uagb-columns__gap-10 alignundefined uagb-block-6884e992\"><div class=\"uagb-columns__overlay\"><\/div><div class=\"uagb-columns__inner-wrap uagb-columns__columns-2\">\n<div class=\"wp-block-uagb-column uagb-column__wrap uagb-column__background-undefined uagb-block-ab0d55fc\"><div class=\"uagb-column__overlay\"><\/div><div class=\"uagb-column__inner-wrap\">\n<h2 class=\"wp-block-heading\">M\u00e5ngsidig och effektiv f\u00f6rpackning<\/h2>\n\n\n\n<p>Variovacs helautomatiska djupdragare \u00e4r mycket anv\u00e4ndarv\u00e4nliga och uppfyller de h\u00f6gsta kvalitets- och hygienkraven. Dessa v\u00e5gr\u00e4ta maskiner i rostfritt st\u00e5l \u00e4r stabila och kompakta. Maskinernas modulliknande konstruktion m\u00f6jligg\u00f6r en m\u00e4ngd olika f\u00f6rpackningsalternativ.<\/p>\n\n\n\n<p>Med Variovacs maskiner kan man p\u00e5 ett kostnadseffektivt s\u00e4tt f\u00f6rpacka livsmedel, non-food-produkter och t.ex. sterila medicinska produkter. F\u00f6rpackningarna kan vara b\u00e5de halvstyva och flexibla. Maskinerna erbjuder maximal f\u00f6rpackningstillf\u00f6rlitlighet, vilket \u00e4r avg\u00f6rande b\u00e5de inom livsmedels- och l\u00e4kemedelsindustrin.<\/p>\n\n\n\n<figure class=\"wp-block-image size-large\"><img loading=\"lazy\" decoding=\"async\" width=\"1024\" height=\"683\" src=\"https:\/\/www.finnvacum.fi\/wp-content\/uploads\/2021\/09\/primus-syvavetokone-pakkaaminen-1024x683.jpg\" alt=\"\" class=\"wp-image-3403\" srcset=\"https:\/\/www.finnvacum.fi\/wp-content\/uploads\/2021\/09\/primus-syvavetokone-pakkaaminen-1024x683.jpg 1024w, https:\/\/www.finnvacum.fi\/wp-content\/uploads\/2021\/09\/primus-syvavetokone-pakkaaminen-300x200.jpg 300w, https:\/\/www.finnvacum.fi\/wp-content\/uploads\/2021\/09\/primus-syvavetokone-pakkaaminen-768x512.jpg 768w, https:\/\/www.finnvacum.fi\/wp-content\/uploads\/2021\/09\/primus-syvavetokone-pakkaaminen-1536x1024.jpg 1536w, https:\/\/www.finnvacum.fi\/wp-content\/uploads\/2021\/09\/primus-syvavetokone-pakkaaminen-2048x1366.jpg 2048w, https:\/\/www.finnvacum.fi\/wp-content\/uploads\/2021\/09\/primus-syvavetokone-pakkaaminen-930x620.jpg 930w, https:\/\/www.finnvacum.fi\/wp-content\/uploads\/2021\/09\/primus-syvavetokone-pakkaaminen-600x400.jpg 600w\" sizes=\"auto, (max-width: 1024px) 100vw, 1024px\" \/><\/figure>\n<\/div><\/div>\n\n\n\n<div class=\"wp-block-uagb-column uagb-column__wrap uagb-column__background-undefined uagb-block-8817c980\"><div class=\"uagb-column__overlay\"><\/div><div class=\"uagb-column__inner-wrap\">\n<div style=\"height:35px\" aria-hidden=\"true\" class=\"wp-block-spacer remove-spacing-mobile\"><\/div>\n\n\n<div class=\"su-tabs su-tabs-style-default su-tabs-mobile-stack su-tabs-vertical\" data-active=\"1\" data-scroll-offset=\"0\" data-anchor-in-url=\"no\"><div class=\"su-tabs-nav\"><span class=\"\" data-url=\"\" data-target=\"blank\" tabindex=\"0\" role=\"button\">Optimus<\/span><span class=\"\" data-url=\"\" data-target=\"blank\" tabindex=\"0\" role=\"button\">Primus<\/span><\/div><div class=\"su-tabs-panes\"><div class=\"su-tabs-pane su-u-clearfix su-u-trim\" data-title=\"Optimus\">\n\n\n\n<figure class=\"wp-block-image size-large\"><img loading=\"lazy\" decoding=\"async\" width=\"1024\" height=\"546\" src=\"https:\/\/www.finnvacum.fi\/wp-content\/uploads\/2021\/09\/syvavetokone-optimus-variovac-1024x546.jpg\" alt=\"\" class=\"wp-image-3328\" srcset=\"https:\/\/www.finnvacum.fi\/wp-content\/uploads\/2021\/09\/syvavetokone-optimus-variovac-1024x546.jpg 1024w, https:\/\/www.finnvacum.fi\/wp-content\/uploads\/2021\/09\/syvavetokone-optimus-variovac-300x160.jpg 300w, https:\/\/www.finnvacum.fi\/wp-content\/uploads\/2021\/09\/syvavetokone-optimus-variovac-768x410.jpg 768w, https:\/\/www.finnvacum.fi\/wp-content\/uploads\/2021\/09\/syvavetokone-optimus-variovac-1536x819.jpg 1536w, https:\/\/www.finnvacum.fi\/wp-content\/uploads\/2021\/09\/syvavetokone-optimus-variovac-600x320.jpg 600w, https:\/\/www.finnvacum.fi\/wp-content\/uploads\/2021\/09\/syvavetokone-optimus-variovac.jpg 1920w\" sizes=\"auto, (max-width: 1024px) 100vw, 1024px\" \/><\/figure>\n\n\n\n<p><strong>Optimus<\/strong> \u00e4r en p\u00e5litlig och kompakt djupdragare med en imponerande kapacitet. Denna plug-and-play-maskin \u00e4r Variovacs minsta djupdragare. Med maskinen skapar man attraktiva f\u00f6rpackningar med maximal produkth\u00e5llbarhetstid.<\/p>\n\n\n\n<p>Optimus producerar h\u00f6gkvalitativa f\u00f6rpackningar effektivt, oavsett om det handlar om vakuum, MAP, skinnf\u00f6rpackning, krympf\u00f6rpackning eller t.ex. f\u00f6rpackning av varma produkter med \u00e5nga.<\/p>\n\n\n\n<p>M\u00e5ngsidiga l\u00f6sningar och till\u00e4ggskomponenter finns \u00e4ven att f\u00e5s, vilket g\u00f6r det m\u00f6jligt att individualisera f\u00f6rpackningslinjen, i enlighet med produkternas f\u00f6rpackningskrav.<\/p>\n\n\n\n<div class=\"wp-block-buttons is-layout-flex wp-block-buttons-is-layout-flex\">\n<div class=\"wp-block-button is-style-primary smaller-blue-button\"><a class=\"wp-block-button__link\" href=\"https:\/\/www.variovac.de\/en\/products\/product-overview\/packaging-machines\/optimus\" target=\"_blank\" rel=\"noreferrer noopener\"> Variovac Optimus \u276f\u276f<\/a><\/div>\n<\/div>\n\n\n<\/div>\n<div class=\"su-tabs-pane su-u-clearfix su-u-trim\" data-title=\"Primus\">\n\n\n\n<figure class=\"wp-block-image size-large\"><img loading=\"lazy\" decoding=\"async\" width=\"1024\" height=\"546\" src=\"https:\/\/www.finnvacum.fi\/wp-content\/uploads\/2021\/09\/syvavetokone-primus-1024x546.jpg\" alt=\"\" class=\"wp-image-3405\" srcset=\"https:\/\/www.finnvacum.fi\/wp-content\/uploads\/2021\/09\/syvavetokone-primus-1024x546.jpg 1024w, https:\/\/www.finnvacum.fi\/wp-content\/uploads\/2021\/09\/syvavetokone-primus-300x160.jpg 300w, https:\/\/www.finnvacum.fi\/wp-content\/uploads\/2021\/09\/syvavetokone-primus-768x410.jpg 768w, https:\/\/www.finnvacum.fi\/wp-content\/uploads\/2021\/09\/syvavetokone-primus-1536x819.jpg 1536w, https:\/\/www.finnvacum.fi\/wp-content\/uploads\/2021\/09\/syvavetokone-primus-600x320.jpg 600w, https:\/\/www.finnvacum.fi\/wp-content\/uploads\/2021\/09\/syvavetokone-primus.jpg 1920w\" sizes=\"auto, (max-width: 1024px) 100vw, 1024px\" \/><\/figure>\n\n\n\n<p><strong>Primus<\/strong> \u00e4r en mellanstor, multifunktionell djupdragare.<\/p>\n\n\n\n<p>Med maskinen kan man effektivt f\u00f6rpacka produkter i vakuum, skyddsgas, skinf\u00f6rpackningar eller krympp\u00e5sar. \u00c5ngf\u00f6rpackning av varma produkter \u00e4r ocks\u00e5 ett m\u00f6jligt alternativ. Primus har allts\u00e5 de r\u00e4tta l\u00f6sningarna f\u00f6r alla metoder och slutresultatet \u00e4r en precis r\u00e4tt sorts, attraktiv och p\u00e5litlig f\u00f6rpackning.<\/p>\n\n\n\n<p>M\u00e5ngsidiga till\u00e4ggskomponenter finns \u00e4ven att f\u00e5s, s\u00e5 att man kan konfigurera f\u00f6rpackningslinjen individuellt, i enlighet med de produkter som ska f\u00f6rpackas. Metalldetektorer och kontrollv\u00e5gar kompletterar f\u00f6rpackningslinjen.<\/p>\n\n\n\n<div class=\"wp-block-buttons is-layout-flex wp-block-buttons-is-layout-flex\">\n<div class=\"wp-block-button is-style-primary smaller-blue-button\"><a class=\"wp-block-button__link\" href=\"https:\/\/www.variovac.de\/en\/products\/product-overview\/packaging-machines\/primus\" target=\"_blank\" rel=\"noreferrer noopener\"> Variovac primus \u276f\u276f<\/a><\/div>\n<\/div>\n\n\n<\/div><\/div><\/div>\n<\/div><\/div>\n<\/div><\/section>\n\n\n\n<section class=\"wp-block-uagb-columns uagb-columns__wrap uagb-columns__background-color uagb-columns__stack-mobile uagb-columns__valign-undefined uagb-columns__gap-10 alignfull uagb-block-7582e60d\"><div class=\"uagb-columns__overlay\"><\/div><div class=\"uagb-columns__inner-wrap uagb-columns__columns-2\">\n<div class=\"wp-block-uagb-column uagb-column__wrap uagb-column__background-undefined uagb-block-9ec3875b\"><div class=\"uagb-column__overlay\"><\/div><div class=\"uagb-column__inner-wrap\"><div class=\"wp-block-image\">\n<figure class=\"aligncenter size-full is-resized\"><img loading=\"lazy\" decoding=\"async\" src=\"https:\/\/www.finnvacum.fi\/wp-content\/uploads\/2021\/09\/rapid-air-system.png\" alt=\"\" class=\"wp-image-3341\" width=\"227\" height=\"112\" srcset=\"https:\/\/www.finnvacum.fi\/wp-content\/uploads\/2021\/09\/rapid-air-system.png 936w, https:\/\/www.finnvacum.fi\/wp-content\/uploads\/2021\/09\/rapid-air-system-768x383.png 768w, https:\/\/www.finnvacum.fi\/wp-content\/uploads\/2021\/09\/rapid-air-system-600x299.png 600w\" sizes=\"auto, (max-width: 227px) 100vw, 227px\" \/><\/figure>\n<\/div><\/div><\/div>\n\n\n\n<div class=\"wp-block-uagb-column uagb-column__wrap uagb-column__background-undefined uagb-block-5ff00e0f\"><div class=\"uagb-column__overlay\"><\/div><div class=\"uagb-column__inner-wrap\">\n<p>Variovacs djupdragare \u00e4r utrustade med Variovac RapidAirSystem-systemet, som garanterar optimal f\u00f6rpackningsformning och h\u00f6g f\u00f6rpackningskapacitet. Med den h\u00e4r tekniken kan du uppn\u00e5 en speciellt noggrann formning och f\u00f6rsegling med en maskinhastighet som \u00e4r cirka 30 % h\u00f6gre j\u00e4mf\u00f6rt med traditionella system.<\/p>\n<\/div><\/div>\n<\/div><\/section>","protected":false},"excerpt":{"rendered":"","protected":false},"author":1,"featured_media":0,"parent":0,"menu_order":0,"comment_status":"closed","ping_status":"closed","template":"","meta":{"inline_featured_image":false,"neve_meta_sidebar":"full-width","neve_meta_container":"","neve_meta_enable_content_width":"on","neve_meta_content_width":100,"neve_meta_title_alignment":"","neve_meta_author_avatar":"","neve_post_elements_order":"","neve_meta_disable_header":"","neve_meta_disable_footer":"","neve_meta_disable_title":"","footnotes":""},"class_list":["post-3287","page","type-page","status-publish","hentry"],"yoast_head":"<!-- This site is optimized with the Yoast SEO plugin v25.1 - https:\/\/yoast.com\/wordpress\/plugins\/seo\/ -->\n<title>Syv\u00e4vetokoneet - Finnvacum<\/title>\n<meta name=\"robots\" content=\"index, follow, max-snippet:-1, max-image-preview:large, max-video-preview:-1\" \/>\n<link rel=\"canonical\" href=\"https:\/\/www.finnvacum.fi\/sv\/djupdragare\/\" \/>\n<meta property=\"og:locale\" content=\"sv_SE\" \/>\n<meta property=\"og:type\" content=\"article\" \/>\n<meta property=\"og:title\" content=\"Syv\u00e4vetokoneet - Finnvacum\" \/>\n<meta property=\"og:url\" content=\"https:\/\/www.finnvacum.fi\/sv\/djupdragare\/\" \/>\n<meta property=\"og:site_name\" content=\"Finnvacum\" \/>\n<meta property=\"article:publisher\" content=\"https:\/\/www.facebook.com\/finnvacum\/\" \/>\n<meta property=\"article:modified_time\" content=\"2022-06-02T12:06:51+00:00\" \/>\n<meta property=\"og:image\" content=\"https:\/\/www.finnvacum.fi\/wp-content\/uploads\/2021\/09\/syvavetokoneet-1024x569.jpg\" \/>\n<meta name=\"twitter:card\" content=\"summary_large_image\" \/>\n<meta name=\"twitter:label1\" content=\"Ber\u00e4knad l\u00e4stid\" \/>\n\t<meta name=\"twitter:data1\" content=\"2 minuter\" \/>\n<script type=\"application\/ld+json\" class=\"yoast-schema-graph\">{\"@context\":\"https:\/\/schema.org\",\"@graph\":[{\"@type\":\"WebPage\",\"@id\":\"https:\/\/www.finnvacum.fi\/syvavetokoneet\/\",\"url\":\"https:\/\/www.finnvacum.fi\/syvavetokoneet\/\",\"name\":\"Syv\u00e4vetokoneet - Finnvacum\",\"isPartOf\":{\"@id\":\"https:\/\/www.finnvacum.fi\/#website\"},\"primaryImageOfPage\":{\"@id\":\"https:\/\/www.finnvacum.fi\/syvavetokoneet\/#primaryimage\"},\"image\":{\"@id\":\"https:\/\/www.finnvacum.fi\/syvavetokoneet\/#primaryimage\"},\"thumbnailUrl\":\"https:\/\/www.finnvacum.fi\/wp-content\/uploads\/2021\/09\/syvavetokoneet-1024x569.jpg\",\"datePublished\":\"2021-09-22T11:02:38+00:00\",\"dateModified\":\"2022-06-02T12:06:51+00:00\",\"breadcrumb\":{\"@id\":\"https:\/\/www.finnvacum.fi\/syvavetokoneet\/#breadcrumb\"},\"inLanguage\":\"sv-SE\",\"potentialAction\":[{\"@type\":\"ReadAction\",\"target\":[\"https:\/\/www.finnvacum.fi\/syvavetokoneet\/\"]}]},{\"@type\":\"ImageObject\",\"inLanguage\":\"sv-SE\",\"@id\":\"https:\/\/www.finnvacum.fi\/syvavetokoneet\/#primaryimage\",\"url\":\"https:\/\/www.finnvacum.fi\/wp-content\/uploads\/2021\/09\/syvavetokoneet-1024x569.jpg\",\"contentUrl\":\"https:\/\/www.finnvacum.fi\/wp-content\/uploads\/2021\/09\/syvavetokoneet-1024x569.jpg\"},{\"@type\":\"BreadcrumbList\",\"@id\":\"https:\/\/www.finnvacum.fi\/syvavetokoneet\/#breadcrumb\",\"itemListElement\":[{\"@type\":\"ListItem\",\"position\":1,\"name\":\"Etusivu\",\"item\":\"https:\/\/www.finnvacum.fi\/\"},{\"@type\":\"ListItem\",\"position\":2,\"name\":\"Syv\u00e4vetokoneet\"}]},{\"@type\":\"WebSite\",\"@id\":\"https:\/\/www.finnvacum.fi\/#website\",\"url\":\"https:\/\/www.finnvacum.fi\/\",\"name\":\"Finnvacum\",\"description\":\"Elintarviketeollisuuden koneet ja materiaalit\",\"publisher\":{\"@id\":\"https:\/\/www.finnvacum.fi\/#organization\"},\"potentialAction\":[{\"@type\":\"SearchAction\",\"target\":{\"@type\":\"EntryPoint\",\"urlTemplate\":\"https:\/\/www.finnvacum.fi\/?s={search_term_string}\"},\"query-input\":{\"@type\":\"PropertyValueSpecification\",\"valueRequired\":true,\"valueName\":\"search_term_string\"}}],\"inLanguage\":\"sv-SE\"},{\"@type\":\"Organization\",\"@id\":\"https:\/\/www.finnvacum.fi\/#organization\",\"name\":\"Finnvacum Oy Ab\",\"url\":\"https:\/\/www.finnvacum.fi\/\",\"logo\":{\"@type\":\"ImageObject\",\"inLanguage\":\"sv-SE\",\"@id\":\"https:\/\/www.finnvacum.fi\/#\/schema\/logo\/image\/\",\"url\":\"https:\/\/www.finnvacum.fi\/wp-content\/uploads\/2021\/05\/cropped-fv3to1.png\",\"contentUrl\":\"https:\/\/www.finnvacum.fi\/wp-content\/uploads\/2021\/05\/cropped-fv3to1.png\",\"width\":600,\"height\":150,\"caption\":\"Finnvacum Oy Ab\"},\"image\":{\"@id\":\"https:\/\/www.finnvacum.fi\/#\/schema\/logo\/image\/\"},\"sameAs\":[\"https:\/\/www.facebook.com\/finnvacum\/\",\"https:\/\/www.instagram.com\/finnvacum\/\",\"https:\/\/fi.linkedin.com\/company\/finnvacum-oy-ab\"]}]}<\/script>\n<!-- \/ Yoast SEO plugin. -->","yoast_head_json":{"title":"Syv\u00e4vetokoneet - Finnvacum","robots":{"index":"index","follow":"follow","max-snippet":"max-snippet:-1","max-image-preview":"max-image-preview:large","max-video-preview":"max-video-preview:-1"},"canonical":"https:\/\/www.finnvacum.fi\/sv\/djupdragare\/","og_locale":"sv_SE","og_type":"article","og_title":"Syv\u00e4vetokoneet - Finnvacum","og_url":"https:\/\/www.finnvacum.fi\/sv\/djupdragare\/","og_site_name":"Finnvacum","article_publisher":"https:\/\/www.facebook.com\/finnvacum\/","article_modified_time":"2022-06-02T12:06:51+00:00","og_image":[{"url":"https:\/\/www.finnvacum.fi\/wp-content\/uploads\/2021\/09\/syvavetokoneet-1024x569.jpg","type":"","width":"","height":""}],"twitter_card":"summary_large_image","twitter_misc":{"Ber\u00e4knad l\u00e4stid":"2 minuter"},"schema":{"@context":"https:\/\/schema.org","@graph":[{"@type":"WebPage","@id":"https:\/\/www.finnvacum.fi\/syvavetokoneet\/","url":"https:\/\/www.finnvacum.fi\/syvavetokoneet\/","name":"Syv\u00e4vetokoneet - Finnvacum","isPartOf":{"@id":"https:\/\/www.finnvacum.fi\/#website"},"primaryImageOfPage":{"@id":"https:\/\/www.finnvacum.fi\/syvavetokoneet\/#primaryimage"},"image":{"@id":"https:\/\/www.finnvacum.fi\/syvavetokoneet\/#primaryimage"},"thumbnailUrl":"https:\/\/www.finnvacum.fi\/wp-content\/uploads\/2021\/09\/syvavetokoneet-1024x569.jpg","datePublished":"2021-09-22T11:02:38+00:00","dateModified":"2022-06-02T12:06:51+00:00","breadcrumb":{"@id":"https:\/\/www.finnvacum.fi\/syvavetokoneet\/#breadcrumb"},"inLanguage":"sv-SE","potentialAction":[{"@type":"ReadAction","target":["https:\/\/www.finnvacum.fi\/syvavetokoneet\/"]}]},{"@type":"ImageObject","inLanguage":"sv-SE","@id":"https:\/\/www.finnvacum.fi\/syvavetokoneet\/#primaryimage","url":"https:\/\/www.finnvacum.fi\/wp-content\/uploads\/2021\/09\/syvavetokoneet-1024x569.jpg","contentUrl":"https:\/\/www.finnvacum.fi\/wp-content\/uploads\/2021\/09\/syvavetokoneet-1024x569.jpg"},{"@type":"BreadcrumbList","@id":"https:\/\/www.finnvacum.fi\/syvavetokoneet\/#breadcrumb","itemListElement":[{"@type":"ListItem","position":1,"name":"Etusivu","item":"https:\/\/www.finnvacum.fi\/"},{"@type":"ListItem","position":2,"name":"Syv\u00e4vetokoneet"}]},{"@type":"WebSite","@id":"https:\/\/www.finnvacum.fi\/#website","url":"https:\/\/www.finnvacum.fi\/","name":"Finnvacum","description":"Elintarviketeollisuuden koneet ja materiaalit","publisher":{"@id":"https:\/\/www.finnvacum.fi\/#organization"},"potentialAction":[{"@type":"SearchAction","target":{"@type":"EntryPoint","urlTemplate":"https:\/\/www.finnvacum.fi\/?s={search_term_string}"},"query-input":{"@type":"PropertyValueSpecification","valueRequired":true,"valueName":"search_term_string"}}],"inLanguage":"sv-SE"},{"@type":"Organization","@id":"https:\/\/www.finnvacum.fi\/#organization","name":"Finnvacum Oy Ab","url":"https:\/\/www.finnvacum.fi\/","logo":{"@type":"ImageObject","inLanguage":"sv-SE","@id":"https:\/\/www.finnvacum.fi\/#\/schema\/logo\/image\/","url":"https:\/\/www.finnvacum.fi\/wp-content\/uploads\/2021\/05\/cropped-fv3to1.png","contentUrl":"https:\/\/www.finnvacum.fi\/wp-content\/uploads\/2021\/05\/cropped-fv3to1.png","width":600,"height":150,"caption":"Finnvacum Oy Ab"},"image":{"@id":"https:\/\/www.finnvacum.fi\/#\/schema\/logo\/image\/"},"sameAs":["https:\/\/www.facebook.com\/finnvacum\/","https:\/\/www.instagram.com\/finnvacum\/","https:\/\/fi.linkedin.com\/company\/finnvacum-oy-ab"]}]}},"uagb_featured_image_src":{"full":false,"thumbnail":false,"medium":false,"medium_large":false,"large":false,"1536x1536":false,"2048x2048":false,"trp-custom-language-flag":false,"neve-blog":false},"uagb_author_info":{"display_name":"Finnvacum","author_link":"https:\/\/www.finnvacum.fi\/sv\/author\/finnvacum\/"},"uagb_comment_info":0,"uagb_excerpt":null,"_links":{"self":[{"href":"https:\/\/www.finnvacum.fi\/sv\/wp-json\/wp\/v2\/pages\/3287","targetHints":{"allow":["GET"]}}],"collection":[{"href":"https:\/\/www.finnvacum.fi\/sv\/wp-json\/wp\/v2\/pages"}],"about":[{"href":"https:\/\/www.finnvacum.fi\/sv\/wp-json\/wp\/v2\/types\/page"}],"author":[{"embeddable":true,"href":"https:\/\/www.finnvacum.fi\/sv\/wp-json\/wp\/v2\/users\/1"}],"replies":[{"embeddable":true,"href":"https:\/\/www.finnvacum.fi\/sv\/wp-json\/wp\/v2\/comments?post=3287"}],"version-history":[{"count":4,"href":"https:\/\/www.finnvacum.fi\/sv\/wp-json\/wp\/v2\/pages\/3287\/revisions"}],"predecessor-version":[{"id":6946,"href":"https:\/\/www.finnvacum.fi\/sv\/wp-json\/wp\/v2\/pages\/3287\/revisions\/6946"}],"wp:attachment":[{"href":"https:\/\/www.finnvacum.fi\/sv\/wp-json\/wp\/v2\/media?parent=3287"}],"curies":[{"name":"wp","href":"https:\/\/api.w.org\/{rel}","templated":true}]}}