{"id":2880,"date":"2021-09-13T16:47:29","date_gmt":"2021-09-13T13:47:29","guid":{"rendered":"https:\/\/www.finnvacum.fi\/?page_id=2880"},"modified":"2025-05-29T16:32:30","modified_gmt":"2025-05-29T13:32:30","slug":"efter-forpackningen","status":"publish","type":"page","link":"https:\/\/www.finnvacum.fi\/sv\/efter-forpackningen\/","title":{"rendered":"Efter f\u00f6rpackningen"},"content":{"rendered":"<div style=\"height:35px\" aria-hidden=\"true\" class=\"wp-block-spacer\"><\/div>\n\n\n\n<p class=\"has-text-align-center\">Slutf\u00f6r f\u00f6rpackningslinjen och f\u00f6rpackningen med praktiska tillbeh\u00f6r.<\/p>\n\n\n<div class=\"wp-block-image pakkaamisen-jalkeen-kuva\">\n<figure class=\"aligncenter size-full is-resized\"><img loading=\"lazy\" decoding=\"async\" width=\"542\" height=\"387\" src=\"https:\/\/www.finnvacum.fi\/wp-content\/uploads\/2021\/11\/pakkauksia3.jpg\" alt=\"\" class=\"wp-image-5078\" style=\"width:350px;height:212px\" srcset=\"https:\/\/www.finnvacum.fi\/wp-content\/uploads\/2021\/11\/pakkauksia3.jpg 542w, https:\/\/www.finnvacum.fi\/wp-content\/uploads\/2021\/11\/pakkauksia3-300x214.jpg 300w\" sizes=\"auto, (max-width: 542px) 100vw, 542px\" \/><\/figure>\n<\/div>\n\n\n<section class=\"wp-block-uagb-section uagb-section__wrap uagb-section__background-color alignfull uagb-block-ceb77864\"><div class=\"uagb-section__overlay\"><\/div><div class=\"uagb-section__inner-wrap\">\n<h2 class=\"wp-block-heading has-text-align-center\" style=\"font-size:28px\">Maskiner som beh\u00f6vs efter f\u00f6rpackningen:<\/h2>\n<\/div><\/section>\n\n\n\n<section class=\"wp-block-uagb-columns uagb-columns__wrap uagb-columns__background-color uagb-columns__stack-mobile uagb-columns__valign-undefined uagb-columns__gap-10 alignfull uagb-block-f5fafc26 page-wrapper-for-lightblue-boxes\"><div class=\"uagb-columns__overlay\"><\/div><div class=\"uagb-columns__inner-wrap uagb-columns__columns-1\">\n<div class=\"wp-block-uagb-column uagb-column__wrap uagb-column__background-color uagb-block-5729479a wrapper-for-lightblue-boxes\"><div class=\"uagb-column__overlay\"><\/div><div class=\"uagb-column__inner-wrap\">\n<div class=\"wp-block-uagb-section uagb-section__wrap uagb-section__background-color uagb-block-14c89496 konetyyppi-container lightblue-box\"><div class=\"uagb-section__overlay\"><\/div><div class=\"uagb-section__inner-wrap\">\n<div class=\"wp-block-uagb-section uagb-section__wrap uagb-section__background-undefined uagb-block-c6566858 lightblue-box-top-content-wrapper\"><div class=\"uagb-section__overlay\"><\/div><div class=\"uagb-section__inner-wrap\">\n<div class=\"wp-block-uagb-info-box paamies uagb-infobox__outer-wrap uagb-block-1f4959cc\"><div class=\"uagb-infobox__content-wrap uagb-infobox uagb-infobox-has-image uagb-infobox-icon-above-title uagb-infobox-image-valign-top uagb-infobox-enable-border-radius\"><div class=\"uagb-ifb-left-right-wrap\"><div class=\"uagb-ifb-content\"><div class=\"uagb-ifb-title-wrap\"><h3 class=\"uagb-ifb-title\">R\u00f6ntgenutrustning<\/h3><\/div><div class=\"uagb-ifb-separator-parent\"><div class=\"uagb-ifb-separator\"><\/div><\/div><div class=\"uagb-ifb-text-wrap\"><\/div><\/div><\/div><\/div><\/div>\n\n\n\n<p class=\"has-text-align-center divbox-koneet\">Tillf\u00f6rlitliga r\u00f6ntgen- och metalldetektorapparater \u00e4r en del av f\u00f6rpackningsprocessens kvalitetss\u00e4kring. De uppt\u00e4cker eventuella o\u00f6nskade ingredienser i produkterna och tar bort s\u00e5dana f\u00f6rpackningar fr\u00e5n linjen.<\/p>\n<\/div><\/div>\n\n\n\n<div class=\"wp-block-buttons is-horizontal is-content-justification-center is-layout-flex wp-container-core-buttons-is-layout-499968f5 wp-block-buttons-is-layout-flex\">\n<div class=\"wp-block-button is-style-primary\"><a class=\"wp-block-button__link wp-element-button\" href=\"https:\/\/www.finnvacum.fi\/sv\/rontgenutrustning\/\">L\u00e4s mer \u276f<\/a><\/div>\n<\/div>\n\n\n\n<figure class=\"wp-block-image size-large\"><img loading=\"lazy\" decoding=\"async\" width=\"1024\" height=\"569\" src=\"https:\/\/www.finnvacum.fi\/wp-content\/uploads\/2021\/10\/kone-mettler-toledojpg-1024x569.jpg\" alt=\"\" class=\"wp-image-4215\" srcset=\"https:\/\/www.finnvacum.fi\/wp-content\/uploads\/2021\/10\/kone-mettler-toledojpg-1024x569.jpg 1024w, https:\/\/www.finnvacum.fi\/wp-content\/uploads\/2021\/10\/kone-mettler-toledojpg-300x167.jpg 300w, https:\/\/www.finnvacum.fi\/wp-content\/uploads\/2021\/10\/kone-mettler-toledojpg-768x427.jpg 768w, https:\/\/www.finnvacum.fi\/wp-content\/uploads\/2021\/10\/kone-mettler-toledojpg-600x334.jpg 600w, https:\/\/www.finnvacum.fi\/wp-content\/uploads\/2021\/10\/kone-mettler-toledojpg.jpg 1200w\" sizes=\"auto, (max-width: 1024px) 100vw, 1024px\" \/><\/figure>\n<\/div><\/div>\n\n\n\n<div class=\"wp-block-uagb-section uagb-section__wrap uagb-section__background-color uagb-block-5947fee8 konetyyppi-container lightblue-box\"><div class=\"uagb-section__overlay\"><\/div><div class=\"uagb-section__inner-wrap\">\n<div class=\"wp-block-uagb-section uagb-section__wrap uagb-section__background-undefined uagb-block-5782ab8c lightblue-box-top-content-wrapper\"><div class=\"uagb-section__overlay\"><\/div><div class=\"uagb-section__inner-wrap\">\n<div class=\"wp-block-uagb-info-box uagb-infobox__outer-wrap uagb-block-14bc25e8\"><div class=\"uagb-infobox__content-wrap uagb-infobox uagb-infobox-has-image uagb-infobox-icon-above-title uagb-infobox-image-valign-top uagb-infobox-enable-border-radius\"><div class=\"uagb-ifb-left-right-wrap\"><div class=\"uagb-ifb-content\"><div class=\"uagb-ifb-title-wrap\"><h3 class=\"uagb-ifb-title\">Skyddsgasanordningar<\/h3><\/div><div class=\"uagb-ifb-separator-parent\"><div class=\"uagb-ifb-separator\"><\/div><\/div><div class=\"uagb-ifb-text-wrap\"><\/div><\/div><\/div><\/div><\/div>\n\n\n\n<p class=\"has-text-align-center divbox-koneet divbox-koneet-smaller-bottom-padding\">Med hj\u00e4lp av kontrollutrustning uppr\u00e4tth\u00e5ller man ett felfritt rykte hos varum\u00e4rket.<\/p>\n\n\n\n<section class=\"wp-block-uagb-columns uagb-columns__wrap uagb-columns__background-undefined uagb-columns__stack-mobile uagb-columns__valign-undefined uagb-columns__gap-10 alignundefined uagb-block-ce5b2344 konetyyppi-teksti-container\"><div class=\"uagb-columns__overlay\"><\/div><div class=\"uagb-columns__inner-wrap uagb-columns__columns-1\">\n<div class=\"wp-block-uagb-column uagb-column__wrap uagb-column__background-undefined uagb-block-da52a248\"><div class=\"uagb-column__overlay\"><\/div><div class=\"uagb-column__inner-wrap\">\n<div class=\"wp-block-uagb-icon-list uagb-icon-list__outer-wrap uagb-icon-list__layout-vertical uagb-block-97390b25\"><div class=\"uagb-icon-list__wrap\">\n<div class=\"wp-block-uagb-icon-list-child uagb-icon-list-repeater uagb-icon-list__wrapper uagb-block-e5977a01\"><div class=\"uagb-icon-list__content-wrap\"><span class=\"uagb-icon-list__source-wrap\"><span class=\"uagb-icon-list__source-icon\"><svg xmlns=\"http:\/\/www.w3.org\/2000\/svg\" viewbox=\"0 0 512 512\"><path d=\"M173.898 439.404l-166.4-166.4c-9.997-9.997-9.997-26.206 0-36.204l36.203-36.204c9.997-9.998 26.207-9.998 36.204 0L192 312.69 432.095 72.596c9.997-9.997 26.207-9.997 36.204 0l36.203 36.204c9.997 9.997 9.997 26.206 0 36.204l-294.4 294.401c-9.998 9.997-26.207 9.997-36.204-.001z\"><\/path><\/svg><\/span><\/span><div class=\"uagb-icon-list__label-wrap\"><span class=\"uagb-icon-list__label\">Gasanalysatorer<\/span><\/div><\/div><\/div>\n\n\n\n<div class=\"wp-block-uagb-icon-list-child uagb-icon-list-repeater uagb-icon-list__wrapper uagb-block-55e216f1\"><div class=\"uagb-icon-list__content-wrap\"><span class=\"uagb-icon-list__source-wrap\"><span class=\"uagb-icon-list__source-icon\"><svg xmlns=\"http:\/\/www.w3.org\/2000\/svg\" viewbox=\"0 0 512 512\"><path d=\"M173.898 439.404l-166.4-166.4c-9.997-9.997-9.997-26.206 0-36.204l36.203-36.204c9.997-9.998 26.207-9.998 36.204 0L192 312.69 432.095 72.596c9.997-9.997 26.207-9.997 36.204 0l36.203 36.204c9.997 9.997 9.997 26.206 0 36.204l-294.4 294.401c-9.998 9.997-26.207 9.997-36.204-.001z\"><\/path><\/svg><\/span><\/span><div class=\"uagb-icon-list__label-wrap\"><span class=\"uagb-icon-list__label\">Gasblandare<\/span><\/div><\/div><\/div>\n\n\n\n<div class=\"wp-block-uagb-icon-list-child uagb-icon-list-repeater uagb-icon-list__wrapper uagb-block-9f9554d3\"><div class=\"uagb-icon-list__content-wrap\"><span class=\"uagb-icon-list__source-wrap\"><span class=\"uagb-icon-list__source-icon\"><svg xmlns=\"http:\/\/www.w3.org\/2000\/svg\" viewbox=\"0 0 512 512\"><path d=\"M173.898 439.404l-166.4-166.4c-9.997-9.997-9.997-26.206 0-36.204l36.203-36.204c9.997-9.998 26.207-9.998 36.204 0L192 312.69 432.095 72.596c9.997-9.997 26.207-9.997 36.204 0l36.203 36.204c9.997 9.997 9.997 26.206 0 36.204l-294.4 294.401c-9.998 9.997-26.207 9.997-36.204-.001z\"><\/path><\/svg><\/span><\/span><div class=\"uagb-icon-list__label-wrap\"><span class=\"uagb-icon-list__label\">L\u00e4ckagedetektorer<\/span><\/div><\/div><\/div>\n<\/div><\/div>\n<\/div><\/div>\n<\/div><\/section>\n<\/div><\/div>\n\n\n\n<div class=\"wp-block-buttons is-horizontal is-content-justification-center is-layout-flex wp-container-core-buttons-is-layout-499968f5 wp-block-buttons-is-layout-flex\">\n<div class=\"wp-block-button is-style-primary\"><a class=\"wp-block-button__link wp-element-button\" href=\"https:\/\/www.finnvacum.fi\/sv\/skyddsgasanordningar\/\">L\u00e4s mer \u276f<\/a><\/div>\n<\/div>\n\n\n\n<figure class=\"wp-block-image size-large\"><img loading=\"lazy\" decoding=\"async\" width=\"1024\" height=\"569\" src=\"https:\/\/www.finnvacum.fi\/wp-content\/uploads\/2021\/12\/vuototesteri-mapmax-1024x569.jpg\" alt=\"\" class=\"wp-image-5366\" srcset=\"https:\/\/www.finnvacum.fi\/wp-content\/uploads\/2021\/12\/vuototesteri-mapmax-1024x569.jpg 1024w, https:\/\/www.finnvacum.fi\/wp-content\/uploads\/2021\/12\/vuototesteri-mapmax-300x167.jpg 300w, https:\/\/www.finnvacum.fi\/wp-content\/uploads\/2021\/12\/vuototesteri-mapmax-768x427.jpg 768w, https:\/\/www.finnvacum.fi\/wp-content\/uploads\/2021\/12\/vuototesteri-mapmax-600x334.jpg 600w, https:\/\/www.finnvacum.fi\/wp-content\/uploads\/2021\/12\/vuototesteri-mapmax.jpg 1200w\" sizes=\"auto, (max-width: 1024px) 100vw, 1024px\" \/><\/figure>\n<\/div><\/div>\n\n\n\n<div class=\"wp-block-uagb-section uagb-section__wrap uagb-section__background-color uagb-block-0c9415eb konetyyppi-container lightblue-box\"><div class=\"uagb-section__overlay\"><\/div><div class=\"uagb-section__inner-wrap\">\n<div class=\"wp-block-uagb-section uagb-section__wrap uagb-section__background-undefined uagb-block-9c976fd7 lightblue-box-top-content-wrapper\"><div class=\"uagb-section__overlay\"><\/div><div class=\"uagb-section__inner-wrap\">\n<div class=\"wp-block-uagb-info-box uagb-infobox__outer-wrap uagb-block-b10cfc48\"><div class=\"uagb-infobox__content-wrap uagb-infobox uagb-infobox-has-image uagb-infobox-icon-above-title uagb-infobox-image-valign-top uagb-infobox-enable-border-radius\"><div class=\"uagb-ifb-left-right-wrap\"><div class=\"uagb-ifb-content\"><div class=\"uagb-ifb-title-wrap\"><h3 class=\"uagb-ifb-title\">V\u00e4gning och m\u00e4rkning<\/h3><\/div><div class=\"uagb-ifb-separator-parent\"><div class=\"uagb-ifb-separator\"><\/div><\/div><div class=\"uagb-ifb-text-wrap\"><\/div><\/div><\/div><\/div><\/div>\n\n\n\n<p class=\"has-text-align-center divbox-koneet\">Digi \u00e4r Finnvacums enhet f\u00f6r import av v\u00e4gnings-, f\u00f6rpacknings- och m\u00e4rkningsapparater. Digi erbjuder h\u00f6gkvalitativa produkter och tj\u00e4nster genom att fokusera sin expertis p\u00e5 noggrant utvalda produkter och m\u00e5lgrupper.<\/p>\n<\/div><\/div>\n\n\n\n<div class=\"wp-block-buttons is-horizontal is-content-justification-center is-layout-flex wp-container-core-buttons-is-layout-499968f5 wp-block-buttons-is-layout-flex\">\n<div class=\"wp-block-button is-style-primary\"><a class=\"wp-block-button__link wp-element-button\" href=\"https:\/\/www.finnvacum.fi\/sv\/vagning-och-markning\/\">L\u00e4s mer \u276f <\/a><\/div>\n<\/div>\n\n\n\n<figure class=\"wp-block-image size-large\"><img loading=\"lazy\" decoding=\"async\" width=\"1024\" height=\"569\" src=\"https:\/\/www.finnvacum.fi\/wp-content\/uploads\/2021\/10\/digi-kone-1024x569.jpg\" alt=\"\" class=\"wp-image-4213\" srcset=\"https:\/\/www.finnvacum.fi\/wp-content\/uploads\/2021\/10\/digi-kone-1024x569.jpg 1024w, https:\/\/www.finnvacum.fi\/wp-content\/uploads\/2021\/10\/digi-kone-300x167.jpg 300w, https:\/\/www.finnvacum.fi\/wp-content\/uploads\/2021\/10\/digi-kone-768x427.jpg 768w, https:\/\/www.finnvacum.fi\/wp-content\/uploads\/2021\/10\/digi-kone-600x334.jpg 600w, https:\/\/www.finnvacum.fi\/wp-content\/uploads\/2021\/10\/digi-kone.jpg 1200w\" sizes=\"auto, (max-width: 1024px) 100vw, 1024px\" \/><\/figure>\n<\/div><\/div>\n<\/div><\/div>\n<\/div><\/section>\n\n\n\n<section class=\"wp-block-uagb-columns uagb-columns__wrap uagb-columns__background-undefined uagb-columns__stack-mobile uagb-columns__valign-undefined uagb-columns__gap-10 alignfull uagb-block-f51093b0\"><div class=\"uagb-columns__overlay\"><\/div><div class=\"uagb-columns__inner-wrap uagb-columns__columns-1\">\n<div class=\"wp-block-uagb-column uagb-column__wrap uagb-column__background-undefined uagb-block-5ae37665\"><div class=\"uagb-column__overlay\"><\/div><div class=\"uagb-column__inner-wrap\">\n<h3 class=\"pakkaamisen-jalkeen-muut-vaiheet\" style=\"display: inline-block; margin: 5px; padding-right:15px; vertical-align: middle;\">Andra steg i f\u00f6rpackningsprocessen: <\/h3><div style=\"display: inline-block; margin: 5px;\" class=\"wp-block-button is-style-secondary\"><a href=\"https:\/\/www.finnvacum.fi\/sv\/fore-forpackningen\/\" class=\"wp-block-button__link\">F\u00f6re f\u00f6rpackningen \u276f<\/a><\/div>  \n<div style=\"display: inline-block; margin: 5px;\" class=\"wp-block-button is-style-secondary is-style-green\"><a href=\"https:\/\/www.finnvacum.fi\/sv\/konsumentforpackningar\/\" class=\"wp-block-button__link\">Konsumentf\u00f6rpackningar \u276f<\/a><\/div>\n<\/div><\/div>\n<\/div><\/section>","protected":false},"excerpt":{"rendered":"<p>Slutf\u00f6r f\u00f6rpackningslinjen och f\u00f6rpackningen med praktiska tillbeh\u00f6r.<\/p>","protected":false},"author":1,"featured_media":0,"parent":0,"menu_order":0,"comment_status":"closed","ping_status":"closed","template":"","meta":{"inline_featured_image":false,"neve_meta_sidebar":"full-width","neve_meta_container":"","neve_meta_enable_content_width":"on","neve_meta_content_width":100,"neve_meta_title_alignment":"","neve_meta_author_avatar":"","neve_post_elements_order":"","neve_meta_disable_header":"","neve_meta_disable_footer":"","neve_meta_disable_title":"","footnotes":""},"class_list":["post-2880","page","type-page","status-publish","hentry"],"yoast_head":"<!-- This site is optimized with the Yoast SEO plugin v25.1 - https:\/\/yoast.com\/wordpress\/plugins\/seo\/ -->\n<title>Pakkaamisen j\u00e4lkeen - Finnvacum<\/title>\n<meta name=\"robots\" content=\"index, follow, max-snippet:-1, max-image-preview:large, max-video-preview:-1\" \/>\n<link rel=\"canonical\" href=\"https:\/\/www.finnvacum.fi\/sv\/efter-forpackningen\/\" \/>\n<meta property=\"og:locale\" content=\"sv_SE\" \/>\n<meta property=\"og:type\" content=\"article\" \/>\n<meta property=\"og:title\" content=\"Pakkaamisen j\u00e4lkeen - Finnvacum\" \/>\n<meta property=\"og:description\" content=\"Viimeistele pakkauslinjaa ja pakkausta k\u00e4tevill\u00e4 lis\u00e4laitteilla.\" \/>\n<meta property=\"og:url\" content=\"https:\/\/www.finnvacum.fi\/sv\/efter-forpackningen\/\" \/>\n<meta property=\"og:site_name\" content=\"Finnvacum\" \/>\n<meta property=\"article:publisher\" content=\"https:\/\/www.facebook.com\/finnvacum\/\" \/>\n<meta property=\"article:modified_time\" content=\"2025-05-29T13:32:30+00:00\" \/>\n<meta property=\"og:image\" content=\"https:\/\/www.finnvacum.fi\/wp-content\/uploads\/2021\/11\/pakkauksia3.jpg\" \/>\n\t<meta property=\"og:image:width\" content=\"542\" \/>\n\t<meta property=\"og:image:height\" content=\"387\" \/>\n\t<meta property=\"og:image:type\" content=\"image\/jpeg\" \/>\n<meta name=\"twitter:card\" content=\"summary_large_image\" \/>\n<meta name=\"twitter:label1\" content=\"Ber\u00e4knad l\u00e4stid\" \/>\n\t<meta name=\"twitter:data1\" content=\"2 minuter\" \/>\n<script type=\"application\/ld+json\" class=\"yoast-schema-graph\">{\"@context\":\"https:\/\/schema.org\",\"@graph\":[{\"@type\":\"WebPage\",\"@id\":\"https:\/\/www.finnvacum.fi\/pakkaamisen-jalkeen\/\",\"url\":\"https:\/\/www.finnvacum.fi\/pakkaamisen-jalkeen\/\",\"name\":\"Pakkaamisen j\u00e4lkeen - Finnvacum\",\"isPartOf\":{\"@id\":\"https:\/\/www.finnvacum.fi\/#website\"},\"primaryImageOfPage\":{\"@id\":\"https:\/\/www.finnvacum.fi\/pakkaamisen-jalkeen\/#primaryimage\"},\"image\":{\"@id\":\"https:\/\/www.finnvacum.fi\/pakkaamisen-jalkeen\/#primaryimage\"},\"thumbnailUrl\":\"https:\/\/www.finnvacum.fi\/wp-content\/uploads\/2021\/11\/pakkauksia3.jpg\",\"datePublished\":\"2021-09-13T13:47:29+00:00\",\"dateModified\":\"2025-05-29T13:32:30+00:00\",\"breadcrumb\":{\"@id\":\"https:\/\/www.finnvacum.fi\/pakkaamisen-jalkeen\/#breadcrumb\"},\"inLanguage\":\"sv-SE\",\"potentialAction\":[{\"@type\":\"ReadAction\",\"target\":[\"https:\/\/www.finnvacum.fi\/pakkaamisen-jalkeen\/\"]}]},{\"@type\":\"ImageObject\",\"inLanguage\":\"sv-SE\",\"@id\":\"https:\/\/www.finnvacum.fi\/pakkaamisen-jalkeen\/#primaryimage\",\"url\":\"https:\/\/www.finnvacum.fi\/wp-content\/uploads\/2021\/11\/pakkauksia3.jpg\",\"contentUrl\":\"https:\/\/www.finnvacum.fi\/wp-content\/uploads\/2021\/11\/pakkauksia3.jpg\"},{\"@type\":\"BreadcrumbList\",\"@id\":\"https:\/\/www.finnvacum.fi\/pakkaamisen-jalkeen\/#breadcrumb\",\"itemListElement\":[{\"@type\":\"ListItem\",\"position\":1,\"name\":\"Etusivu\",\"item\":\"https:\/\/www.finnvacum.fi\/\"},{\"@type\":\"ListItem\",\"position\":2,\"name\":\"Pakkaamisen j\u00e4lkeen\"}]},{\"@type\":\"WebSite\",\"@id\":\"https:\/\/www.finnvacum.fi\/#website\",\"url\":\"https:\/\/www.finnvacum.fi\/\",\"name\":\"Finnvacum\",\"description\":\"Elintarviketeollisuuden koneet ja materiaalit\",\"publisher\":{\"@id\":\"https:\/\/www.finnvacum.fi\/#organization\"},\"potentialAction\":[{\"@type\":\"SearchAction\",\"target\":{\"@type\":\"EntryPoint\",\"urlTemplate\":\"https:\/\/www.finnvacum.fi\/?s={search_term_string}\"},\"query-input\":{\"@type\":\"PropertyValueSpecification\",\"valueRequired\":true,\"valueName\":\"search_term_string\"}}],\"inLanguage\":\"sv-SE\"},{\"@type\":\"Organization\",\"@id\":\"https:\/\/www.finnvacum.fi\/#organization\",\"name\":\"Finnvacum Oy Ab\",\"url\":\"https:\/\/www.finnvacum.fi\/\",\"logo\":{\"@type\":\"ImageObject\",\"inLanguage\":\"sv-SE\",\"@id\":\"https:\/\/www.finnvacum.fi\/#\/schema\/logo\/image\/\",\"url\":\"https:\/\/www.finnvacum.fi\/wp-content\/uploads\/2021\/05\/cropped-fv3to1.png\",\"contentUrl\":\"https:\/\/www.finnvacum.fi\/wp-content\/uploads\/2021\/05\/cropped-fv3to1.png\",\"width\":600,\"height\":150,\"caption\":\"Finnvacum Oy Ab\"},\"image\":{\"@id\":\"https:\/\/www.finnvacum.fi\/#\/schema\/logo\/image\/\"},\"sameAs\":[\"https:\/\/www.facebook.com\/finnvacum\/\",\"https:\/\/www.instagram.com\/finnvacum\/\",\"https:\/\/fi.linkedin.com\/company\/finnvacum-oy-ab\"]}]}<\/script>\n<!-- \/ Yoast SEO plugin. -->","yoast_head_json":{"title":"Pakkaamisen j\u00e4lkeen - Finnvacum","robots":{"index":"index","follow":"follow","max-snippet":"max-snippet:-1","max-image-preview":"max-image-preview:large","max-video-preview":"max-video-preview:-1"},"canonical":"https:\/\/www.finnvacum.fi\/sv\/efter-forpackningen\/","og_locale":"sv_SE","og_type":"article","og_title":"Pakkaamisen j\u00e4lkeen - Finnvacum","og_description":"Viimeistele pakkauslinjaa ja pakkausta k\u00e4tevill\u00e4 lis\u00e4laitteilla.","og_url":"https:\/\/www.finnvacum.fi\/sv\/efter-forpackningen\/","og_site_name":"Finnvacum","article_publisher":"https:\/\/www.facebook.com\/finnvacum\/","article_modified_time":"2025-05-29T13:32:30+00:00","og_image":[{"width":542,"height":387,"url":"https:\/\/www.finnvacum.fi\/wp-content\/uploads\/2021\/11\/pakkauksia3.jpg","type":"image\/jpeg"}],"twitter_card":"summary_large_image","twitter_misc":{"Ber\u00e4knad l\u00e4stid":"2 minuter"},"schema":{"@context":"https:\/\/schema.org","@graph":[{"@type":"WebPage","@id":"https:\/\/www.finnvacum.fi\/pakkaamisen-jalkeen\/","url":"https:\/\/www.finnvacum.fi\/pakkaamisen-jalkeen\/","name":"Pakkaamisen j\u00e4lkeen - Finnvacum","isPartOf":{"@id":"https:\/\/www.finnvacum.fi\/#website"},"primaryImageOfPage":{"@id":"https:\/\/www.finnvacum.fi\/pakkaamisen-jalkeen\/#primaryimage"},"image":{"@id":"https:\/\/www.finnvacum.fi\/pakkaamisen-jalkeen\/#primaryimage"},"thumbnailUrl":"https:\/\/www.finnvacum.fi\/wp-content\/uploads\/2021\/11\/pakkauksia3.jpg","datePublished":"2021-09-13T13:47:29+00:00","dateModified":"2025-05-29T13:32:30+00:00","breadcrumb":{"@id":"https:\/\/www.finnvacum.fi\/pakkaamisen-jalkeen\/#breadcrumb"},"inLanguage":"sv-SE","potentialAction":[{"@type":"ReadAction","target":["https:\/\/www.finnvacum.fi\/pakkaamisen-jalkeen\/"]}]},{"@type":"ImageObject","inLanguage":"sv-SE","@id":"https:\/\/www.finnvacum.fi\/pakkaamisen-jalkeen\/#primaryimage","url":"https:\/\/www.finnvacum.fi\/wp-content\/uploads\/2021\/11\/pakkauksia3.jpg","contentUrl":"https:\/\/www.finnvacum.fi\/wp-content\/uploads\/2021\/11\/pakkauksia3.jpg"},{"@type":"BreadcrumbList","@id":"https:\/\/www.finnvacum.fi\/pakkaamisen-jalkeen\/#breadcrumb","itemListElement":[{"@type":"ListItem","position":1,"name":"Etusivu","item":"https:\/\/www.finnvacum.fi\/"},{"@type":"ListItem","position":2,"name":"Pakkaamisen j\u00e4lkeen"}]},{"@type":"WebSite","@id":"https:\/\/www.finnvacum.fi\/#website","url":"https:\/\/www.finnvacum.fi\/","name":"Finnvacum","description":"Elintarviketeollisuuden koneet ja materiaalit","publisher":{"@id":"https:\/\/www.finnvacum.fi\/#organization"},"potentialAction":[{"@type":"SearchAction","target":{"@type":"EntryPoint","urlTemplate":"https:\/\/www.finnvacum.fi\/?s={search_term_string}"},"query-input":{"@type":"PropertyValueSpecification","valueRequired":true,"valueName":"search_term_string"}}],"inLanguage":"sv-SE"},{"@type":"Organization","@id":"https:\/\/www.finnvacum.fi\/#organization","name":"Finnvacum Oy Ab","url":"https:\/\/www.finnvacum.fi\/","logo":{"@type":"ImageObject","inLanguage":"sv-SE","@id":"https:\/\/www.finnvacum.fi\/#\/schema\/logo\/image\/","url":"https:\/\/www.finnvacum.fi\/wp-content\/uploads\/2021\/05\/cropped-fv3to1.png","contentUrl":"https:\/\/www.finnvacum.fi\/wp-content\/uploads\/2021\/05\/cropped-fv3to1.png","width":600,"height":150,"caption":"Finnvacum Oy Ab"},"image":{"@id":"https:\/\/www.finnvacum.fi\/#\/schema\/logo\/image\/"},"sameAs":["https:\/\/www.facebook.com\/finnvacum\/","https:\/\/www.instagram.com\/finnvacum\/","https:\/\/fi.linkedin.com\/company\/finnvacum-oy-ab"]}]}},"uagb_featured_image_src":{"full":false,"thumbnail":false,"medium":false,"medium_large":false,"large":false,"1536x1536":false,"2048x2048":false,"trp-custom-language-flag":false,"neve-blog":false},"uagb_author_info":{"display_name":"Finnvacum","author_link":"https:\/\/www.finnvacum.fi\/sv\/author\/finnvacum\/"},"uagb_comment_info":0,"uagb_excerpt":"Viimeistele pakkauslinjaa ja pakkausta k\u00e4tevill\u00e4 lis\u00e4laitteilla.","_links":{"self":[{"href":"https:\/\/www.finnvacum.fi\/sv\/wp-json\/wp\/v2\/pages\/2880","targetHints":{"allow":["GET"]}}],"collection":[{"href":"https:\/\/www.finnvacum.fi\/sv\/wp-json\/wp\/v2\/pages"}],"about":[{"href":"https:\/\/www.finnvacum.fi\/sv\/wp-json\/wp\/v2\/types\/page"}],"author":[{"embeddable":true,"href":"https:\/\/www.finnvacum.fi\/sv\/wp-json\/wp\/v2\/users\/1"}],"replies":[{"embeddable":true,"href":"https:\/\/www.finnvacum.fi\/sv\/wp-json\/wp\/v2\/comments?post=2880"}],"version-history":[{"count":5,"href":"https:\/\/www.finnvacum.fi\/sv\/wp-json\/wp\/v2\/pages\/2880\/revisions"}],"predecessor-version":[{"id":7495,"href":"https:\/\/www.finnvacum.fi\/sv\/wp-json\/wp\/v2\/pages\/2880\/revisions\/7495"}],"wp:attachment":[{"href":"https:\/\/www.finnvacum.fi\/sv\/wp-json\/wp\/v2\/media?parent=2880"}],"curies":[{"name":"wp","href":"https:\/\/api.w.org\/{rel}","templated":true}]}}