{"id":1342,"date":"2021-08-18T17:16:43","date_gmt":"2021-08-18T14:16:43","guid":{"rendered":"https:\/\/www.finnvacum.fi\/?page_id=1342"},"modified":"2022-06-22T11:16:36","modified_gmt":"2022-06-22T08:16:36","slug":"vakuumpasar","status":"publish","type":"page","link":"https:\/\/www.finnvacum.fi\/sv\/vakuumpasar\/","title":{"rendered":"Vakuump\u00e5sar"},"content":{"rendered":"<div style=\"height:30px\" aria-hidden=\"true\" class=\"wp-block-spacer\"><\/div>\n\n\n\n<div class=\"wp-block-media-text alignwide has-media-on-the-right is-stacked-on-mobile image-and-text-wrapper\" style=\"grid-template-columns:auto 35%\"><figure class=\"wp-block-media-text__media\"><img loading=\"lazy\" decoding=\"async\" width=\"426\" height=\"680\" src=\"https:\/\/www.finnvacum.fi\/wp-content\/uploads\/2021\/08\/flowpack-lihapiirakka.png\" alt=\"\" class=\"wp-image-1367 size-full\" srcset=\"https:\/\/www.finnvacum.fi\/wp-content\/uploads\/2021\/08\/flowpack-lihapiirakka.png 426w, https:\/\/www.finnvacum.fi\/wp-content\/uploads\/2021\/08\/flowpack-lihapiirakka-188x300.png 188w\" sizes=\"auto, (max-width: 426px) 100vw, 426px\" \/><\/figure><div class=\"wp-block-media-text__content\">\n<div style=\"height:10px\" aria-hidden=\"true\" class=\"wp-block-spacer\"><\/div>\n\n\n\n<h2 class=\"has-neve-link-color-color has-text-color wp-block-heading\">Vakuump\u00e5sar snabbt och flexibelt<\/h2>\n\n\n\n<p>Fr\u00e5n oss kan du best\u00e4lla b\u00e5de stora och sm\u00e5 parti med vakuump\u00e5sar f\u00f6r <strong>f\u00f6rpackning av t.ex. k\u00f6tt, korv, fisk och ost<\/strong>. I v\u00e5r fabrik i S\u00f6derkulla, Sipoo, har vi fyra moderna produktionslinjer. P\u00e5 v\u00e5ra linjer tillverkas vakuump\u00e5sar i olika storlekar i en takt av en halv miljon p\u00e5sar per dag. Vi levererar vakuump\u00e5sar p\u00e5 ett flexibelt s\u00e4tt, per l\u00e5da eller pall. P\u00e5 beg\u00e4ran kan vi placera \u00e5terf\u00f6rs\u00e4ljarens egna m\u00e4rkningar p\u00e5 l\u00e5dorna och leveranserna.<\/p>\n\n\n\n<h3 class=\"wp-block-heading\">H\u00f6gkvalitativt material och dubbel fogning<\/h3>\n\n\n\n<p>F\u00f6r att s\u00e4kerst\u00e4lla luftt\u00e4theten i vakuump\u00e5sar \u00e4r det viktigt att PA\/PE 2-skiktsmaterialets PA-skickt \u00e4r tillr\u00e4ckligt tjockt. Tjockleken p\u00e5 PA-skiktet i det material vi anv\u00e4nder \u00e4r alltid minst 20 \u03bc. Tjockleken p\u00e5verkar inte materialets genomskinlighet. <em>Mer information om de tekniska egenskaperna finns i materialspecifikationen<\/em>.<\/p>\n\n\n\n<p>I produktionsprocessen v\u00e4rmef\u00f6rsluts p\u00e5sens fogar alltid tv\u00e5 g\u00e5nger. D\u00e4rf\u00f6r kan vi garantera en fullst\u00e4ndig luftt\u00e4thet och b\u00e4ttre h\u00e5llbarhet f\u00f6r v\u00e5ra vakuump\u00e5sar.<\/p>\n<\/div><\/div>\n\n\n\n<div style=\"height:55px\" aria-hidden=\"true\" class=\"wp-block-spacer\"><\/div>\n\n\n\n<div class=\"wp-block-media-text alignwide is-stacked-on-mobile image-and-text-wrapper\" style=\"grid-template-columns:40% auto\"><figure class=\"wp-block-media-text__media\"><img loading=\"lazy\" decoding=\"async\" width=\"633\" height=\"534\" src=\"https:\/\/www.finnvacum.fi\/wp-content\/uploads\/2021\/08\/tyhjiopakkaus-makkarat.png\" alt=\"\" class=\"wp-image-1365 size-full\" srcset=\"https:\/\/www.finnvacum.fi\/wp-content\/uploads\/2021\/08\/tyhjiopakkaus-makkarat.png 633w, https:\/\/www.finnvacum.fi\/wp-content\/uploads\/2021\/08\/tyhjiopakkaus-makkarat-600x506.png 600w, https:\/\/www.finnvacum.fi\/wp-content\/uploads\/2021\/08\/tyhjiopakkaus-makkarat-300x253.png 300w\" sizes=\"auto, (max-width: 633px) 100vw, 633px\" \/><\/figure><div class=\"wp-block-media-text__content\">\n<h3 class=\"has-neve-link-color-color has-text-color wp-block-heading\">M\u00e5nga materialalternativ<\/h3>\n\n\n\n<p>Utg\u00e5ende fr\u00e5n de krav som produkten st\u00e4ller kan v\u00e5ra kunder v\u00e4lja mellan en vakuump\u00e5stjocklek p\u00e5 60-160 \u03bc. <\/p>\n\n\n\n<p>F\u00f6rutom vanliga 2-skiktsp\u00e5sar, tillverkar vi \u00e4ven v\u00e4rmebest\u00e4ndiga kokp\u00e5sar, aluminiump\u00e5sar och metalliserade p\u00e5sar. De metalliserade p\u00e5sarna tillverkar vi som guld- och silverf\u00e4rgade.<\/p>\n\n\n\n<p>Vi kan ocks\u00e5 stansa ett upph\u00e4ngningsh\u00e5l i alla v\u00e5ra p\u00e5sar.<\/p>\n<\/div><\/div>\n\n\n\n<div style=\"height:55px\" aria-hidden=\"true\" class=\"wp-block-spacer\"><\/div>\n\n\n\n<h3 class=\"has-text-align-center has-text-color wp-block-heading\" style=\"color:#ffffff\"><\/h3>\n\n\n\n<section class=\"wp-block-uagb-columns uagb-columns__wrap uagb-columns__background-image uagb-columns__stack-mobile uagb-columns__valign-undefined uagb-columns__gap-30 alignfull uagb-block-6ba57c4c\"><div class=\"uagb-columns__overlay\"><\/div><div class=\"uagb-columns__inner-wrap uagb-columns__columns-2\">\n<div class=\"wp-block-uagb-column uagb-column__wrap uagb-column__background-color uagb-block-61b6479d vakuumipussit-box\"><div class=\"uagb-column__overlay\"><\/div><div class=\"uagb-column__inner-wrap\">\n<h3 class=\"has-text-align-center has-neve-link-color-color has-text-color wp-block-heading\" style=\"font-size:26px\">Tryckta vakuump\u00e5sar<\/h3>\n\n\n\n<div style=\"height:10px\" aria-hidden=\"true\" class=\"wp-block-spacer\"><\/div>\n\n\n\n<p class=\"has-text-align-center has-neve-link-color-color has-text-color\">En tryckt p\u00e5se av h\u00f6g kvalitet sticker alltid ut ur m\u00e4ngden och drar till sig uppm\u00e4rksamhet. Vi hj\u00e4lper dig att v\u00e4lja material och vid behov att designa trycket eller s\u00e5 anv\u00e4nder vi kundens f\u00e4rdiga material.<\/p>\n\n\n\n<p class=\"has-text-align-center has-neve-link-color-color has-text-color\">Trycket g\u00f6rs som flexo-tryck, vilket vid behov m\u00f6jligg\u00f6r 10 f\u00e4rgers tryck. Trycket kan g\u00f6ras direkt p\u00e5 filmytan eller lamineras mellan filmskikten. Extralaminering f\u00f6rb\u00e4ttrar utseendet och h\u00e5llbarheten hos trycket. F\u00f6rutom flexo erbjuder vi ett digitalt alternativ.<\/p>\n\n\n<div class=\"wp-block-image is-style-default\">\n<figure class=\"aligncenter size-full is-resized\"><img loading=\"lazy\" decoding=\"async\" src=\"https:\/\/www.finnvacum.fi\/wp-content\/uploads\/2021\/08\/painetut-vakuumipussit.png\" alt=\"\" class=\"wp-image-1493\" width=\"261\" height=\"213\" srcset=\"https:\/\/www.finnvacum.fi\/wp-content\/uploads\/2021\/08\/painetut-vakuumipussit.png 700w, https:\/\/www.finnvacum.fi\/wp-content\/uploads\/2021\/08\/painetut-vakuumipussit-600x488.png 600w, https:\/\/www.finnvacum.fi\/wp-content\/uploads\/2021\/08\/painetut-vakuumipussit-300x244.png 300w\" sizes=\"auto, (max-width: 261px) 100vw, 261px\" \/><\/figure>\n<\/div><\/div><\/div>\n\n\n\n<div class=\"wp-block-uagb-column uagb-column__wrap uagb-column__background-color uagb-block-d58c2769 vakuumipussit-box\"><div class=\"uagb-column__overlay\"><\/div><div class=\"uagb-column__inner-wrap\">\n<h3 class=\"has-text-align-center has-neve-link-color-color has-text-color wp-block-heading\" style=\"font-size:26px\">Otryckta vakuump\u00e5sar<\/h3>\n\n\n\n<div style=\"height:10px\" aria-hidden=\"true\" class=\"wp-block-spacer\"><\/div>\n\n\n\n<p class=\"has-text-align-center has-neve-link-color-color has-text-color\">I v\u00e5r egen produktionsanl\u00e4ggning i S\u00f6derkulla tillverkar vi snabbt och flexibelt vakuump\u00e5sar i olika storlekar. <\/p>\n\n\n\n<p class=\"has-text-align-center has-neve-link-color-color has-text-color\">V\u00e5rt standardutbud inkluderar 80 \u03bc (0,080 mm), 120 \u03bc (0,120 mm) och 140 \u03bc (0,140 mm) tjocka otryckta vakuump\u00e5sar med tre f\u00f6rseglade sidor. <\/p>\n\n\n\n<p class=\"has-text-align-center has-neve-link-color-color has-text-color\">Ytterligare storlekar och styrkor kan best\u00e4llas, fr\u00e5n 0,060 mm \u00e4nda till 0,160 mm.<\/p>\n\n\n\n<div style=\"height:35px\" aria-hidden=\"true\" class=\"wp-block-spacer\"><\/div>\n\n\n<div class=\"wp-block-image\">\n<figure class=\"aligncenter size-full is-resized\"><img loading=\"lazy\" decoding=\"async\" src=\"https:\/\/www.finnvacum.fi\/wp-content\/uploads\/2021\/08\/vakuumipussit-painamattomat.png\" alt=\"\" class=\"wp-image-1522\" width=\"289\" height=\"180\" srcset=\"https:\/\/www.finnvacum.fi\/wp-content\/uploads\/2021\/08\/vakuumipussit-painamattomat.png 500w, https:\/\/www.finnvacum.fi\/wp-content\/uploads\/2021\/08\/vakuumipussit-painamattomat-300x186.png 300w\" sizes=\"auto, (max-width: 289px) 100vw, 289px\" \/><\/figure>\n<\/div><\/div><\/div>\n<\/div><\/section>\n\n\n\n<section class=\"wp-block-uagb-section uagb-section__wrap uagb-section__background-undefined uagb-block-78074095\"><div class=\"uagb-section__overlay\"><\/div><div class=\"uagb-section__inner-wrap\">\n<div style=\"text-align: center;\" class=\"wp-container-1 wp-block-buttons\"><div class=\"wp-block-button is-style-primary\"><a style=\"padding: 0px;\" class=\"wp-block-button__link\"><span class=\"su-lightbox yhteytta-modal-button\" data-mfp-src=\"#ota-yhteytta-modal\" data-mfp-type=\"inline\" data-mobile=\"yes\">Kontakta v\u00e5r f\u00f6rs\u00e4ljningsavdelning f\u00f6r mer information \u00bb<\/span><\/a><\/div><\/div>\n\n<div class=\"su-lightbox-content su-u-trim\" id=\"ota-yhteytta-modal\" style=\"display:none;width:auto;min-width:none;max-width:600px;margin-top:40px;margin-bottom:40px;padding:40px;background:#FFFFFF;color:#333333;box-shadow:0px 0px 15px #333333;text-align:center\">\n\n<h3>Kontaktformul\u00e4r \u2013 Material<\/h3>\n<p style=\"font-size:16px; line-height: 1.5em;\">Be om en offert eller fr\u00e5ga mer om v\u00e5ra material, vi \u00e5terkommer till saken senast f\u00f6ljande arbetsdag.<\/p>\n<div class=\"wpforms-container\" id=\"wpforms-7011\"><form id=\"wpforms-form-7011\" class=\"wpforms-validate wpforms-form wpforms-ajax-form\" data-formid=\"7011\" method=\"post\" enctype=\"multipart\/form-data\" action=\"\/sv\/wp-json\/wp\/v2\/pages\/1342\" data-token=\"cc5394ae4b0c7ce03601875063cee7c5\" data-token-time=\"1776656900\" data-trp-original-action=\"\/sv\/wp-json\/wp\/v2\/pages\/1342\"><noscript class=\"wpforms-error-noscript\">Aktivera JavaScript i din webbl\u00e4sare f\u00f6r att fylla i formul\u00e4ret.<\/noscript><div class=\"wpforms-field-container\"><div id=\"wpforms-7011-field_0-container\" class=\"wpforms-field wpforms-field-name\" data-field-id=\"0\"><label class=\"wpforms-field-label wpforms-label-hide\" for=\"wpforms-7011-field_0\">Namn: <span class=\"wpforms-required-label\">*<\/span><\/label><div class=\"wpforms-field-row wpforms-field-large\"><div class=\"wpforms-field-row-block wpforms-first wpforms-one-half\"><input type=\"text\" id=\"wpforms-7011-field_0\" class=\"wpforms-field-name-first wpforms-field-required\" name=\"wpforms[fields][0][first]\" placeholder=\"F\u00f6rnamn*\" required><label for=\"wpforms-7011-field_0\" class=\"wpforms-field-sublabel after wpforms-sublabel-hide\">F\u00f6rst<\/label><\/div><div class=\"wpforms-field-row-block wpforms-one-half\"><input type=\"text\" id=\"wpforms-7011-field_0-last\" class=\"wpforms-field-name-last wpforms-field-required\" name=\"wpforms[fields][0][last]\" placeholder=\"Efternamn*\" required><label for=\"wpforms-7011-field_0-last\" class=\"wpforms-field-sublabel after wpforms-sublabel-hide\">Sist<\/label><\/div><\/div><\/div><div id=\"wpforms-7011-field_7-container\" class=\"wpforms-field wpforms-field-text\" data-field-id=\"7\"><label class=\"wpforms-field-label wpforms-label-hide\" for=\"wpforms-7011-field_7\">Yrityksen nimi:<\/label><input type=\"text\" id=\"wpforms-7011-field_7\" class=\"wpforms-field-large\" name=\"wpforms[fields][7]\" placeholder=\"F\u00f6retagets namn\" ><\/div><div id=\"wpforms-7011-field_1-container\" class=\"wpforms-field wpforms-field-email wpforms-one-half wpforms-first\" data-field-id=\"1\"><label class=\"wpforms-field-label wpforms-label-hide\" for=\"wpforms-7011-field_1\">E-postadress: <span class=\"wpforms-required-label\">*<\/span><\/label><input type=\"email\" id=\"wpforms-7011-field_1\" class=\"wpforms-field-large wpforms-field-required\" data-rule-restricted-email=\"1\" name=\"wpforms[fields][1]\" placeholder=\"E-post*\" spellcheck=\"false\" required><\/div><div id=\"wpforms-7011-field_6-container\" class=\"wpforms-field wpforms-field-text wpforms-one-half\" data-field-id=\"6\"><label class=\"wpforms-field-label wpforms-label-hide\" for=\"wpforms-7011-field_6\">Telefonnummer:<\/label><input type=\"text\" id=\"wpforms-7011-field_6\" class=\"wpforms-field-large\" name=\"wpforms[fields][6]\" placeholder=\"Telefonnummer\" ><\/div><div id=\"wpforms-7011-field_2-container\" class=\"wpforms-field wpforms-field-textarea\" data-field-id=\"2\"><label class=\"wpforms-field-label wpforms-label-hide\" for=\"wpforms-7011-field_2\">Meddelande: <span class=\"wpforms-required-label\">*<\/span><\/label><textarea id=\"wpforms-7011-field_2\" class=\"wpforms-field-medium wpforms-field-required\" name=\"wpforms[fields][2]\" placeholder=\"Meddelande*\" required><\/textarea><\/div><div id=\"wpforms-7011-field_4-container\" class=\"wpforms-field wpforms-field-checkbox\" data-field-id=\"4\"><label class=\"wpforms-field-label wpforms-label-hide\">Kontakt<\/label><ul id=\"wpforms-7011-field_4\"><li class=\"choice-1 depth-1\"><input type=\"checkbox\" id=\"wpforms-7011-field_4_1\" name=\"wpforms[fields][4][]\" value=\"Haluan ett\u00e4 minuun otetaan yhteytt\u00e4 puhelimitse (muuten s\u00e4hk\u00f6postitse).\"  ><label class=\"wpforms-field-label-inline\" for=\"wpforms-7011-field_4_1\">Jag vill bli kontaktad per telefon (annars med e-post).<\/label><\/li><\/ul><\/div><div id=\"wpforms-7011-field_3-container\" class=\"wpforms-field wpforms-field-gdpr-checkbox\" data-field-id=\"3\"><label class=\"wpforms-field-label wpforms-label-hide\">Samtycke <span class=\"wpforms-required-label\">*<\/span><\/label><ul id=\"wpforms-7011-field_3\" class=\"wpforms-field-required\"><li class=\"choice-1\"><input type=\"checkbox\" id=\"wpforms-7011-field_3_1\" name=\"wpforms[fields][3][]\" value=\"Hyv\u00e4ksyn sivuston k\u00e4ytt\u00f6ehtojen mukaisen henkil\u00f6tietojen tallentamisen ja k\u00e4yt\u00f6n.\" required><label class=\"wpforms-field-label-inline\" for=\"wpforms-7011-field_3_1\">Jag samtycker till att mina personuppgifter lagras och behandlas i enlighet med webbplatsens anv\u00e4ndarvillkor. <span class=\"wpforms-required-label\">*<\/span><\/label><\/li><\/ul><div class=\"wpforms-field-description\">Vi lagrar uppgifterna f\u00f6r eget bruk. Du kan n\u00e4r som helst be att f\u00e5 dina uppgifter raderade. Vi delar inte kontaktuppgifter med tredje parter. L\u00e4s noggrannare: <a target=\"_blank\" href=\"https:\/\/www.finnvacum.fi\/sv\/webbplatsens-anvandarvillkor\/\">anv\u00e4ndarvillkor<\/a> och <a  target=\"_blank\" href=\"https:\/\/www.finnvacum.fi\/sv\/foretaget\/dataskyddsbeskrivning\/\">integritetspolicy.<\/a>.<\/div><\/div><\/div><!-- .wpforms-field-container --><div class=\"wpforms-submit-container\" ><input type=\"hidden\" name=\"wpforms[id]\" value=\"7011\"><input type=\"hidden\" name=\"page_title\" value=\"\"><input type=\"hidden\" name=\"page_url\" value=\"https:\/\/www.finnvacum.fi\/sv\/wp-json\/wp\/v2\/pages\/1342\"><input type=\"hidden\" name=\"url_referer\" value=\"\"><button type=\"submit\" name=\"wpforms[submit]\" id=\"wpforms-submit-7011\" class=\"wpforms-submit\" data-alt-text=\"L\u00e4hetet\u00e4\u00e4n...\" data-submit-text=\"L\u00e4het\u00e4\" aria-live=\"assertive\" value=\"wpforms-submit\">Skicka<\/button><img loading=\"lazy\" decoding=\"async\" src=\"https:\/\/www.finnvacum.fi\/wp-content\/plugins\/wpforms-lite\/assets\/images\/submit-spin.svg\" class=\"wpforms-submit-spinner\" style=\"display: none;\" width=\"26\" height=\"26\" alt=\"Laddar\"><\/div><input type=\"hidden\" name=\"trp-form-language\" value=\"sv\"\/><\/form><\/div>  <!-- .wpforms-container -->\n<\/div>\n<\/div><\/section>","protected":false},"excerpt":{"rendered":"<p>Useita materiaalivaihtoehtoja Tuotteen vaatimusten mukaan asiakkaamme voivat valita vakuumipussin vahvuudet 60\u2013160 my v\u00e4lill\u00e4. Tavallisten 2-kerrospussien lis\u00e4ksi valmistamme l\u00e4mm\u00f6nkest\u00e4vi\u00e4 keittopusseja, alumiinipusseja ja metalloituja pusseja. Metalloidut pussit valmistamme kullan ja hopean v\u00e4risin\u00e4. Lis\u00e4ksi voimme stanssata ripustusrei\u00e4n kaikkiin pusseihimme.<\/p>","protected":false},"author":1,"featured_media":0,"parent":0,"menu_order":0,"comment_status":"closed","ping_status":"closed","template":"","meta":{"inline_featured_image":false,"neve_meta_sidebar":"full-width","neve_meta_container":"","neve_meta_enable_content_width":"on","neve_meta_content_width":100,"neve_meta_title_alignment":"","neve_meta_author_avatar":"","neve_post_elements_order":"","neve_meta_disable_header":"","neve_meta_disable_footer":"","neve_meta_disable_title":"","footnotes":""},"class_list":["post-1342","page","type-page","status-publish","hentry"],"yoast_head":"<!-- This site is optimized with the Yoast SEO plugin v25.1 - https:\/\/yoast.com\/wordpress\/plugins\/seo\/ -->\n<title>Vakuumipussit - Finnvacum<\/title>\n<meta name=\"robots\" content=\"index, follow, max-snippet:-1, max-image-preview:large, max-video-preview:-1\" \/>\n<link rel=\"canonical\" href=\"https:\/\/www.finnvacum.fi\/sv\/vakuumpasar\/\" \/>\n<meta property=\"og:locale\" content=\"sv_SE\" \/>\n<meta property=\"og:type\" content=\"article\" \/>\n<meta property=\"og:title\" content=\"Vakuumipussit - Finnvacum\" \/>\n<meta property=\"og:description\" content=\"Useita materiaalivaihtoehtoja Tuotteen vaatimusten mukaan asiakkaamme voivat valita vakuumipussin vahvuudet 60\u2013160 my v\u00e4lill\u00e4. Tavallisten 2-kerrospussien lis\u00e4ksi valmistamme l\u00e4mm\u00f6nkest\u00e4vi\u00e4 keittopusseja, alumiinipusseja ja metalloituja pusseja. Metalloidut pussit valmistamme kullan ja hopean v\u00e4risin\u00e4. Lis\u00e4ksi voimme stanssata ripustusrei\u00e4n kaikkiin pusseihimme.\" \/>\n<meta property=\"og:url\" content=\"https:\/\/www.finnvacum.fi\/sv\/vakuumpasar\/\" \/>\n<meta property=\"og:site_name\" content=\"Finnvacum\" \/>\n<meta property=\"article:publisher\" content=\"https:\/\/www.facebook.com\/finnvacum\/\" \/>\n<meta property=\"article:modified_time\" content=\"2022-06-22T08:16:36+00:00\" \/>\n<meta property=\"og:image\" content=\"https:\/\/www.finnvacum.fi\/wp-content\/uploads\/2021\/08\/flowpack-lihapiirakka.png\" \/>\n<meta name=\"twitter:card\" content=\"summary_large_image\" \/>\n<meta name=\"twitter:label1\" content=\"Ber\u00e4knad l\u00e4stid\" \/>\n\t<meta name=\"twitter:data1\" content=\"2 minuter\" \/>\n<script type=\"application\/ld+json\" class=\"yoast-schema-graph\">{\"@context\":\"https:\/\/schema.org\",\"@graph\":[{\"@type\":\"WebPage\",\"@id\":\"https:\/\/www.finnvacum.fi\/vakuumipussit\/\",\"url\":\"https:\/\/www.finnvacum.fi\/vakuumipussit\/\",\"name\":\"Vakuumipussit - Finnvacum\",\"isPartOf\":{\"@id\":\"https:\/\/www.finnvacum.fi\/#website\"},\"primaryImageOfPage\":{\"@id\":\"https:\/\/www.finnvacum.fi\/vakuumipussit\/#primaryimage\"},\"image\":{\"@id\":\"https:\/\/www.finnvacum.fi\/vakuumipussit\/#primaryimage\"},\"thumbnailUrl\":\"https:\/\/www.finnvacum.fi\/wp-content\/uploads\/2021\/08\/flowpack-lihapiirakka.png\",\"datePublished\":\"2021-08-18T14:16:43+00:00\",\"dateModified\":\"2022-06-22T08:16:36+00:00\",\"breadcrumb\":{\"@id\":\"https:\/\/www.finnvacum.fi\/vakuumipussit\/#breadcrumb\"},\"inLanguage\":\"sv-SE\",\"potentialAction\":[{\"@type\":\"ReadAction\",\"target\":[\"https:\/\/www.finnvacum.fi\/vakuumipussit\/\"]}]},{\"@type\":\"ImageObject\",\"inLanguage\":\"sv-SE\",\"@id\":\"https:\/\/www.finnvacum.fi\/vakuumipussit\/#primaryimage\",\"url\":\"https:\/\/www.finnvacum.fi\/wp-content\/uploads\/2021\/08\/flowpack-lihapiirakka.png\",\"contentUrl\":\"https:\/\/www.finnvacum.fi\/wp-content\/uploads\/2021\/08\/flowpack-lihapiirakka.png\"},{\"@type\":\"BreadcrumbList\",\"@id\":\"https:\/\/www.finnvacum.fi\/vakuumipussit\/#breadcrumb\",\"itemListElement\":[{\"@type\":\"ListItem\",\"position\":1,\"name\":\"Etusivu\",\"item\":\"https:\/\/www.finnvacum.fi\/\"},{\"@type\":\"ListItem\",\"position\":2,\"name\":\"Vakuumipussit\"}]},{\"@type\":\"WebSite\",\"@id\":\"https:\/\/www.finnvacum.fi\/#website\",\"url\":\"https:\/\/www.finnvacum.fi\/\",\"name\":\"Finnvacum\",\"description\":\"Elintarviketeollisuuden koneet ja materiaalit\",\"publisher\":{\"@id\":\"https:\/\/www.finnvacum.fi\/#organization\"},\"potentialAction\":[{\"@type\":\"SearchAction\",\"target\":{\"@type\":\"EntryPoint\",\"urlTemplate\":\"https:\/\/www.finnvacum.fi\/?s={search_term_string}\"},\"query-input\":{\"@type\":\"PropertyValueSpecification\",\"valueRequired\":true,\"valueName\":\"search_term_string\"}}],\"inLanguage\":\"sv-SE\"},{\"@type\":\"Organization\",\"@id\":\"https:\/\/www.finnvacum.fi\/#organization\",\"name\":\"Finnvacum Oy Ab\",\"url\":\"https:\/\/www.finnvacum.fi\/\",\"logo\":{\"@type\":\"ImageObject\",\"inLanguage\":\"sv-SE\",\"@id\":\"https:\/\/www.finnvacum.fi\/#\/schema\/logo\/image\/\",\"url\":\"https:\/\/www.finnvacum.fi\/wp-content\/uploads\/2021\/05\/cropped-fv3to1.png\",\"contentUrl\":\"https:\/\/www.finnvacum.fi\/wp-content\/uploads\/2021\/05\/cropped-fv3to1.png\",\"width\":600,\"height\":150,\"caption\":\"Finnvacum Oy Ab\"},\"image\":{\"@id\":\"https:\/\/www.finnvacum.fi\/#\/schema\/logo\/image\/\"},\"sameAs\":[\"https:\/\/www.facebook.com\/finnvacum\/\",\"https:\/\/www.instagram.com\/finnvacum\/\",\"https:\/\/fi.linkedin.com\/company\/finnvacum-oy-ab\"]}]}<\/script>\n<!-- \/ Yoast SEO plugin. -->","yoast_head_json":{"title":"Vakuumipussit - Finnvacum","robots":{"index":"index","follow":"follow","max-snippet":"max-snippet:-1","max-image-preview":"max-image-preview:large","max-video-preview":"max-video-preview:-1"},"canonical":"https:\/\/www.finnvacum.fi\/sv\/vakuumpasar\/","og_locale":"sv_SE","og_type":"article","og_title":"Vakuumipussit - Finnvacum","og_description":"Useita materiaalivaihtoehtoja Tuotteen vaatimusten mukaan asiakkaamme voivat valita vakuumipussin vahvuudet 60\u2013160 my v\u00e4lill\u00e4. Tavallisten 2-kerrospussien lis\u00e4ksi valmistamme l\u00e4mm\u00f6nkest\u00e4vi\u00e4 keittopusseja, alumiinipusseja ja metalloituja pusseja. Metalloidut pussit valmistamme kullan ja hopean v\u00e4risin\u00e4. Lis\u00e4ksi voimme stanssata ripustusrei\u00e4n kaikkiin pusseihimme.","og_url":"https:\/\/www.finnvacum.fi\/sv\/vakuumpasar\/","og_site_name":"Finnvacum","article_publisher":"https:\/\/www.facebook.com\/finnvacum\/","article_modified_time":"2022-06-22T08:16:36+00:00","og_image":[{"url":"https:\/\/www.finnvacum.fi\/wp-content\/uploads\/2021\/08\/flowpack-lihapiirakka.png","type":"","width":"","height":""}],"twitter_card":"summary_large_image","twitter_misc":{"Ber\u00e4knad l\u00e4stid":"2 minuter"},"schema":{"@context":"https:\/\/schema.org","@graph":[{"@type":"WebPage","@id":"https:\/\/www.finnvacum.fi\/vakuumipussit\/","url":"https:\/\/www.finnvacum.fi\/vakuumipussit\/","name":"Vakuumipussit - Finnvacum","isPartOf":{"@id":"https:\/\/www.finnvacum.fi\/#website"},"primaryImageOfPage":{"@id":"https:\/\/www.finnvacum.fi\/vakuumipussit\/#primaryimage"},"image":{"@id":"https:\/\/www.finnvacum.fi\/vakuumipussit\/#primaryimage"},"thumbnailUrl":"https:\/\/www.finnvacum.fi\/wp-content\/uploads\/2021\/08\/flowpack-lihapiirakka.png","datePublished":"2021-08-18T14:16:43+00:00","dateModified":"2022-06-22T08:16:36+00:00","breadcrumb":{"@id":"https:\/\/www.finnvacum.fi\/vakuumipussit\/#breadcrumb"},"inLanguage":"sv-SE","potentialAction":[{"@type":"ReadAction","target":["https:\/\/www.finnvacum.fi\/vakuumipussit\/"]}]},{"@type":"ImageObject","inLanguage":"sv-SE","@id":"https:\/\/www.finnvacum.fi\/vakuumipussit\/#primaryimage","url":"https:\/\/www.finnvacum.fi\/wp-content\/uploads\/2021\/08\/flowpack-lihapiirakka.png","contentUrl":"https:\/\/www.finnvacum.fi\/wp-content\/uploads\/2021\/08\/flowpack-lihapiirakka.png"},{"@type":"BreadcrumbList","@id":"https:\/\/www.finnvacum.fi\/vakuumipussit\/#breadcrumb","itemListElement":[{"@type":"ListItem","position":1,"name":"Etusivu","item":"https:\/\/www.finnvacum.fi\/"},{"@type":"ListItem","position":2,"name":"Vakuumipussit"}]},{"@type":"WebSite","@id":"https:\/\/www.finnvacum.fi\/#website","url":"https:\/\/www.finnvacum.fi\/","name":"Finnvacum","description":"Elintarviketeollisuuden koneet ja materiaalit","publisher":{"@id":"https:\/\/www.finnvacum.fi\/#organization"},"potentialAction":[{"@type":"SearchAction","target":{"@type":"EntryPoint","urlTemplate":"https:\/\/www.finnvacum.fi\/?s={search_term_string}"},"query-input":{"@type":"PropertyValueSpecification","valueRequired":true,"valueName":"search_term_string"}}],"inLanguage":"sv-SE"},{"@type":"Organization","@id":"https:\/\/www.finnvacum.fi\/#organization","name":"Finnvacum Oy Ab","url":"https:\/\/www.finnvacum.fi\/","logo":{"@type":"ImageObject","inLanguage":"sv-SE","@id":"https:\/\/www.finnvacum.fi\/#\/schema\/logo\/image\/","url":"https:\/\/www.finnvacum.fi\/wp-content\/uploads\/2021\/05\/cropped-fv3to1.png","contentUrl":"https:\/\/www.finnvacum.fi\/wp-content\/uploads\/2021\/05\/cropped-fv3to1.png","width":600,"height":150,"caption":"Finnvacum Oy Ab"},"image":{"@id":"https:\/\/www.finnvacum.fi\/#\/schema\/logo\/image\/"},"sameAs":["https:\/\/www.facebook.com\/finnvacum\/","https:\/\/www.instagram.com\/finnvacum\/","https:\/\/fi.linkedin.com\/company\/finnvacum-oy-ab"]}]}},"uagb_featured_image_src":{"full":false,"thumbnail":false,"medium":false,"medium_large":false,"large":false,"1536x1536":false,"2048x2048":false,"trp-custom-language-flag":false,"neve-blog":false},"uagb_author_info":{"display_name":"Finnvacum","author_link":"https:\/\/www.finnvacum.fi\/sv\/author\/finnvacum\/"},"uagb_comment_info":0,"uagb_excerpt":"Useita materiaalivaihtoehtoja Tuotteen vaatimusten mukaan asiakkaamme voivat valita vakuumipussin vahvuudet 60\u2013160 my v\u00e4lill\u00e4. Tavallisten 2-kerrospussien lis\u00e4ksi valmistamme l\u00e4mm\u00f6nkest\u00e4vi\u00e4 keittopusseja, alumiinipusseja ja metalloituja pusseja. Metalloidut pussit valmistamme kullan ja hopean v\u00e4risin\u00e4. Lis\u00e4ksi voimme stanssata ripustusrei\u00e4n kaikkiin pusseihimme.","_links":{"self":[{"href":"https:\/\/www.finnvacum.fi\/sv\/wp-json\/wp\/v2\/pages\/1342","targetHints":{"allow":["GET"]}}],"collection":[{"href":"https:\/\/www.finnvacum.fi\/sv\/wp-json\/wp\/v2\/pages"}],"about":[{"href":"https:\/\/www.finnvacum.fi\/sv\/wp-json\/wp\/v2\/types\/page"}],"author":[{"embeddable":true,"href":"https:\/\/www.finnvacum.fi\/sv\/wp-json\/wp\/v2\/users\/1"}],"replies":[{"embeddable":true,"href":"https:\/\/www.finnvacum.fi\/sv\/wp-json\/wp\/v2\/comments?post=1342"}],"version-history":[{"count":4,"href":"https:\/\/www.finnvacum.fi\/sv\/wp-json\/wp\/v2\/pages\/1342\/revisions"}],"predecessor-version":[{"id":7038,"href":"https:\/\/www.finnvacum.fi\/sv\/wp-json\/wp\/v2\/pages\/1342\/revisions\/7038"}],"wp:attachment":[{"href":"https:\/\/www.finnvacum.fi\/sv\/wp-json\/wp\/v2\/media?parent=1342"}],"curies":[{"name":"wp","href":"https:\/\/api.w.org\/{rel}","templated":true}]}}