{"id":1270,"date":"2021-08-18T11:54:11","date_gmt":"2021-08-18T08:54:11","guid":{"rendered":"https:\/\/www.finnvacum.fi\/?page_id=1270"},"modified":"2023-03-23T14:18:35","modified_gmt":"2023-03-23T12:18:35","slug":"integritetspolicy","status":"publish","type":"page","link":"https:\/\/www.finnvacum.fi\/sv\/integritetspolicy\/","title":{"rendered":"Registerbeskrivning enligt 10 \u00a7 i lagen om personuppgifter (523\/99)"},"content":{"rendered":"<div class=\"wp-block-uagb-table-of-contents uagb-toc__align-left uagb-toc__columns-1   uagb-block-5c2e1b81\" \n\t\t\t\t\tdata-scroll= \"1\"\n\t\t\t\t\tdata-offset= \"30\"\n\t\t\t\t\tdata-delay= \"800\"\n\t\t\t\t>\n\t\t\t\t<div class=\"uagb-toc__wrap\">\n\t\t\t\t\t<div class=\"uagb-toc__title-wrap\">\n\t\t\t\t\t\t<div class=\"uagb-toc__title\">\n\t\t\t\t\t\t\tInneh\u00e5llsf\u00f6rteckning\t\t\t\t\t\t<\/div>\n\t\t\t\t\t\t\t\t\t\t\t<\/div>\n\t\t\t\t\t\t\t\t\t\t<div class=\"uagb-toc__list-wrap\">\n\t\t\t\t\t\t<ol class=\"uagb-toc__list\"><li class=\"uagb-toc__list\"><a href=\"#1-rekisterinpitj\">Registeransvarig<\/a><li class=\"uagb-toc__list\"><a href=\"#2-rekisteriasiat\">Registerfr\u00e5gor<\/a><li class=\"uagb-toc__list\"><a href=\"#3-rekisterin-nimi\">Registrets namn<\/a><li class=\"uagb-toc__list\"><a href=\"#4-henkiltietojen-ksittelyn-tarkoitus\">Syftet med behandlingen av personuppgifter<\/a><li class=\"uagb-toc__list\"><a href=\"#5-rekisterin-tietosislt\">Registrets datainneh\u00e5ll<\/a><li class=\"uagb-toc__list\"><a href=\"#6-rekisterin-snnnmukaiset-tietolhteet\">Registrets regelr\u00e4tta informationsk\u00e4llor<\/a><li class=\"uagb-toc__list\"><a href=\"#7-snnnmukaiset-tietojen-luovutukset\">Regelr\u00e4tt \u00f6verl\u00e5telser av uppgifter<\/a><li class=\"uagb-toc__list\"><a href=\"#8-tietojen-silytys-ja-poistaminen\">Lagring och radering av uppgifter<\/a><li class=\"uagb-toc__list\"><a href=\"#9-rekisterin-suojauksen-periaatteet\">Principer f\u00f6r registerskydd<\/a><li class=\"uagb-toc__list\"><a href=\"#10-rekisteridyn-oikeudet\">Den registrerades r\u00e4ttigheter<\/a><\/ol>\t\t\t\t\t<\/div>\n\t\t\t\t\t\t\t\t\t<\/div>\n\t\t\t\t<\/div>\n\t\t\t\n\n\n<div style=\"height:35px\" aria-hidden=\"true\" class=\"wp-block-spacer\"><\/div>\n\n\n\n<h3 class=\"wp-block-heading\" id=\"1-rekisterinpitj\">Registeransvarig<\/h3>\n\n\n\n<p>Finnvacum Oy<br>Sandbackav\u00e4gen 14<br>01150 S\u00f6derkulla<\/p>\n\n\n\n<p>Tel.: (09) 2786 250<br>finnvacum@finnvacum.fi<\/p>\n\n\n\n<p>Ansvarig f\u00f6r dataskydd: Stefan K\u00e4mpe \u200e(stefan.kampe@finnvacum.fi)<\/p>\n\n\n\n<h3 class=\"wp-block-heading\" id=\"2-rekisteriasiat\">Registerfr\u00e5gor<\/h3>\n\n\n\n<p>Vi str\u00e4var efter att svara p\u00e5 fr\u00e5gor och feedback om registret inom ett par arbetsdagar.<\/p>\n\n\n\n<h3 class=\"wp-block-heading\" id=\"3-rekisterin-nimi\">Registrets namn<\/h3>\n\n\n\n<p>Finnvacum Oy:s kund- och marknadsf\u00f6ringsregister.<\/p>\n\n\n\n<h3 class=\"wp-block-heading\" id=\"4-henkiltietojen-ksittelyn-tarkoitus\">Syftet med behandlingen av personuppgifter<\/h3>\n\n\n\n<p>Syftet med behandlingen \u00e4r att sk\u00f6ta kundrelationen, ut\u00f6va kundens och Finnvacum Oy:s r\u00e4ttigheter och skyldigheter samt behandla personuppgifter i enlighet med personuppgiftslagen f\u00f6r \u00e4ndam\u00e5l i samband med onlinetj\u00e4nster, f\u00f6r att bedriva forskningsverksamhet, f\u00f6r Finnvacum Oy:s reklam och\/eller direktmarknadsf\u00f6ring p\u00e5 basis av kunduppgifter via Finnvacum Oy:s medier och tj\u00e4nster utan att l\u00e4mna ut personuppgifter till utomst\u00e5ende parter.<\/p>\n\n\n\n<h3 class=\"wp-block-heading\" id=\"5-rekisterin-tietosislt\">Registrets datainneh\u00e5ll<\/h3>\n\n\n\n<p>Registret kan inneh\u00e5lla uppgifter om potentiella och nuvarande kunder enligt f\u00f6ljande kategorier:<\/p>\n\n\n\n<ul class=\"wp-block-list\">\n<li>Namn<\/li>\n\n\n\n<li>E-postadress<\/li>\n\n\n\n<li>Mobiltelefonnummer<\/li>\n\n\n\n<li>F\u00f6retag och befattning<\/li>\n\n\n\n<li>F\u00f6retagets adressuppgifter<\/li>\n<\/ul>\n\n\n\n<h3 class=\"wp-block-heading\" id=\"6-rekisterin-snnnmukaiset-tietolhteet\">Registrets regelr\u00e4tta informationsk\u00e4llor<\/h3>\n\n\n\n<p>Registret \u00e4r sammanst\u00e4lt fr\u00e5n Finnvacum Oy:s kunddatasystem. Uppgifterna uppr\u00e4tth\u00e5lls med hj\u00e4lp av offentligt tillg\u00e4ngliga internetk\u00e4llor (t.ex. f\u00f6retagets egna webbplatser) och andra offentliga k\u00e4llor. Registret inneh\u00e5ller ocks\u00e5 uppgifter som personerna sj\u00e4lva l\u00e4mnat.<\/p>\n\n\n\n<h3 class=\"wp-block-heading\" id=\"7-snnnmukaiset-tietojen-luovutukset\">Regelr\u00e4tt \u00f6verl\u00e5telser av uppgifter<\/h3>\n\n\n\n<p>Den registeransvariga l\u00e4mnar inte ut personuppgifter till tredje parter, f\u00f6rutom n\u00e4r finska myndigheter kr\u00e4ver det.<\/p>\n\n\n\n<h3 class=\"wp-block-heading\" id=\"8-tietojen-silytys-ja-poistaminen\">Lagring och radering av uppgifter<\/h3>\n\n\n\n<p>Vi sparar personuppgifter \u00e5tminstone s\u00e5 l\u00e4nge som kundrelationen varar. Efter att kundrelationen upph\u00f6rt beror lagringstiden p\u00e5 uppgifterna och deras avsedda anv\u00e4ndning. Uppgifterna kan raderas p\u00e5 personens beg\u00e4ran eller n\u00e4r kundrelationen upph\u00f6r.<\/p>\n\n\n\n<h3 class=\"wp-block-heading\" id=\"9-rekisterin-suojauksen-periaatteet\">Principer f\u00f6r registerskydd<\/h3>\n\n\n\n<p>Personuppgifter sparas konfidentiellt. Datan\u00e4tet och den maskinvara som registret \u00e4r placerat p\u00e5 skyddas av en brandv\u00e4gg och andra n\u00f6dv\u00e4ndiga tekniska \u00e5tg\u00e4rder.<\/p>\n\n\n\n<h3 class=\"wp-block-heading\" id=\"10-rekisteridyn-oikeudet\">Den registrerades r\u00e4ttigheter<\/h3>\n\n\n\n<p>En person har r\u00e4tt att f\u00e5, korrigera, uppdatera, \u00f6verf\u00f6ra, \u00e4ndra och radera de personuppgifter som vi lagrar om honom eller henne. Mer information om den registrerades r\u00e4ttigheter finns i v\u00e5r integritetspolicy. Du kan kontakta oss genom att anv\u00e4nda kontaktuppgifterna i avsnittet \"Registeransvarig\".<\/p>\n\n\n\n<div style=\"height:25px\" aria-hidden=\"true\" class=\"wp-block-spacer\"><\/div>\n\n\n\n<div class=\"wp-block-buttons is-layout-flex wp-block-buttons-is-layout-flex\">\n<div class=\"wp-block-button is-style-secondary\"><a class=\"wp-block-button__link wp-element-button\" href=\"https:\/\/www.finnvacum.fi\/sv\/foretaget\/#toimitusehdot\">Allm\u00e4nna leveransvillkor<\/a><\/div>\n\n\n\n<div class=\"wp-block-button is-style-secondary\"><a class=\"wp-block-button__link wp-element-button\" href=\"https:\/\/www.finnvacum.fi\/sv\/webbplatsens-anvandarvillkor\/\">Anv\u00e4ndarvillkor<\/a><\/div>\n\n\n\n<div class=\"wp-block-button is-style-secondary\"><a class=\"wp-block-button__link wp-element-button\" href=\"https:\/\/www.finnvacum.fi\/sv\/dataskyddsbeskrivning\/\">Dataskyddsbeskrivning<\/a><\/div>\n<\/div>\n\n\n\n<div style=\"height:55px\" aria-hidden=\"true\" class=\"wp-block-spacer\"><\/div>","protected":false},"excerpt":{"rendered":"<p>1. Rekisterinpit\u00e4j\u00e4 Finnvacum OyHiekkam\u00e4entie 1401150 S\u00f6derkulla Puh: (09) 2786 250finnvacum@finnvacum.fi Tietosuoja vastuuhenkil\u00f6: Stefan K\u00e4mpe \u200e(stefan.kampe@finnvacum.fi) 2. Rekisteriasiat Pyrimme vastaamaan muutaman arkip\u00e4iv\u00e4n kuluessa rekisteri\u00e4 koskeviin kysymyksiin ja palautteisiin. 3. Rekisterin nimi Finnvacum Oy:n asiakas- ja markkinointirekisteri. 4. Henkil\u00f6tietojen k\u00e4sittelyn tarkoitus K\u00e4sittelyn tarkoituksena on asiakassuhteen hoitaminen, asiakkaan ja Finnvacum Oy:n oikeuksien ja velvollisuuksien toteuttaminen sek\u00e4 henkil\u00f6tietolain mukainen&hellip;&nbsp;<a href=\"https:\/\/www.finnvacum.fi\/sv\/integritetspolicy\/\" class=\"\" rel=\"bookmark\">L\u00e4s mer &raquo;<span class=\"screen-reader-text\">Registerbeskrivning enligt 10 \u00a7 i lagen om personuppgifter (523\/99)<\/span><\/a><\/p>","protected":false},"author":1,"featured_media":0,"parent":0,"menu_order":0,"comment_status":"closed","ping_status":"closed","template":"","meta":{"inline_featured_image":false,"neve_meta_sidebar":"default","neve_meta_container":"default","neve_meta_enable_content_width":"off","neve_meta_content_width":100,"neve_meta_title_alignment":"","neve_meta_author_avatar":"","neve_post_elements_order":"","neve_meta_disable_header":"","neve_meta_disable_footer":"","neve_meta_disable_title":"","footnotes":""},"class_list":["post-1270","page","type-page","status-publish","hentry"],"yoast_head":"<!-- This site is optimized with the Yoast SEO plugin v25.1 - https:\/\/yoast.com\/wordpress\/plugins\/seo\/ -->\n<title>Henkil\u00f6tietolain (523\/99) 10 \u00a7:n mukainen rekisteriseloste - Finnvacum<\/title>\n<meta name=\"robots\" content=\"index, follow, max-snippet:-1, max-image-preview:large, max-video-preview:-1\" \/>\n<link rel=\"canonical\" href=\"https:\/\/www.finnvacum.fi\/sv\/integritetspolicy\/\" \/>\n<meta property=\"og:locale\" content=\"sv_SE\" \/>\n<meta property=\"og:type\" content=\"article\" \/>\n<meta property=\"og:title\" content=\"Henkil\u00f6tietolain (523\/99) 10 \u00a7:n mukainen rekisteriseloste - Finnvacum\" \/>\n<meta property=\"og:description\" content=\"1. Rekisterinpit\u00e4j\u00e4 Finnvacum OyHiekkam\u00e4entie 1401150 S\u00f6derkulla Puh: (09) 2786 250finnvacum@finnvacum.fi Tietosuoja vastuuhenkil\u00f6: Stefan K\u00e4mpe \u200e(stefan.kampe@finnvacum.fi) 2. Rekisteriasiat Pyrimme vastaamaan muutaman arkip\u00e4iv\u00e4n kuluessa rekisteri\u00e4 koskeviin kysymyksiin ja palautteisiin. 3. Rekisterin nimi Finnvacum Oy:n asiakas- ja markkinointirekisteri. 4. Henkil\u00f6tietojen k\u00e4sittelyn tarkoitus K\u00e4sittelyn tarkoituksena on asiakassuhteen hoitaminen, asiakkaan ja Finnvacum Oy:n oikeuksien ja velvollisuuksien toteuttaminen sek\u00e4 henkil\u00f6tietolain mukainen&hellip;&nbsp;L\u00e4s mer &raquo;Henkil\u00f6tietolain (523\/99) 10 \u00a7:n mukainen rekisteriseloste\" \/>\n<meta property=\"og:url\" content=\"https:\/\/www.finnvacum.fi\/sv\/integritetspolicy\/\" \/>\n<meta property=\"og:site_name\" content=\"Finnvacum\" \/>\n<meta property=\"article:publisher\" content=\"https:\/\/www.facebook.com\/finnvacum\/\" \/>\n<meta property=\"article:modified_time\" content=\"2023-03-23T12:18:35+00:00\" \/>\n<meta name=\"twitter:card\" content=\"summary_large_image\" \/>\n<meta name=\"twitter:label1\" content=\"Ber\u00e4knad l\u00e4stid\" \/>\n\t<meta name=\"twitter:data1\" content=\"1 minut\" \/>\n<script type=\"application\/ld+json\" class=\"yoast-schema-graph\">{\"@context\":\"https:\/\/schema.org\",\"@graph\":[{\"@type\":\"WebPage\",\"@id\":\"https:\/\/www.finnvacum.fi\/rekisteriseloste\/\",\"url\":\"https:\/\/www.finnvacum.fi\/rekisteriseloste\/\",\"name\":\"Henkil\u00f6tietolain (523\/99) 10 \u00a7:n mukainen rekisteriseloste - Finnvacum\",\"isPartOf\":{\"@id\":\"https:\/\/www.finnvacum.fi\/#website\"},\"datePublished\":\"2021-08-18T08:54:11+00:00\",\"dateModified\":\"2023-03-23T12:18:35+00:00\",\"breadcrumb\":{\"@id\":\"https:\/\/www.finnvacum.fi\/rekisteriseloste\/#breadcrumb\"},\"inLanguage\":\"sv-SE\",\"potentialAction\":[{\"@type\":\"ReadAction\",\"target\":[\"https:\/\/www.finnvacum.fi\/rekisteriseloste\/\"]}]},{\"@type\":\"BreadcrumbList\",\"@id\":\"https:\/\/www.finnvacum.fi\/rekisteriseloste\/#breadcrumb\",\"itemListElement\":[{\"@type\":\"ListItem\",\"position\":1,\"name\":\"Etusivu\",\"item\":\"https:\/\/www.finnvacum.fi\/\"},{\"@type\":\"ListItem\",\"position\":2,\"name\":\"Henkil\u00f6tietolain (523\/99) 10 \u00a7:n mukainen rekisteriseloste\"}]},{\"@type\":\"WebSite\",\"@id\":\"https:\/\/www.finnvacum.fi\/#website\",\"url\":\"https:\/\/www.finnvacum.fi\/\",\"name\":\"Finnvacum\",\"description\":\"Elintarviketeollisuuden koneet ja materiaalit\",\"publisher\":{\"@id\":\"https:\/\/www.finnvacum.fi\/#organization\"},\"potentialAction\":[{\"@type\":\"SearchAction\",\"target\":{\"@type\":\"EntryPoint\",\"urlTemplate\":\"https:\/\/www.finnvacum.fi\/?s={search_term_string}\"},\"query-input\":{\"@type\":\"PropertyValueSpecification\",\"valueRequired\":true,\"valueName\":\"search_term_string\"}}],\"inLanguage\":\"sv-SE\"},{\"@type\":\"Organization\",\"@id\":\"https:\/\/www.finnvacum.fi\/#organization\",\"name\":\"Finnvacum Oy Ab\",\"url\":\"https:\/\/www.finnvacum.fi\/\",\"logo\":{\"@type\":\"ImageObject\",\"inLanguage\":\"sv-SE\",\"@id\":\"https:\/\/www.finnvacum.fi\/#\/schema\/logo\/image\/\",\"url\":\"https:\/\/www.finnvacum.fi\/wp-content\/uploads\/2021\/05\/cropped-fv3to1.png\",\"contentUrl\":\"https:\/\/www.finnvacum.fi\/wp-content\/uploads\/2021\/05\/cropped-fv3to1.png\",\"width\":600,\"height\":150,\"caption\":\"Finnvacum Oy Ab\"},\"image\":{\"@id\":\"https:\/\/www.finnvacum.fi\/#\/schema\/logo\/image\/\"},\"sameAs\":[\"https:\/\/www.facebook.com\/finnvacum\/\",\"https:\/\/www.instagram.com\/finnvacum\/\",\"https:\/\/fi.linkedin.com\/company\/finnvacum-oy-ab\"]}]}<\/script>\n<!-- \/ Yoast SEO plugin. -->","yoast_head_json":{"title":"Henkil\u00f6tietolain (523\/99) 10 \u00a7:n mukainen rekisteriseloste - Finnvacum","robots":{"index":"index","follow":"follow","max-snippet":"max-snippet:-1","max-image-preview":"max-image-preview:large","max-video-preview":"max-video-preview:-1"},"canonical":"https:\/\/www.finnvacum.fi\/sv\/integritetspolicy\/","og_locale":"sv_SE","og_type":"article","og_title":"Henkil\u00f6tietolain (523\/99) 10 \u00a7:n mukainen rekisteriseloste - Finnvacum","og_description":"1. Rekisterinpit\u00e4j\u00e4 Finnvacum OyHiekkam\u00e4entie 1401150 S\u00f6derkulla Puh: (09) 2786 250finnvacum@finnvacum.fi Tietosuoja vastuuhenkil\u00f6: Stefan K\u00e4mpe \u200e(stefan.kampe@finnvacum.fi) 2. Rekisteriasiat Pyrimme vastaamaan muutaman arkip\u00e4iv\u00e4n kuluessa rekisteri\u00e4 koskeviin kysymyksiin ja palautteisiin. 3. Rekisterin nimi Finnvacum Oy:n asiakas- ja markkinointirekisteri. 4. Henkil\u00f6tietojen k\u00e4sittelyn tarkoitus K\u00e4sittelyn tarkoituksena on asiakassuhteen hoitaminen, asiakkaan ja Finnvacum Oy:n oikeuksien ja velvollisuuksien toteuttaminen sek\u00e4 henkil\u00f6tietolain mukainen&hellip;&nbsp;L\u00e4s mer &raquo;Henkil\u00f6tietolain (523\/99) 10 \u00a7:n mukainen rekisteriseloste","og_url":"https:\/\/www.finnvacum.fi\/sv\/integritetspolicy\/","og_site_name":"Finnvacum","article_publisher":"https:\/\/www.facebook.com\/finnvacum\/","article_modified_time":"2023-03-23T12:18:35+00:00","twitter_card":"summary_large_image","twitter_misc":{"Ber\u00e4knad l\u00e4stid":"1 minut"},"schema":{"@context":"https:\/\/schema.org","@graph":[{"@type":"WebPage","@id":"https:\/\/www.finnvacum.fi\/rekisteriseloste\/","url":"https:\/\/www.finnvacum.fi\/rekisteriseloste\/","name":"Henkil\u00f6tietolain (523\/99) 10 \u00a7:n mukainen rekisteriseloste - Finnvacum","isPartOf":{"@id":"https:\/\/www.finnvacum.fi\/#website"},"datePublished":"2021-08-18T08:54:11+00:00","dateModified":"2023-03-23T12:18:35+00:00","breadcrumb":{"@id":"https:\/\/www.finnvacum.fi\/rekisteriseloste\/#breadcrumb"},"inLanguage":"sv-SE","potentialAction":[{"@type":"ReadAction","target":["https:\/\/www.finnvacum.fi\/rekisteriseloste\/"]}]},{"@type":"BreadcrumbList","@id":"https:\/\/www.finnvacum.fi\/rekisteriseloste\/#breadcrumb","itemListElement":[{"@type":"ListItem","position":1,"name":"Etusivu","item":"https:\/\/www.finnvacum.fi\/"},{"@type":"ListItem","position":2,"name":"Henkil\u00f6tietolain (523\/99) 10 \u00a7:n mukainen rekisteriseloste"}]},{"@type":"WebSite","@id":"https:\/\/www.finnvacum.fi\/#website","url":"https:\/\/www.finnvacum.fi\/","name":"Finnvacum","description":"Elintarviketeollisuuden koneet ja materiaalit","publisher":{"@id":"https:\/\/www.finnvacum.fi\/#organization"},"potentialAction":[{"@type":"SearchAction","target":{"@type":"EntryPoint","urlTemplate":"https:\/\/www.finnvacum.fi\/?s={search_term_string}"},"query-input":{"@type":"PropertyValueSpecification","valueRequired":true,"valueName":"search_term_string"}}],"inLanguage":"sv-SE"},{"@type":"Organization","@id":"https:\/\/www.finnvacum.fi\/#organization","name":"Finnvacum Oy Ab","url":"https:\/\/www.finnvacum.fi\/","logo":{"@type":"ImageObject","inLanguage":"sv-SE","@id":"https:\/\/www.finnvacum.fi\/#\/schema\/logo\/image\/","url":"https:\/\/www.finnvacum.fi\/wp-content\/uploads\/2021\/05\/cropped-fv3to1.png","contentUrl":"https:\/\/www.finnvacum.fi\/wp-content\/uploads\/2021\/05\/cropped-fv3to1.png","width":600,"height":150,"caption":"Finnvacum Oy Ab"},"image":{"@id":"https:\/\/www.finnvacum.fi\/#\/schema\/logo\/image\/"},"sameAs":["https:\/\/www.facebook.com\/finnvacum\/","https:\/\/www.instagram.com\/finnvacum\/","https:\/\/fi.linkedin.com\/company\/finnvacum-oy-ab"]}]}},"uagb_featured_image_src":{"full":false,"thumbnail":false,"medium":false,"medium_large":false,"large":false,"1536x1536":false,"2048x2048":false,"trp-custom-language-flag":false,"neve-blog":false},"uagb_author_info":{"display_name":"Finnvacum","author_link":"https:\/\/www.finnvacum.fi\/sv\/author\/finnvacum\/"},"uagb_comment_info":0,"uagb_excerpt":"1. Rekisterinpit\u00e4j\u00e4 Finnvacum OyHiekkam\u00e4entie 1401150 S\u00f6derkulla Puh: (09) 2786 250finnvacum@finnvacum.fi Tietosuoja vastuuhenkil\u00f6: Stefan K\u00e4mpe \u200e(stefan.kampe@finnvacum.fi) 2. Rekisteriasiat Pyrimme vastaamaan muutaman arkip\u00e4iv\u00e4n kuluessa rekisteri\u00e4 koskeviin kysymyksiin ja palautteisiin. 3. Rekisterin nimi Finnvacum Oy:n asiakas- ja markkinointirekisteri. 4. Henkil\u00f6tietojen k\u00e4sittelyn tarkoitus K\u00e4sittelyn tarkoituksena on asiakassuhteen hoitaminen, asiakkaan ja Finnvacum Oy:n oikeuksien ja velvollisuuksien toteuttaminen sek\u00e4 henkil\u00f6tietolain mukainen&hellip;&nbsp;L\u00e4s&hellip;","_links":{"self":[{"href":"https:\/\/www.finnvacum.fi\/sv\/wp-json\/wp\/v2\/pages\/1270","targetHints":{"allow":["GET"]}}],"collection":[{"href":"https:\/\/www.finnvacum.fi\/sv\/wp-json\/wp\/v2\/pages"}],"about":[{"href":"https:\/\/www.finnvacum.fi\/sv\/wp-json\/wp\/v2\/types\/page"}],"author":[{"embeddable":true,"href":"https:\/\/www.finnvacum.fi\/sv\/wp-json\/wp\/v2\/users\/1"}],"replies":[{"embeddable":true,"href":"https:\/\/www.finnvacum.fi\/sv\/wp-json\/wp\/v2\/comments?post=1270"}],"version-history":[{"count":1,"href":"https:\/\/www.finnvacum.fi\/sv\/wp-json\/wp\/v2\/pages\/1270\/revisions"}],"predecessor-version":[{"id":7293,"href":"https:\/\/www.finnvacum.fi\/sv\/wp-json\/wp\/v2\/pages\/1270\/revisions\/7293"}],"wp:attachment":[{"href":"https:\/\/www.finnvacum.fi\/sv\/wp-json\/wp\/v2\/media?parent=1270"}],"curies":[{"name":"wp","href":"https:\/\/api.w.org\/{rel}","templated":true}]}}