{"id":6169,"date":"2022-05-09T15:36:26","date_gmt":"2022-05-09T12:36:26","guid":{"rendered":"https:\/\/www.finnvacum.fi\/?page_id=6169"},"modified":"2026-01-18T20:24:24","modified_gmt":"2026-01-18T18:24:24","slug":"plastic-jars-pp-with-a-seal","status":"publish","type":"page","link":"https:\/\/www.finnvacum.fi\/en\/plastic-jars-pp-with-a-seal\/","title":{"rendered":"Plastic jars (PP) with a seal"},"content":{"rendered":"<section class=\"wp-block-uagb-columns uagb-columns__wrap uagb-columns__background-undefined uagb-columns__stack-mobile uagb-columns__valign-undefined uagb-columns__gap-10 alignundefined uagb-block-5b9e8ba4\"><div class=\"uagb-columns__overlay\"><\/div><div class=\"uagb-columns__inner-wrap uagb-columns__columns-2\">\n<div class=\"wp-block-uagb-column uagb-column__wrap uagb-column__background-undefined uagb-block-54a0c26e\"><div class=\"uagb-column__overlay\"><\/div><div class=\"uagb-column__inner-wrap\">\n<figure class=\"wp-block-image size-large\"><img loading=\"lazy\" decoding=\"async\" width=\"1024\" height=\"569\" src=\"https:\/\/www.finnvacum.fi\/wp-content\/uploads\/2022\/03\/burkarnyare9-1024x569.png\" alt=\"\" class=\"wp-image-5599\" srcset=\"https:\/\/www.finnvacum.fi\/wp-content\/uploads\/2022\/03\/burkarnyare9-1024x569.png 1024w, https:\/\/www.finnvacum.fi\/wp-content\/uploads\/2022\/03\/burkarnyare9-300x167.png 300w, https:\/\/www.finnvacum.fi\/wp-content\/uploads\/2022\/03\/burkarnyare9-768x427.png 768w, https:\/\/www.finnvacum.fi\/wp-content\/uploads\/2022\/03\/burkarnyare9-600x334.png 600w, https:\/\/www.finnvacum.fi\/wp-content\/uploads\/2022\/03\/burkarnyare9.png 1200w\" sizes=\"auto, (max-width: 1024px) 100vw, 1024px\" \/><figcaption class=\"wp-element-caption\"><strong>Storage:<\/strong> Keep protected from direct sunlight, rain and extreme high temperatures (above 121 \u00b0C).<\/figcaption><\/figure>\n<\/div><\/div>\n\n\n\n<div class=\"wp-block-uagb-column uagb-column__wrap uagb-column__background-undefined uagb-block-2d036289\"><div class=\"uagb-column__overlay\"><\/div><div class=\"uagb-column__inner-wrap\">\n<p>Durable polypropene (PP) jars with lids for packaging food. The material of the jars is suitable for liquid, acidic and fatty food products and also for packaging warm or hot products (temperature range: 85\u201395 \u00b0C). The jars are suitable for short-term use in a microwave. Jars are also available separately for storage at low temperatures (below -20 \u00b0C).<\/p>\n\n\n\n<p><strong>PLEASE NOTE!<\/strong> Prior to being introduced to use, the products must be tested separately with all food products to be packaged hot.<\/p>\n\n\n\n<div class=\"wp-container-1 wp-block-buttons\" style=\"display: flex; margin-left: auto; margin-right: auto;\"><div class=\"wp-block-button is-style-primary\"><a style=\"padding: 0px; display: inline-block;\" class=\"wp-block-button__link\"><span class=\"su-lightbox yhteytta-modal-button\" data-mfp-src=\"#ota-yhteytta-modal\" data-mfp-type=\"inline\" data-mobile=\"yes\"> Contact us for a quote <\/span><\/a><\/div><\/div>\n\n<div class=\"su-lightbox-content su-u-trim\" id=\"ota-yhteytta-modal\" style=\"display:none;width:auto;min-width:none;max-width:600px;margin-top:40px;margin-bottom:40px;padding:40px;background:#FFFFFF;color:#333333;box-shadow:0px 0px 15px #333333;text-align:center\">\n\n<h3>Contact Form \u2013 Materials<\/h3>\n<p style=\"font-size:16px; line-height: 1.5em;\">Leave a quote request or ask about our materials, we will get back to you during the next work day at the latest.<\/p>\n<div class=\"wpforms-container\" id=\"wpforms-7011\"><form id=\"wpforms-form-7011\" class=\"wpforms-validate wpforms-form wpforms-ajax-form\" data-formid=\"7011\" method=\"post\" enctype=\"multipart\/form-data\" action=\"\/en\/wp-json\/wp\/v2\/pages\/6169\" data-token=\"cc5394ae4b0c7ce03601875063cee7c5\" data-token-time=\"1776656890\" data-trp-original-action=\"\/en\/wp-json\/wp\/v2\/pages\/6169\"><noscript class=\"wpforms-error-noscript\">Please enable JavaScript in your browser to complete this form.<\/noscript><div class=\"wpforms-field-container\"><div id=\"wpforms-7011-field_0-container\" class=\"wpforms-field wpforms-field-name\" data-field-id=\"0\"><label class=\"wpforms-field-label wpforms-label-hide\" for=\"wpforms-7011-field_0\">Name: <span class=\"wpforms-required-label\">*<\/span><\/label><div class=\"wpforms-field-row wpforms-field-large\"><div class=\"wpforms-field-row-block wpforms-first wpforms-one-half\"><input type=\"text\" id=\"wpforms-7011-field_0\" class=\"wpforms-field-name-first wpforms-field-required\" name=\"wpforms[fields][0][first]\" placeholder=\"First name*\" required><label for=\"wpforms-7011-field_0\" class=\"wpforms-field-sublabel after wpforms-sublabel-hide\">First<\/label><\/div><div class=\"wpforms-field-row-block wpforms-one-half\"><input type=\"text\" id=\"wpforms-7011-field_0-last\" class=\"wpforms-field-name-last wpforms-field-required\" name=\"wpforms[fields][0][last]\" placeholder=\"Last name*\" required><label for=\"wpforms-7011-field_0-last\" class=\"wpforms-field-sublabel after wpforms-sublabel-hide\">Last<\/label><\/div><\/div><\/div><div id=\"wpforms-7011-field_7-container\" class=\"wpforms-field wpforms-field-text\" data-field-id=\"7\"><label class=\"wpforms-field-label wpforms-label-hide\" for=\"wpforms-7011-field_7\">Yrityksen nimi:<\/label><input type=\"text\" id=\"wpforms-7011-field_7\" class=\"wpforms-field-large\" name=\"wpforms[fields][7]\" placeholder=\"Company name\" ><\/div><div id=\"wpforms-7011-field_1-container\" class=\"wpforms-field wpforms-field-email wpforms-one-half wpforms-first\" data-field-id=\"1\"><label class=\"wpforms-field-label wpforms-label-hide\" for=\"wpforms-7011-field_1\">Email address: <span class=\"wpforms-required-label\">*<\/span><\/label><input type=\"email\" id=\"wpforms-7011-field_1\" class=\"wpforms-field-large wpforms-field-required\" data-rule-restricted-email=\"1\" name=\"wpforms[fields][1]\" placeholder=\"Email address*\" spellcheck=\"false\" required><\/div><div id=\"wpforms-7011-field_6-container\" class=\"wpforms-field wpforms-field-text wpforms-one-half\" data-field-id=\"6\"><label class=\"wpforms-field-label wpforms-label-hide\" for=\"wpforms-7011-field_6\">Phone number:<\/label><input type=\"text\" id=\"wpforms-7011-field_6\" class=\"wpforms-field-large\" name=\"wpforms[fields][6]\" placeholder=\"Phone number\" ><\/div><div id=\"wpforms-7011-field_2-container\" class=\"wpforms-field wpforms-field-textarea\" data-field-id=\"2\"><label class=\"wpforms-field-label wpforms-label-hide\" for=\"wpforms-7011-field_2\">Message: <span class=\"wpforms-required-label\">*<\/span><\/label><textarea id=\"wpforms-7011-field_2\" class=\"wpforms-field-medium wpforms-field-required\" name=\"wpforms[fields][2]\" placeholder=\"Message*\" required><\/textarea><\/div><div id=\"wpforms-7011-field_4-container\" class=\"wpforms-field wpforms-field-checkbox\" data-field-id=\"4\"><label class=\"wpforms-field-label wpforms-label-hide\">Contact<\/label><ul id=\"wpforms-7011-field_4\"><li class=\"choice-1 depth-1\"><input type=\"checkbox\" id=\"wpforms-7011-field_4_1\" name=\"wpforms[fields][4][]\" value=\"Haluan ett\u00e4 minuun otetaan yhteytt\u00e4 puhelimitse (muuten s\u00e4hk\u00f6postitse).\"  ><label class=\"wpforms-field-label-inline\" for=\"wpforms-7011-field_4_1\">I would like to be contacted by phone (otherwise by email).<\/label><\/li><\/ul><\/div><div id=\"wpforms-7011-field_3-container\" class=\"wpforms-field wpforms-field-gdpr-checkbox\" data-field-id=\"3\"><label class=\"wpforms-field-label wpforms-label-hide\">Agreement <span class=\"wpforms-required-label\">*<\/span><\/label><ul id=\"wpforms-7011-field_3\" class=\"wpforms-field-required\"><li class=\"choice-1\"><input type=\"checkbox\" id=\"wpforms-7011-field_3_1\" name=\"wpforms[fields][3][]\" value=\"Hyv\u00e4ksyn sivuston k\u00e4ytt\u00f6ehtojen mukaisen henkil\u00f6tietojen tallentamisen ja k\u00e4yt\u00f6n.\" required><label class=\"wpforms-field-label-inline\" for=\"wpforms-7011-field_3_1\">I consent to having my personal data stored and processed in accordance with the terms and conditions of the website. <span class=\"wpforms-required-label\">*<\/span><\/label><\/li><\/ul><div class=\"wpforms-field-description\">We store the data for our own use. You can request the deletion of your data at any time. We do not share contact details with third parties. Read more about our <a target=\"_blank\" href=\"https:\/\/www.finnvacum.fi\/en\/terms-and-conditions\/\">terms and conditions<\/a> and <a  target=\"_blank\" href=\"https:\/\/www.finnvacum.fi\/en\/company\/privacy-statement\/\">Privacy Policy<\/a>.<\/div><\/div><\/div><!-- .wpforms-field-container --><div class=\"wpforms-submit-container\" ><input type=\"hidden\" name=\"wpforms[id]\" value=\"7011\"><input type=\"hidden\" name=\"page_title\" value=\"\"><input type=\"hidden\" name=\"page_url\" value=\"https:\/\/www.finnvacum.fi\/en\/wp-json\/wp\/v2\/pages\/6169\"><input type=\"hidden\" name=\"url_referer\" value=\"\"><button type=\"submit\" name=\"wpforms[submit]\" id=\"wpforms-submit-7011\" class=\"wpforms-submit\" data-alt-text=\"L\u00e4hetet\u00e4\u00e4n...\" data-submit-text=\"L\u00e4het\u00e4\" aria-live=\"assertive\" value=\"wpforms-submit\">Send<\/button><img loading=\"lazy\" decoding=\"async\" src=\"https:\/\/www.finnvacum.fi\/wp-content\/plugins\/wpforms-lite\/assets\/images\/submit-spin.svg\" class=\"wpforms-submit-spinner\" style=\"display: none;\" width=\"26\" height=\"26\" alt=\"Loading\"><\/div><input type=\"hidden\" name=\"trp-form-language\" value=\"en\"\/><\/form><\/div>  <!-- .wpforms-container -->\n<\/div>\n<\/div><\/div>\n<\/div><\/section>","protected":false},"excerpt":{"rendered":"","protected":false},"author":1,"featured_media":0,"parent":0,"menu_order":0,"comment_status":"closed","ping_status":"closed","template":"","meta":{"inline_featured_image":false,"neve_meta_sidebar":"full-width","neve_meta_container":"","neve_meta_enable_content_width":"on","neve_meta_content_width":100,"neve_meta_title_alignment":"","neve_meta_author_avatar":"","neve_post_elements_order":"","neve_meta_disable_header":"","neve_meta_disable_footer":"","neve_meta_disable_title":"","footnotes":""},"class_list":["post-6169","page","type-page","status-publish","hentry"],"yoast_head":"<!-- This site is optimized with the Yoast SEO plugin v25.1 - https:\/\/yoast.com\/wordpress\/plugins\/seo\/ -->\n<title>Muovipurkit (PP), sinetill\u00e4 - Finnvacum<\/title>\n<meta name=\"robots\" content=\"index, follow, max-snippet:-1, max-image-preview:large, max-video-preview:-1\" \/>\n<link rel=\"canonical\" href=\"https:\/\/www.finnvacum.fi\/en\/plastic-jars-pp-with-a-seal\/\" \/>\n<meta property=\"og:locale\" content=\"en_GB\" \/>\n<meta property=\"og:type\" content=\"article\" \/>\n<meta property=\"og:title\" content=\"Muovipurkit (PP), sinetill\u00e4 - Finnvacum\" \/>\n<meta property=\"og:url\" content=\"https:\/\/www.finnvacum.fi\/en\/plastic-jars-pp-with-a-seal\/\" \/>\n<meta property=\"og:site_name\" content=\"Finnvacum\" \/>\n<meta property=\"article:publisher\" content=\"https:\/\/www.facebook.com\/finnvacum\/\" \/>\n<meta property=\"article:modified_time\" content=\"2026-01-18T18:24:24+00:00\" \/>\n<meta property=\"og:image\" content=\"https:\/\/www.finnvacum.fi\/wp-content\/uploads\/2022\/03\/burkarnyare9.png\" \/>\n\t<meta property=\"og:image:width\" content=\"1200\" \/>\n\t<meta property=\"og:image:height\" content=\"667\" \/>\n\t<meta property=\"og:image:type\" content=\"image\/png\" \/>\n<meta name=\"twitter:card\" content=\"summary_large_image\" \/>\n<meta name=\"twitter:label1\" content=\"Estimated reading time\" \/>\n\t<meta name=\"twitter:data1\" content=\"1 minute\" \/>\n<script type=\"application\/ld+json\" class=\"yoast-schema-graph\">{\"@context\":\"https:\/\/schema.org\",\"@graph\":[{\"@type\":\"WebPage\",\"@id\":\"https:\/\/www.finnvacum.fi\/muovipurkit-pp-sinetilla\/\",\"url\":\"https:\/\/www.finnvacum.fi\/muovipurkit-pp-sinetilla\/\",\"name\":\"Muovipurkit (PP), sinetill\u00e4 - Finnvacum\",\"isPartOf\":{\"@id\":\"https:\/\/www.finnvacum.fi\/#website\"},\"primaryImageOfPage\":{\"@id\":\"https:\/\/www.finnvacum.fi\/muovipurkit-pp-sinetilla\/#primaryimage\"},\"image\":{\"@id\":\"https:\/\/www.finnvacum.fi\/muovipurkit-pp-sinetilla\/#primaryimage\"},\"thumbnailUrl\":\"https:\/\/www.finnvacum.fi\/wp-content\/uploads\/2022\/03\/burkarnyare9-1024x569.png\",\"datePublished\":\"2022-05-09T12:36:26+00:00\",\"dateModified\":\"2026-01-18T18:24:24+00:00\",\"breadcrumb\":{\"@id\":\"https:\/\/www.finnvacum.fi\/muovipurkit-pp-sinetilla\/#breadcrumb\"},\"inLanguage\":\"en-GB\",\"potentialAction\":[{\"@type\":\"ReadAction\",\"target\":[\"https:\/\/www.finnvacum.fi\/muovipurkit-pp-sinetilla\/\"]}]},{\"@type\":\"ImageObject\",\"inLanguage\":\"en-GB\",\"@id\":\"https:\/\/www.finnvacum.fi\/muovipurkit-pp-sinetilla\/#primaryimage\",\"url\":\"https:\/\/www.finnvacum.fi\/wp-content\/uploads\/2022\/03\/burkarnyare9-1024x569.png\",\"contentUrl\":\"https:\/\/www.finnvacum.fi\/wp-content\/uploads\/2022\/03\/burkarnyare9-1024x569.png\"},{\"@type\":\"BreadcrumbList\",\"@id\":\"https:\/\/www.finnvacum.fi\/muovipurkit-pp-sinetilla\/#breadcrumb\",\"itemListElement\":[{\"@type\":\"ListItem\",\"position\":1,\"name\":\"Etusivu\",\"item\":\"https:\/\/www.finnvacum.fi\/\"},{\"@type\":\"ListItem\",\"position\":2,\"name\":\"Muovipurkit (PP), sinetill\u00e4\"}]},{\"@type\":\"WebSite\",\"@id\":\"https:\/\/www.finnvacum.fi\/#website\",\"url\":\"https:\/\/www.finnvacum.fi\/\",\"name\":\"Finnvacum\",\"description\":\"Elintarviketeollisuuden koneet ja materiaalit\",\"publisher\":{\"@id\":\"https:\/\/www.finnvacum.fi\/#organization\"},\"potentialAction\":[{\"@type\":\"SearchAction\",\"target\":{\"@type\":\"EntryPoint\",\"urlTemplate\":\"https:\/\/www.finnvacum.fi\/?s={search_term_string}\"},\"query-input\":{\"@type\":\"PropertyValueSpecification\",\"valueRequired\":true,\"valueName\":\"search_term_string\"}}],\"inLanguage\":\"en-GB\"},{\"@type\":\"Organization\",\"@id\":\"https:\/\/www.finnvacum.fi\/#organization\",\"name\":\"Finnvacum Oy Ab\",\"url\":\"https:\/\/www.finnvacum.fi\/\",\"logo\":{\"@type\":\"ImageObject\",\"inLanguage\":\"en-GB\",\"@id\":\"https:\/\/www.finnvacum.fi\/#\/schema\/logo\/image\/\",\"url\":\"https:\/\/www.finnvacum.fi\/wp-content\/uploads\/2021\/05\/cropped-fv3to1.png\",\"contentUrl\":\"https:\/\/www.finnvacum.fi\/wp-content\/uploads\/2021\/05\/cropped-fv3to1.png\",\"width\":600,\"height\":150,\"caption\":\"Finnvacum Oy Ab\"},\"image\":{\"@id\":\"https:\/\/www.finnvacum.fi\/#\/schema\/logo\/image\/\"},\"sameAs\":[\"https:\/\/www.facebook.com\/finnvacum\/\",\"https:\/\/www.instagram.com\/finnvacum\/\",\"https:\/\/fi.linkedin.com\/company\/finnvacum-oy-ab\"]}]}<\/script>\n<!-- \/ Yoast SEO plugin. -->","yoast_head_json":{"title":"Muovipurkit (PP), sinetill\u00e4 - Finnvacum","robots":{"index":"index","follow":"follow","max-snippet":"max-snippet:-1","max-image-preview":"max-image-preview:large","max-video-preview":"max-video-preview:-1"},"canonical":"https:\/\/www.finnvacum.fi\/en\/plastic-jars-pp-with-a-seal\/","og_locale":"en_GB","og_type":"article","og_title":"Muovipurkit (PP), sinetill\u00e4 - Finnvacum","og_url":"https:\/\/www.finnvacum.fi\/en\/plastic-jars-pp-with-a-seal\/","og_site_name":"Finnvacum","article_publisher":"https:\/\/www.facebook.com\/finnvacum\/","article_modified_time":"2026-01-18T18:24:24+00:00","og_image":[{"width":1200,"height":667,"url":"https:\/\/www.finnvacum.fi\/wp-content\/uploads\/2022\/03\/burkarnyare9.png","type":"image\/png"}],"twitter_card":"summary_large_image","twitter_misc":{"Estimated reading time":"1 minute"},"schema":{"@context":"https:\/\/schema.org","@graph":[{"@type":"WebPage","@id":"https:\/\/www.finnvacum.fi\/muovipurkit-pp-sinetilla\/","url":"https:\/\/www.finnvacum.fi\/muovipurkit-pp-sinetilla\/","name":"Muovipurkit (PP), sinetill\u00e4 - Finnvacum","isPartOf":{"@id":"https:\/\/www.finnvacum.fi\/#website"},"primaryImageOfPage":{"@id":"https:\/\/www.finnvacum.fi\/muovipurkit-pp-sinetilla\/#primaryimage"},"image":{"@id":"https:\/\/www.finnvacum.fi\/muovipurkit-pp-sinetilla\/#primaryimage"},"thumbnailUrl":"https:\/\/www.finnvacum.fi\/wp-content\/uploads\/2022\/03\/burkarnyare9-1024x569.png","datePublished":"2022-05-09T12:36:26+00:00","dateModified":"2026-01-18T18:24:24+00:00","breadcrumb":{"@id":"https:\/\/www.finnvacum.fi\/muovipurkit-pp-sinetilla\/#breadcrumb"},"inLanguage":"en-GB","potentialAction":[{"@type":"ReadAction","target":["https:\/\/www.finnvacum.fi\/muovipurkit-pp-sinetilla\/"]}]},{"@type":"ImageObject","inLanguage":"en-GB","@id":"https:\/\/www.finnvacum.fi\/muovipurkit-pp-sinetilla\/#primaryimage","url":"https:\/\/www.finnvacum.fi\/wp-content\/uploads\/2022\/03\/burkarnyare9-1024x569.png","contentUrl":"https:\/\/www.finnvacum.fi\/wp-content\/uploads\/2022\/03\/burkarnyare9-1024x569.png"},{"@type":"BreadcrumbList","@id":"https:\/\/www.finnvacum.fi\/muovipurkit-pp-sinetilla\/#breadcrumb","itemListElement":[{"@type":"ListItem","position":1,"name":"Etusivu","item":"https:\/\/www.finnvacum.fi\/"},{"@type":"ListItem","position":2,"name":"Muovipurkit (PP), sinetill\u00e4"}]},{"@type":"WebSite","@id":"https:\/\/www.finnvacum.fi\/#website","url":"https:\/\/www.finnvacum.fi\/","name":"Finnvacum","description":"Elintarviketeollisuuden koneet ja materiaalit","publisher":{"@id":"https:\/\/www.finnvacum.fi\/#organization"},"potentialAction":[{"@type":"SearchAction","target":{"@type":"EntryPoint","urlTemplate":"https:\/\/www.finnvacum.fi\/?s={search_term_string}"},"query-input":{"@type":"PropertyValueSpecification","valueRequired":true,"valueName":"search_term_string"}}],"inLanguage":"en-GB"},{"@type":"Organization","@id":"https:\/\/www.finnvacum.fi\/#organization","name":"Finnvacum Oy Ab","url":"https:\/\/www.finnvacum.fi\/","logo":{"@type":"ImageObject","inLanguage":"en-GB","@id":"https:\/\/www.finnvacum.fi\/#\/schema\/logo\/image\/","url":"https:\/\/www.finnvacum.fi\/wp-content\/uploads\/2021\/05\/cropped-fv3to1.png","contentUrl":"https:\/\/www.finnvacum.fi\/wp-content\/uploads\/2021\/05\/cropped-fv3to1.png","width":600,"height":150,"caption":"Finnvacum Oy Ab"},"image":{"@id":"https:\/\/www.finnvacum.fi\/#\/schema\/logo\/image\/"},"sameAs":["https:\/\/www.facebook.com\/finnvacum\/","https:\/\/www.instagram.com\/finnvacum\/","https:\/\/fi.linkedin.com\/company\/finnvacum-oy-ab"]}]}},"uagb_featured_image_src":{"full":false,"thumbnail":false,"medium":false,"medium_large":false,"large":false,"1536x1536":false,"2048x2048":false,"trp-custom-language-flag":false,"neve-blog":false},"uagb_author_info":{"display_name":"Finnvacum","author_link":"https:\/\/www.finnvacum.fi\/en\/author\/finnvacum\/"},"uagb_comment_info":0,"uagb_excerpt":null,"_links":{"self":[{"href":"https:\/\/www.finnvacum.fi\/en\/wp-json\/wp\/v2\/pages\/6169","targetHints":{"allow":["GET"]}}],"collection":[{"href":"https:\/\/www.finnvacum.fi\/en\/wp-json\/wp\/v2\/pages"}],"about":[{"href":"https:\/\/www.finnvacum.fi\/en\/wp-json\/wp\/v2\/types\/page"}],"author":[{"embeddable":true,"href":"https:\/\/www.finnvacum.fi\/en\/wp-json\/wp\/v2\/users\/1"}],"replies":[{"embeddable":true,"href":"https:\/\/www.finnvacum.fi\/en\/wp-json\/wp\/v2\/comments?post=6169"}],"version-history":[{"count":24,"href":"https:\/\/www.finnvacum.fi\/en\/wp-json\/wp\/v2\/pages\/6169\/revisions"}],"predecessor-version":[{"id":7550,"href":"https:\/\/www.finnvacum.fi\/en\/wp-json\/wp\/v2\/pages\/6169\/revisions\/7550"}],"wp:attachment":[{"href":"https:\/\/www.finnvacum.fi\/en\/wp-json\/wp\/v2\/media?parent=6169"}],"curies":[{"name":"wp","href":"https:\/\/api.w.org\/{rel}","templated":true}]}}